{"id":1806,"date":"2026-04-09T02:40:51","date_gmt":"2026-04-09T02:40:51","guid":{"rendered":"http:\/\/172.20.20.20\/tdsvietnam\/?page_id=1806"},"modified":"2026-04-16T09:56:33","modified_gmt":"2026-04-16T09:56:33","slug":"giai-phap-luu-tru-du-lieu-lon-v-lake","status":"publish","type":"page","link":"https:\/\/tdstech.com.vn\/tdsvietnam\/giai-phap-luu-tru-du-lieu-lon-v-lake\/","title":{"rendered":"Gi\u1ea3i ph\u00e1p h\u1ea1 t\u1ea7ng CNTT"},"content":{"rendered":"\n<p class=\"has-text-align-center\"><strong>H\u1ea0 T\u1ea6NG CNTT TO\u00c0N DI\u1ec6N: &#8220;X\u01af\u01a0NG S\u1ed0NG&#8221; CHO S\u1ef0 B\u1ee8T PH\u00c1 C\u1ee6A DOANH NGHI\u1ec6P<\/strong><\/p>\n\n\n\n<p>Trong b\u1ed1i c\u1ea3nh chuy\u1ec3n \u0111\u1ed5i s\u1ed1 m\u1ea1nh m\u1ebd, h\u1ea1 t\u1ea7ng C\u00f4ng ngh\u1ec7 th\u00f4ng tin (CNTT) kh\u00f4ng ch\u1ec9 \u0111\u01a1n thu\u1ea7n l\u00e0 m\u00e1y t\u00ednh hay d\u00e2y c\u00e1p, m\u00e0 l\u00e0 n\u1ec1n t\u1ea3ng chi\u1ebfn l\u01b0\u1ee3c quy\u1ebft \u0111\u1ecbnh t\u1ed1c \u0111\u1ed9 v\u00e0 s\u1ef1 \u1ed5n \u0111\u1ecbnh c\u1ee7a m\u1ecdi ho\u1ea1t \u0111\u1ed9ng kinh doanh. M\u1ed9t h\u1ec7 th\u1ed1ng ph\u1ea7n c\u1ee9ng m\u1ea1nh m\u1ebd k\u1ebft h\u1ee3p c\u00f9ng m\u1ea1ng l\u01b0\u1edbi Network b\u1ea3o m\u1eadt ch\u00ednh l\u00e0 ch\u00eca kh\u00f3a \u0111\u1ec3 doanh nghi\u1ec7p v\u1eadn h\u00e0nh kh\u00f4ng gi\u00e1n \u0111o\u1ea1n.<\/p>\n\n\n\n<ol class=\"wp-block-list\">\n<li>Gi\u1ea3i ph\u00e1p H\u1ea1 t\u1ea7ng Ph\u1ea7n c\u1ee9ng: &#8220;C\u01a1 b\u1eafp&#8221; x\u1eed l\u00fd d\u1eef li\u1ec7u<br>Ch\u00fang t\u00f4i cung c\u1ea5p h\u1ec7 th\u1ed1ng ph\u1ea7n c\u1ee9ng \u0111\u01b0\u1ee3c thi\u1ebft k\u1ebf ri\u00eang bi\u1ec7t, \u0111\u1ea3m b\u1ea3o kh\u1ea3 n\u0103ng x\u1eed l\u00fd kh\u1ed1i l\u01b0\u1ee3ng c\u00f4ng vi\u1ec7c l\u1edbn v\u00e0 s\u1eb5n s\u00e0ng m\u1edf r\u1ed9ng trong t\u01b0\u01a1ng lai:<br>\u2981 H\u1ec7 th\u1ed1ng M\u00e1y ch\u1ee7 (Servers): Tri\u1ec3n khai c\u00e1c d\u00f2ng Server hi\u1ec7u n\u0103ng cao (Rack-mount) t\u1eeb c\u00e1c th\u01b0\u01a1ng hi\u1ec7u h\u00e0ng \u0111\u1ea7u, \u0111\u00e1p \u1ee9ng nhu c\u1ea7u ch\u1ea1y ph\u1ea7n m\u1ec1m k\u1ebf to\u00e1n, ERP, OCR hay m\u00e1y ch\u1ee7 web.<br>\u2981 Gi\u1ea3i ph\u00e1p L\u01b0u tr\u1eef t\u1eadp trung (Storage\/SAN): X\u00e2y d\u1ef1ng kho d\u1eef li\u1ec7u d\u00f9ng chung v\u1edbi c\u00f4ng ngh\u1ec7 l\u01b0u tr\u1eef an to\u00e0n, cho ph\u00e9p truy xu\u1ea5t t\u1ed1c \u0111\u1ed9 cao v\u00e0 b\u1ea3o v\u1ec7 d\u1eef li\u1ec7u tr\u01b0\u1edbc r\u1ee7i ro h\u1ecfng h\u00f3c \u1ed5 c\u1ee9ng.<br>\u2981 H\u1ec7 th\u1ed1ng ngu\u1ed3n d\u1ef1 ph\u00f2ng (UPS): \u0110\u1ea3m b\u1ea3o thi\u1ebft b\u1ecb lu\u00f4n ho\u1ea1t \u0111\u1ed9ng ngay c\u1ea3 khi c\u00f3 s\u1ef1 c\u1ed1 \u0111i\u1ec7n, b\u1ea3o v\u1ec7 ph\u1ea7n c\u1ee9ng kh\u1ecfi t\u00ecnh tr\u1ea1ng s\u1ed1c \u0111i\u1ec7n g\u00e2y h\u01b0 h\u1ecfng.<\/li>\n<\/ol>\n\n\n\n<figure class=\"wp-block-image size-full has-custom-border\"><img fetchpriority=\"high\" decoding=\"async\" width=\"1408\" height=\"768\" src=\"http:\/\/tdstech.com.vn\/tdsvietnam\/wp-content\/uploads\/2026\/04\/2.png\" alt=\"\" class=\"wp-image-2319\" style=\"border-top-left-radius:10px;border-top-right-radius:10px;border-bottom-left-radius:10px;border-bottom-right-radius:10px\"\/><\/figure>\n\n\n\n<div style=\"height:11px\" aria-hidden=\"true\" class=\"wp-block-spacer\"><\/div>\n\n\n\n<ol start=\"2\" class=\"wp-block-list\">\n<li>Gi\u1ea3i ph\u00e1p Network &amp; B\u1ea3o m\u1eadt: &#8220;H\u1ec7 th\u1ea7n kinh&#8221; th\u00f4ng su\u1ed1t<br>H\u1ec7 th\u1ed1ng m\u1ea1ng \u0111\u01b0\u1ee3c x\u00e2y d\u1ef1ng theo m\u00f4 h\u00ecnh ph\u00e2n c\u1ea5p ti\u00eau chu\u1ea9n, \u0111\u1ea3m b\u1ea3o t\u1ed1c \u0111\u1ed9 cao v\u00e0 an ninh tuy\u1ec7t \u0111\u1ed1i:<br>\u2981 B\u1ed9 chuy\u1ec3n m\u1ea1ch (Switching): S\u1eed d\u1ee5ng c\u00e1c d\u00f2ng Switch Core v\u00e0 Switch Access qu\u1ea3n l\u00fd t\u1eadp trung, gi\u00fap ph\u00e2n t\u00e1ch c\u00e1c lu\u1ed3ng d\u1eef li\u1ec7u (VLAN) khoa h\u1ecdc, t\u1ed1i \u01b0u b\u0103ng th\u00f4ng n\u1ed9i b\u1ed9 l\u00ean \u0111\u1ebfn 10Gbps.<br>\u2981 L\u1edbp b\u1ea3o m\u1eadt (Firewall &amp; IPS): Thi\u1ebft l\u1eadp &#8220;l\u00e1 ch\u1eafn&#8221; t\u01b0\u1eddng l\u1eeda th\u1ebf h\u1ec7 m\u1edbi (Next-Gen Firewall) t\u1ea1i c\u1eeda ng\u00f5, ng\u0103n ch\u1eb7n 99% c\u00e1c cu\u1ed9c t\u1ea5n c\u00f4ng m\u1ea1ng, virus v\u00e0 m\u00e3 \u0111\u1ed9c x\u00e2m nh\u1eadp t\u1eeb b\u00ean ngo\u00e0i.<br>\u2981 K\u1ebft n\u1ed1i kh\u00f4ng d\u00e2y (Wifi Marketing\/Enterprise): Ph\u1ee7 s\u00f3ng Wifi \u1ed5n \u0111\u1ecbnh, ch\u1ecbu t\u1ea3i l\u1edbn cho v\u0103n ph\u00f2ng, h\u1ed7 tr\u1ee3 qu\u1ea3n l\u00fd truy c\u1eadp v\u00e0 t\u0103ng tr\u1ea3i nghi\u1ec7m ng\u01b0\u1eddi d\u00f9ng.<\/li>\n<\/ol>\n\n\n\n<figure class=\"wp-block-image size-full has-custom-border\"><img decoding=\"async\" width=\"1408\" height=\"768\" src=\"http:\/\/tdstech.com.vn\/tdsvietnam\/wp-content\/uploads\/2026\/04\/1.png\" alt=\"\" class=\"wp-image-2323\" style=\"border-top-left-radius:10px;border-top-right-radius:10px;border-bottom-left-radius:10px;border-bottom-right-radius:10px\"\/><\/figure>\n\n\n\n<div style=\"height:16px\" aria-hidden=\"true\" class=\"wp-block-spacer\"><\/div>\n\n\n\n<ol start=\"3\" class=\"wp-block-list\">\n<li>T\u1ea1i sao doanh nghi\u1ec7p c\u1ea7n m\u1ed9t gi\u1ea3i ph\u00e1p t\u1ed5ng th\u1ec3?<\/li>\n<\/ol>\n\n\n\n<table>\n<tr>\n<th style=\"text-align: center\">\nTh\u00e0nh ph\u1ea7n\n<\/th>\n<th style=\"text-align: center\">\nL\u1ee3i \u00edch c\u1ed1t l\u00f5i\n<\/th>\n<\/tr>\n\n<tr>\n<td>\nPh\u1ea7n c\u1ee9ng chu\u1ea9n h\u00f3a\n<\/td>\n<td>\nT\u0103ng tu\u1ed5i th\u1ecd thi\u1ebft b\u1ecb, gi\u1ea3m chi ph\u00ed b\u1ea3o tr\u00ec \u0111\u1ecbnh k\u1ef3.\n<\/td>\n<\/tr>\n\n<tr>\n<td>\nM\u1ea1ng t\u1ed1c \u0111\u1ed9 cao\n<\/td>\n<td>\nLo\u1ea1i b\u1ecf t\u00ecnh tr\u1ea1ng gi\u1eadt lag khi truy c\u1eadp ph\u1ea7n m\u1ec1m n\u1ed9i b\u1ed9.\n<\/td>\n<\/tr>\n\n<tr>\n<td>\nB\u1ea3o m\u1eadt \u0111a t\u1ea7ng\n<\/td>\n<td>\nB\u1ea3o v\u1ec7 b\u00ed m\u1eadt kinh doanh v\u00e0 d\u1eef li\u1ec7u kh\u00e1ch h\u00e0ng tuy\u1ec7t \u0111\u1ed1i.\n<\/td>\n<\/tr>\n\n<tr>\n<td>\nQu\u1ea3n tr\u1ecb t\u1eadp trung\n<\/td>\n<td>\nD\u1ec5 d\u00e0ng gi\u00e1m s\u00e1t, ph\u00e1t hi\u1ec7n v\u00e0 x\u1eed l\u00fd s\u1ef1 c\u1ed1 t\u1eeb xa.\n<\/td>\n<\/tr>\n<\/table>\n\n\n<style>\ntr,th,td{\nborder: 1px solid black;\n}\n\ntable tr td:first-child {\n    font-weight: bold;\n}\n<\/style>\n\n\n\n<div style=\"height:17px\" aria-hidden=\"true\" class=\"wp-block-spacer\"><\/div>\n\n\n\n<figure class=\"wp-block-image size-full has-custom-border\"><img decoding=\"async\" width=\"1408\" height=\"768\" src=\"http:\/\/tdstech.com.vn\/tdsvietnam\/wp-content\/uploads\/2026\/04\/3.png\" alt=\"\" class=\"wp-image-2350\" style=\"border-top-left-radius:10px;border-top-right-radius:10px;border-bottom-left-radius:10px;border-bottom-right-radius:10px\"\/><\/figure>\n\n\n\n<div style=\"height:12px\" aria-hidden=\"true\" class=\"wp-block-spacer\"><\/div>\n\n\n\n<ol start=\"4\" class=\"wp-block-list\">\n<li>Quy tr\u00ecnh tri\u1ec3n khai chuy\u00ean nghi\u1ec7p c\u1ee7a ch\u00fang t\u00f4i<br>Ch\u00fang t\u00f4i \u0111\u1ed3ng h\u00e0nh c\u00f9ng doanh nghi\u1ec7p qua 4 giai \u0111o\u1ea1n chu\u1ea9n h\u00f3a:<br>\u2981 Kh\u1ea3o s\u00e1t &amp; T\u01b0 v\u1ea5n: \u0110\u00e1nh gi\u00e1 th\u1ef1c tr\u1ea1ng v\u00e0 \u0111\u01b0a ra gi\u1ea3i ph\u00e1p t\u1ed1i \u01b0u theo ng\u00e2n s\u00e1ch.<br>\u2981 Thi\u1ebft k\u1ebf ki\u1ebfn tr\u00fac: V\u1ebd s\u01a1 \u0111\u1ed3 chi ti\u1ebft h\u1ec7 th\u1ed1ng m\u00e1y ch\u1ee7 v\u00e0 s\u01a1 \u0111\u1ed3 m\u1ea1ng b\u1ea3o m\u1eadt.<br>\u2981 Thi c\u00f4ng &amp; C\u1ea5u h\u00ecnh: L\u1eafp \u0111\u1eb7t thi\u1ebft b\u1ecb t\u1ea1i t\u1ee7 Rack, \u0111i d\u00e2y nh\u00e3n chu\u1ea9n v\u00e0 c\u1ea5u h\u00ecnh ph\u1ea7n m\u1ec1m qu\u1ea3n tr\u1ecb.<br>\u2981 B\u00e0n giao &amp; H\u1ed7 tr\u1ee3: H\u01b0\u1edbng d\u1eabn v\u1eadn h\u00e0nh, chuy\u1ec3n giao t\u00e0i li\u1ec7u v\u00e0 b\u1ea3o h\u00e0nh 24\/7.<br>L\u1eddi k\u1ebft: M\u1ed9t h\u1ea1 t\u1ea7ng CNTT v\u1eefng ch\u1eafc l\u00e0 kho\u1ea3n \u0111\u1ea7u t\u01b0 th\u00f4ng minh nh\u1ea5t \u0111\u1ec3 doanh nghi\u1ec7p t\u1eadp trung v\u00e0o m\u1ee5c ti\u00eau kinh doanh m\u00e0 kh\u00f4ng ph\u1ea3i lo l\u1eafng v\u1ec1 s\u1ef1 c\u1ed1 k\u1ef9 thu\u1eadt.<br>\ud83d\udc49 Doanh nghi\u1ec7p c\u1ee7a b\u1ea1n \u0111\u00e3 s\u1eb5n s\u00e0ng cho n\u1ec1n t\u1ea3ng s\u1ed1 ch\u01b0a? Li\u00ean h\u1ec7 ngay v\u1edbi ch\u00fang t\u00f4i \u0111\u1ec3 \u0111\u01b0\u1ee3c kh\u1ea3o s\u00e1t v\u00e0 t\u01b0 v\u1ea5n gi\u1ea3i ph\u00e1p h\u1ea1 t\u1ea7ng t\u1ed1i \u01b0u nh\u1ea5t!<\/li>\n<\/ol>\n","protected":false},"excerpt":{"rendered":"<p>H\u1ea0 T\u1ea6NG CNTT TO\u00c0N DI\u1ec6N: &#8220;X\u01af\u01a0NG S\u1ed0NG&#8221; CHO S\u1ef0 B\u1ee8T PH\u00c1 C\u1ee6A DOANH NGHI\u1ec6P Trong b\u1ed1i c\u1ea3nh chuy\u1ec3n \u0111\u1ed5i s\u1ed1 m\u1ea1nh m\u1ebd, h\u1ea1 t\u1ea7ng C\u00f4ng ngh\u1ec7 th\u00f4ng tin (CNTT) kh\u00f4ng ch\u1ec9 \u0111\u01a1n thu\u1ea7n l\u00e0 m\u00e1y t\u00ednh hay d\u00e2y c\u00e1p, m\u00e0 l\u00e0 n\u1ec1n t\u1ea3ng chi\u1ebfn l\u01b0\u1ee3c quy\u1ebft \u0111\u1ecbnh t\u1ed1c \u0111\u1ed9 v\u00e0 [&hellip;]<\/p>\n","protected":false},"author":1,"featured_media":2319,"parent":0,"menu_order":0,"comment_status":"closed","ping_status":"closed","template":"","meta":{"_themeisle_gutenberg_block_has_review":false,"footnotes":""},"class_list":["post-1806","page","type-page","status-publish","has-post-thumbnail","hentry"],"rttpg_featured_image_url":{"full":["https:\/\/tdstech.com.vn\/tdsvietnam\/wp-content\/uploads\/2026\/04\/2.png",1408,768,false],"landscape":["https:\/\/tdstech.com.vn\/tdsvietnam\/wp-content\/uploads\/2026\/04\/2.png",1408,768,false],"portraits":["https:\/\/tdstech.com.vn\/tdsvietnam\/wp-content\/uploads\/2026\/04\/2.png",1408,768,false],"thumbnail":["https:\/\/tdstech.com.vn\/tdsvietnam\/wp-content\/uploads\/2026\/04\/2.png",550,300,false],"medium":["https:\/\/tdstech.com.vn\/tdsvietnam\/wp-content\/uploads\/2026\/04\/2.png",1408,768,false],"large":["https:\/\/tdstech.com.vn\/tdsvietnam\/wp-content\/uploads\/2026\/04\/2.png",750,409,false],"1536x1536":["https:\/\/tdstech.com.vn\/tdsvietnam\/wp-content\/uploads\/2026\/04\/2.png",1408,768,false],"2048x2048":["https:\/\/tdstech.com.vn\/tdsvietnam\/wp-content\/uploads\/2026\/04\/2.png",1408,768,false],"hestia-blog":["https:\/\/tdstech.com.vn\/tdsvietnam\/wp-content\/uploads\/2026\/04\/2.png",360,196,false]},"rttpg_author":{"display_name":"tdsvietnam","author_link":"https:\/\/tdstech.com.vn\/tdsvietnam\/author\/tdsvietnam\/"},"rttpg_comment":0,"rttpg_category":null,"rttpg_excerpt":"H\u1ea0 T\u1ea6NG CNTT TO\u00c0N DI\u1ec6N: &#8220;X\u01af\u01a0NG S\u1ed0NG&#8221; CHO S\u1ef0 B\u1ee8T PH\u00c1 C\u1ee6A DOANH NGHI\u1ec6P Trong b\u1ed1i c\u1ea3nh chuy\u1ec3n \u0111\u1ed5i s\u1ed1 m\u1ea1nh m\u1ebd, h\u1ea1 t\u1ea7ng C\u00f4ng ngh\u1ec7 th\u00f4ng tin (CNTT) kh\u00f4ng ch\u1ec9 \u0111\u01a1n thu\u1ea7n l\u00e0 m\u00e1y t\u00ednh hay d\u00e2y c\u00e1p, m\u00e0 l\u00e0 n\u1ec1n t\u1ea3ng chi\u1ebfn l\u01b0\u1ee3c quy\u1ebft \u0111\u1ecbnh t\u1ed1c \u0111\u1ed9 v\u00e0 [&hellip;]","_links":{"self":[{"href":"https:\/\/tdstech.com.vn\/tdsvietnam\/wp-json\/wp\/v2\/pages\/1806","targetHints":{"allow":["GET"]}}],"collection":[{"href":"https:\/\/tdstech.com.vn\/tdsvietnam\/wp-json\/wp\/v2\/pages"}],"about":[{"href":"https:\/\/tdstech.com.vn\/tdsvietnam\/wp-json\/wp\/v2\/types\/page"}],"author":[{"embeddable":true,"href":"https:\/\/tdstech.com.vn\/tdsvietnam\/wp-json\/wp\/v2\/users\/1"}],"replies":[{"embeddable":true,"href":"https:\/\/tdstech.com.vn\/tdsvietnam\/wp-json\/wp\/v2\/comments?post=1806"}],"version-history":[{"count":25,"href":"https:\/\/tdstech.com.vn\/tdsvietnam\/wp-json\/wp\/v2\/pages\/1806\/revisions"}],"predecessor-version":[{"id":2699,"href":"https:\/\/tdstech.com.vn\/tdsvietnam\/wp-json\/wp\/v2\/pages\/1806\/revisions\/2699"}],"wp:featuredmedia":[{"embeddable":true,"href":"https:\/\/tdstech.com.vn\/tdsvietnam\/wp-json\/wp\/v2\/media\/2319"}],"wp:attachment":[{"href":"https:\/\/tdstech.com.vn\/tdsvietnam\/wp-json\/wp\/v2\/media?parent=1806"}],"curies":[{"name":"wp","href":"https:\/\/api.w.org\/{rel}","templated":true}]}}