{"id":1798,"date":"2026-04-09T02:39:32","date_gmt":"2026-04-09T02:39:32","guid":{"rendered":"http:\/\/172.20.20.20\/tdsvietnam\/?page_id=1798"},"modified":"2026-04-16T10:03:45","modified_gmt":"2026-04-16T10:03:45","slug":"giai-phap-nhan-dang-ocr","status":"publish","type":"page","link":"https:\/\/tdstech.com.vn\/tdsvietnam\/giai-phap-nhan-dang-ocr\/","title":{"rendered":"Scan t\u00e0i li\u1ec7u"},"content":{"rendered":"\n<p class=\"has-text-align-center\"><strong>GI\u1ea2I PH\u00c1P SCAN T\u00c0I LI\u1ec6U CHUY\u00caN NGHI\u1ec6P: &#8220;C\u1ea6U N\u1ed0I&#8221; CHUY\u1ec2N \u0110\u1ed4I T\u1eea GI\u1ea4Y SANG S\u1ed0<\/strong><\/p>\n\n\n\n<p>Trong l\u1ed9 tr\u00ecnh chuy\u1ec3n \u0111\u1ed5i s\u1ed1, Scan (s\u1ed1 h\u00f3a) t\u00e0i li\u1ec7u l\u00e0 b\u01b0\u1edbc kh\u1edfi \u0111\u1ea7u quan tr\u1ecdng nh\u1ea5t. N\u1ebfu kh\u00f4ng c\u00f3 nh\u1eefng b\u1ea3n qu\u00e9t ch\u1ea5t l\u01b0\u1ee3ng cao, c\u00e1c c\u00f4ng ngh\u1ec7 hi\u1ec7n \u0111\u1ea1i nh\u01b0 AI hay OCR s\u1ebd kh\u00f4ng th\u1ec3 ph\u00e1t huy t\u00e1c d\u1ee5ng. D\u1ecbch v\u1ee5 scan t\u00e0i li\u1ec7u chuy\u00ean nghi\u1ec7p c\u1ee7a ch\u00fang t\u00f4i gi\u00fap b\u1ea1n gi\u1ea3i ph\u00f3ng kh\u00f4ng gian v\u0103n ph\u00f2ng v\u00e0 \u0111\u01b0a to\u00e0n b\u1ed9 kho h\u1ed3 s\u01a1 l\u00ean &#8220;m\u00f4i tr\u01b0\u1eddng s\u1ed1&#8221; m\u1ed9t c\u00e1ch nhanh ch\u00f3ng, b\u1ea3o m\u1eadt.<\/p>\n\n\n\n<ol class=\"wp-block-list\">\n<li>T\u1ea1i sao kh\u00f4ng n\u00ean ch\u1ec9 d\u00f9ng m\u00e1y photocopy \u0111\u1ec3 scan?<br>Nhi\u1ec1u doanh nghi\u1ec7p v\u1eabn \u0111ang t\u1eadn d\u1ee5ng m\u00e1y photocopy c\u00f3 s\u1eb5n, nh\u01b0ng v\u1edbi kh\u1ed1i l\u01b0\u1ee3ng h\u1ed3 s\u01a1 l\u1edbn, ph\u01b0\u01a1ng ph\u00e1p n\u00e0y b\u1ed9c l\u1ed9 nhi\u1ec1u h\u1ea1n ch\u1ebf. Gi\u1ea3i ph\u00e1p scan chuy\u00ean nghi\u1ec7p c\u1ee7a ch\u00fang t\u00f4i mang l\u1ea1i:<br>\u2981 T\u1ed1c \u0111\u1ed9 &#8220;th\u1ea7n t\u1ed1c&#8221;: M\u00e1y scan chuy\u00ean d\u1ee5ng c\u00f3 kh\u1ea3 n\u0103ng qu\u00e9t h\u00e0ng tr\u0103m trang m\u1ed7i ph\u00fat, qu\u00e9t 2 m\u1eb7t t\u1ef1 \u0111\u1ed9ng (Duplex) v\u00e0 b\u1ecf qua trang tr\u1eafng.<br>\u2981 Ch\u1ea5t l\u01b0\u1ee3ng h\u00ecnh \u1ea3nh v\u01b0\u1ee3t tr\u1ed9i: T\u1ef1 \u0111\u1ed9ng l\u00e0m r\u00f5 ch\u1eef, kh\u1eed nhi\u1ec5u, ch\u1ec9nh nghi\u00eang v\u00e0 lo\u1ea1i b\u1ecf c\u00e1c v\u1ebft b\u1ea9n, n\u1ebfp g\u1ea5p tr\u00ean t\u00e0i li\u1ec7u c\u0169.<br>\u2981 X\u1eed l\u00fd \u0111a d\u1ea1ng lo\u1ea1i t\u00e0i li\u1ec7u: T\u1eeb h\u00f3a \u0111\u01a1n m\u1ecfng manh, \u1ea3nh c\u0169, th\u1ebb nh\u1ef1a c\u1ee9ng cho \u0111\u1ebfn c\u00e1c t\u1eadp h\u1ed3 s\u01a1 \u0111\u00f3ng t\u1eadp d\u00e0y m\u00e0 kh\u00f4ng c\u1ea7n th\u00e1o ghim (v\u1edbi m\u00e1y scan robot).<\/li>\n<\/ol>\n\n\n\n<figure class=\"wp-block-image size-full has-custom-border\"><img fetchpriority=\"high\" decoding=\"async\" width=\"1408\" height=\"768\" src=\"http:\/\/tdstech.com.vn\/tdsvietnam\/wp-content\/uploads\/2026\/04\/1-3.png\" alt=\"\" class=\"wp-image-2396\" style=\"border-top-left-radius:10px;border-top-right-radius:10px;border-bottom-left-radius:10px;border-bottom-right-radius:10px\"\/><\/figure>\n\n\n\n<div style=\"height:10px\" aria-hidden=\"true\" class=\"wp-block-spacer\"><\/div>\n\n\n\n<ol start=\"2\" class=\"wp-block-list\">\n<li>Quy tr\u00ecnh s\u1ed1 h\u00f3a t\u00e0i li\u1ec7u chu\u1ea9n qu\u1ed1c t\u1ebf<br>Ch\u00fang t\u00f4i \u00e1p d\u1ee5ng quy tr\u00ecnh 5 b\u01b0\u1edbc nghi\u00eam ng\u1eb7t \u0111\u1ec3 \u0111\u1ea3m b\u1ea3o an to\u00e0n v\u00e0 t\u00ednh v\u1eb9n to\u00e0n c\u1ee7a d\u1eef li\u1ec7u:<br>\u2981 Ti\u1ebfp nh\u1eadn &amp; Chu\u1ea9n b\u1ecb: Ph\u00e2n lo\u1ea1i h\u1ed3 s\u01a1, g\u1ee1 ghim k\u1eb9p, l\u00e0m ph\u1eb3ng t\u00e0i li\u1ec7u \u0111\u1ec3 \u0111\u1ea3m b\u1ea3o kh\u00f4ng b\u1ecb k\u1eb9t gi\u1ea5y.<br>\u2981 Qu\u00e9t t\u00e0i li\u1ec7u (Scanning): S\u1eed d\u1ee5ng thi\u1ebft b\u1ecb scan chuy\u00ean d\u1ee5ng v\u1edbi \u0111\u1ed9 ph\u00e2n gi\u1ea3i t\u1ed1i \u01b0u (th\u01b0\u1eddng l\u00e0 300-600 DPI) \u0111\u1ec3 c\u00e2n b\u1eb1ng gi\u1eefa ch\u1ea5t l\u01b0\u1ee3ng v\u00e0 dung l\u01b0\u1ee3ng file.<br>\u2981 Ki\u1ec3m tra ch\u1ea5t l\u01b0\u1ee3ng (QC): R\u00e0 so\u00e1t t\u1eebng trang qu\u00e9t, \u0111\u1ea3m b\u1ea3o kh\u00f4ng m\u1ea5t g\u00f3c, kh\u00f4ng m\u1edd v\u00e0 \u0111\u1ea7y \u0111\u1ee7 n\u1ed9i dung so v\u1edbi b\u1ea3n g\u1ed1c.<br>\u2981 Nh\u1eadn d\u1ea1ng &amp; \u0110\u1eb7t t\u00ean: K\u1ebft h\u1ee3p c\u00f4ng ngh\u1ec7 OCR \u0111\u1ec3 \u0111\u1eb7t t\u00ean file t\u1ef1 \u0111\u1ed9ng theo m\u00e3 h\u1ed3 s\u01a1, ng\u00e0y th\u00e1ng ho\u1eb7c b\u00f3c t\u00e1ch d\u1eef li\u1ec7u v\u00e0o h\u1ec7 th\u1ed1ng qu\u1ea3n l\u00fd.<br>\u2981 Ho\u00e0n tr\u1ea3 &amp; L\u01b0u tr\u1eef: \u0110\u00f3ng t\u1eadp l\u1ea1i h\u1ed3 s\u01a1 g\u1ed1c nh\u01b0 tr\u1ea1ng th\u00e1i ban \u0111\u1ea7u v\u00e0 b\u00e0n giao d\u1eef li\u1ec7u s\u1ed1 h\u00f3a theo \u0111\u1ecbnh d\u1ea1ng y\u00eau c\u1ea7u (PDF\/A, Searchable PDF, TIFF\u2026).<\/li>\n<\/ol>\n\n\n\n<figure class=\"wp-block-image size-full has-custom-border\"><img decoding=\"async\" width=\"1408\" height=\"768\" src=\"http:\/\/tdstech.com.vn\/tdsvietnam\/wp-content\/uploads\/2026\/04\/5-1.png\" alt=\"\" class=\"wp-image-2397\" style=\"border-top-left-radius:10px;border-top-right-radius:10px;border-bottom-left-radius:10px;border-bottom-right-radius:10px\"\/><\/figure>\n\n\n\n<div style=\"height:10px\" aria-hidden=\"true\" class=\"wp-block-spacer\"><\/div>\n\n\n\n<ol start=\"3\" class=\"wp-block-list\">\n<li>L\u1ee3i \u00edch \u0111\u1ed9t ph\u00e1 cho t\u1ed5 ch\u1ee9c<br>\u2981 T\u00ecm ki\u1ebfm trong 3 gi\u00e2y: Thay v\u00ec ph\u1ea3i l\u1ed9i ng\u01b0\u1ee3c d\u00f2ng trong kho l\u01b0u tr\u1eef, b\u1ea1n ch\u1ec9 c\u1ea7n g\u00f5 t\u1eeb kh\u00f3a \u0111\u1ec3 truy c\u1eadp h\u1ed3 s\u01a1 ngay tr\u00ean m\u00e1y t\u00ednh.<br>\u2981 B\u1ea3o m\u1eadt &amp; Ph\u00e2n quy\u1ec1n: T\u00e0i li\u1ec7u s\u1ed1 \u0111\u01b0\u1ee3c m\u00e3 h\u00f3a v\u00e0 ch\u1ec9 nh\u1eefng nh\u00e2n s\u1ef1 c\u00f3 th\u1ea9m quy\u1ec1n m\u1edbi c\u00f3 th\u1ec3 truy c\u1eadp, tr\u00e1nh r\u1ee7i ro m\u1ea5t m\u00e1t h\u1ed3 s\u01a1 g\u1ed1c.<br>\u2981 Ti\u1ebft ki\u1ec7m 90% kh\u00f4ng gian: Nh\u1eefng t\u1ee7 h\u1ed3 s\u01a1 c\u1ed3ng k\u1ec1nh s\u1ebd \u0111\u01b0\u1ee3c thay th\u1ebf b\u1eb1ng m\u1ed9t th\u01b0 m\u1ee5c nh\u1ecf g\u1ecdn trong h\u1ec7 th\u1ed1ng l\u01b0u tr\u1eef n\u1ed9i b\u1ed9.<br>\u2981 H\u1ee3p t\u00e1c l\u00e0m vi\u1ec7c t\u1eeb xa: Nhi\u1ec1u ph\u00f2ng ban c\u00f3 th\u1ec3 c\u00f9ng truy c\u1eadp v\u00e0 x\u1eed l\u00fd m\u1ed9t b\u1ed9 h\u1ed3 s\u01a1 \u0111\u1ed3ng th\u1eddi m\u00e0 kh\u00f4ng c\u1ea7n lu\u00e2n chuy\u1ec3n gi\u1ea5y t\u1edd v\u1eadt l\u00fd.<\/li>\n<\/ol>\n\n\n\n<figure class=\"wp-block-image size-full has-custom-border\"><img decoding=\"async\" width=\"1408\" height=\"768\" src=\"http:\/\/tdstech.com.vn\/tdsvietnam\/wp-content\/uploads\/2026\/04\/3-6.png\" alt=\"\" class=\"wp-image-2399\" style=\"border-top-left-radius:10px;border-top-right-radius:10px;border-bottom-left-radius:10px;border-bottom-right-radius:10px\"\/><\/figure>\n\n\n\n<div style=\"height:14px\" aria-hidden=\"true\" class=\"wp-block-spacer\"><\/div>\n\n\n\n<ol start=\"4\" class=\"wp-block-list\">\n<li>C\u00e1c g\u00f3i d\u1ecbch v\u1ee5 linh ho\u1ea1t<br>\u2981 Scan t\u1ea1i ch\u1ed7 (On-site): Ch\u00fang t\u00f4i mang m\u00e1y m\u00f3c v\u00e0 nh\u00e2n s\u1ef1 \u0111\u1ebfn t\u1eadn v\u0103n ph\u00f2ng kh\u00e1ch h\u00e0ng \u0111\u1ec3 \u0111\u1ea3m b\u1ea3o t\u00e0i li\u1ec7u kh\u00f4ng r\u1eddi kh\u1ecfi c\u01a1 quan.<br>\u2981 Scan t\u1eadp trung (Off-site): T\u00e0i li\u1ec7u \u0111\u01b0\u1ee3c v\u1eadn chuy\u1ec3n v\u1ec1 trung t\u00e2m s\u1ed1 h\u00f3a c\u1ee7a ch\u00fang t\u00f4i v\u1edbi quy tr\u00ecnh ki\u1ec3m so\u00e1t nghi\u00eam ng\u1eb7t.<\/li>\n<\/ol>\n\n\n\n<figure class=\"wp-block-image size-full has-custom-border\"><img loading=\"lazy\" decoding=\"async\" width=\"1408\" height=\"768\" src=\"http:\/\/tdstech.com.vn\/tdsvietnam\/wp-content\/uploads\/2026\/04\/2-7.png\" alt=\"\" class=\"wp-image-2398\" style=\"border-top-left-radius:10px;border-top-right-radius:10px;border-bottom-left-radius:10px;border-bottom-right-radius:10px\"\/><\/figure>\n\n\n\n<div style=\"height:14px\" aria-hidden=\"true\" class=\"wp-block-spacer\"><\/div>\n\n\n\n<p>\ud83d\udc49 \u0110\u1eebng \u0111\u1ec3 h\u1ed3 s\u01a1 gi\u1ea5y l\u00e0m ch\u1eadm b\u01b0\u1edbc ti\u1ebfn c\u1ee7a b\u1ea1n. H\u00e3y li\u00ean h\u1ec7 ngay \u0111\u1ec3 nh\u1eadn t\u01b0 v\u1ea5n v\u1ec1 ph\u01b0\u01a1ng \u00e1n s\u1ed1 h\u00f3a ti\u1ebft ki\u1ec7m v\u00e0 hi\u1ec7u qu\u1ea3 nh\u1ea5t cho \u0111\u01a1n v\u1ecb c\u1ee7a b\u1ea1n!<\/p>\n\n\n\n<p><\/p>\n","protected":false},"excerpt":{"rendered":"<p>GI\u1ea2I PH\u00c1P SCAN T\u00c0I LI\u1ec6U CHUY\u00caN NGHI\u1ec6P: &#8220;C\u1ea6U N\u1ed0I&#8221; CHUY\u1ec2N \u0110\u1ed4I T\u1eea GI\u1ea4Y SANG S\u1ed0 Trong l\u1ed9 tr\u00ecnh chuy\u1ec3n \u0111\u1ed5i s\u1ed1, Scan (s\u1ed1 h\u00f3a) t\u00e0i li\u1ec7u l\u00e0 b\u01b0\u1edbc kh\u1edfi \u0111\u1ea7u quan tr\u1ecdng nh\u1ea5t. N\u1ebfu kh\u00f4ng c\u00f3 nh\u1eefng b\u1ea3n qu\u00e9t ch\u1ea5t l\u01b0\u1ee3ng cao, c\u00e1c c\u00f4ng ngh\u1ec7 hi\u1ec7n \u0111\u1ea1i nh\u01b0 AI hay [&hellip;]<\/p>\n","protected":false},"author":1,"featured_media":2398,"parent":0,"menu_order":0,"comment_status":"closed","ping_status":"closed","template":"","meta":{"_themeisle_gutenberg_block_has_review":false,"footnotes":""},"class_list":["post-1798","page","type-page","status-publish","has-post-thumbnail","hentry"],"rttpg_featured_image_url":{"full":["https:\/\/tdstech.com.vn\/tdsvietnam\/wp-content\/uploads\/2026\/04\/2-7.png",1408,768,false],"landscape":["https:\/\/tdstech.com.vn\/tdsvietnam\/wp-content\/uploads\/2026\/04\/2-7.png",1408,768,false],"portraits":["https:\/\/tdstech.com.vn\/tdsvietnam\/wp-content\/uploads\/2026\/04\/2-7.png",1408,768,false],"thumbnail":["https:\/\/tdstech.com.vn\/tdsvietnam\/wp-content\/uploads\/2026\/04\/2-7.png",550,300,false],"medium":["https:\/\/tdstech.com.vn\/tdsvietnam\/wp-content\/uploads\/2026\/04\/2-7.png",1408,768,false],"large":["https:\/\/tdstech.com.vn\/tdsvietnam\/wp-content\/uploads\/2026\/04\/2-7.png",750,409,false],"1536x1536":["https:\/\/tdstech.com.vn\/tdsvietnam\/wp-content\/uploads\/2026\/04\/2-7.png",1408,768,false],"2048x2048":["https:\/\/tdstech.com.vn\/tdsvietnam\/wp-content\/uploads\/2026\/04\/2-7.png",1408,768,false],"hestia-blog":["https:\/\/tdstech.com.vn\/tdsvietnam\/wp-content\/uploads\/2026\/04\/2-7.png",360,196,false]},"rttpg_author":{"display_name":"tdsvietnam","author_link":"https:\/\/tdstech.com.vn\/tdsvietnam\/author\/tdsvietnam\/"},"rttpg_comment":0,"rttpg_category":null,"rttpg_excerpt":"GI\u1ea2I PH\u00c1P SCAN T\u00c0I LI\u1ec6U CHUY\u00caN NGHI\u1ec6P: &#8220;C\u1ea6U N\u1ed0I&#8221; CHUY\u1ec2N \u0110\u1ed4I T\u1eea GI\u1ea4Y SANG S\u1ed0 Trong l\u1ed9 tr\u00ecnh chuy\u1ec3n \u0111\u1ed5i s\u1ed1, Scan (s\u1ed1 h\u00f3a) t\u00e0i li\u1ec7u l\u00e0 b\u01b0\u1edbc kh\u1edfi \u0111\u1ea7u quan tr\u1ecdng nh\u1ea5t. N\u1ebfu kh\u00f4ng c\u00f3 nh\u1eefng b\u1ea3n qu\u00e9t ch\u1ea5t l\u01b0\u1ee3ng cao, c\u00e1c c\u00f4ng ngh\u1ec7 hi\u1ec7n \u0111\u1ea1i nh\u01b0 AI hay [&hellip;]","_links":{"self":[{"href":"https:\/\/tdstech.com.vn\/tdsvietnam\/wp-json\/wp\/v2\/pages\/1798","targetHints":{"allow":["GET"]}}],"collection":[{"href":"https:\/\/tdstech.com.vn\/tdsvietnam\/wp-json\/wp\/v2\/pages"}],"about":[{"href":"https:\/\/tdstech.com.vn\/tdsvietnam\/wp-json\/wp\/v2\/types\/page"}],"author":[{"embeddable":true,"href":"https:\/\/tdstech.com.vn\/tdsvietnam\/wp-json\/wp\/v2\/users\/1"}],"replies":[{"embeddable":true,"href":"https:\/\/tdstech.com.vn\/tdsvietnam\/wp-json\/wp\/v2\/comments?post=1798"}],"version-history":[{"count":3,"href":"https:\/\/tdstech.com.vn\/tdsvietnam\/wp-json\/wp\/v2\/pages\/1798\/revisions"}],"predecessor-version":[{"id":2703,"href":"https:\/\/tdstech.com.vn\/tdsvietnam\/wp-json\/wp\/v2\/pages\/1798\/revisions\/2703"}],"wp:featuredmedia":[{"embeddable":true,"href":"https:\/\/tdstech.com.vn\/tdsvietnam\/wp-json\/wp\/v2\/media\/2398"}],"wp:attachment":[{"href":"https:\/\/tdstech.com.vn\/tdsvietnam\/wp-json\/wp\/v2\/media?parent=1798"}],"curies":[{"name":"wp","href":"https:\/\/api.w.org\/{rel}","templated":true}]}}