{"id":1794,"date":"2026-04-09T02:38:43","date_gmt":"2026-04-09T02:38:43","guid":{"rendered":"http:\/\/172.20.20.20\/tdsvietnam\/?page_id=1794"},"modified":"2026-04-16T10:05:05","modified_gmt":"2026-04-16T10:05:05","slug":"giai-phap-so-hoa-3d","status":"publish","type":"page","link":"https:\/\/tdstech.com.vn\/tdsvietnam\/giai-phap-so-hoa-3d\/","title":{"rendered":"Voice to text"},"content":{"rendered":"\n<p class=\"has-text-align-center\"><strong>GI\u1ea2I PH\u00c1P CHUY\u1ec2N \u0110\u1ed4I GI\u1eccNG N\u00d3I TH\u00c0NH V\u0102N B\u1ea2N (SPEECH-TO-TEXT): T\u1ef0 \u0110\u1ed8NG H\u00d3A BI\u00caN B\u1ea2N, T\u1ed0I \u01afU H\u00d3A QU\u1ea2N TR\u1eca<\/strong><\/p>\n\n\n\n<p>B\u1ea1n \u0111\u00e3 bao gi\u1edd t\u1ed1n h\u00e0ng gi\u1edd \u0111\u1ed3ng h\u1ed3 ch\u1ec9 \u0111\u1ec3 nghe l\u1ea1i b\u0103ng ghi \u00e2m v\u00e0 g\u1ee1 b\u0103ng bi\u00ean b\u1ea3n cu\u1ed9c h\u1ecdp? Trong k\u1ef7 nguy\u00ean s\u1ed1, vi\u1ec7c ghi ch\u00e9p th\u1ee7 c\u00f4ng kh\u00f4ng c\u00f2n l\u00e0 gi\u1ea3i ph\u00e1p t\u1ed1i \u01b0u. C\u00f4ng ngh\u1ec7 chuy\u1ec3n \u0111\u1ed5i gi\u1ecdng n\u00f3i th\u00e0nh v\u0103n b\u1ea3n (STT) d\u1ef1a tr\u00ean tr\u00ed tu\u1ec7 nh\u00e2n t\u1ea1o (AI) c\u1ee7a ch\u00fang t\u00f4i s\u1ebd gi\u00fap b\u1ea1n bi\u1ebfn m\u1ecdi l\u1eddi n\u00f3i th\u00e0nh v\u0103n b\u1ea3n s\u1ed1 h\u00f3a ch\u1ec9 trong t\u00edch t\u1eafc v\u1edbi \u0111\u1ed9 ch\u00ednh x\u00e1c kinh ng\u1ea1c.<\/p>\n\n\n\n<ol class=\"wp-block-list\">\n<li>C\u00f4ng ngh\u1ec7 STT \u2013 &#8220;Tr\u1ee3 l\u00fd \u1ea3o&#8221; chuy\u00ean nghi\u1ec7p cho m\u1ecdi t\u1ed5 ch\u1ee9c<br>Gi\u1ea3i ph\u00e1p Speech-to-Text kh\u00f4ng ch\u1ec9 \u0111\u01a1n thu\u1ea7n l\u00e0 nh\u1eadn d\u1ea1ng \u00e2m thanh, m\u00e0 l\u00e0 h\u1ec7 th\u1ed1ng AI th\u00f4ng minh c\u00f3 kh\u1ea3 n\u0103ng:<br>\u2981 Chuy\u1ec3n \u0111\u1ed5i th\u1eddi gian th\u1ef1c (Real-time): V\u0103n b\u1ea3n hi\u1ec3n th\u1ecb ngay l\u1eadp t\u1ee9c khi ng\u01b0\u1eddi d\u00f9ng \u0111ang n\u00f3i.<br>\u2981 Nh\u1eadn d\u1ea1ng \u0111a v\u00f9ng mi\u1ec1n: X\u1eed l\u00fd t\u1ed1t gi\u1ecdng n\u00f3i c\u1ea3 3 mi\u1ec1n B\u1eafc &#8211; Trung &#8211; Nam v\u00e0 c\u00e1c thu\u1eadt ng\u1eef chuy\u00ean ng\u00e0nh ph\u1ee9c t\u1ea1p (T\u01b0 ph\u00e1p, Y t\u1ebf, T\u00e0i ch\u00ednh\u2026).<br>\u2981 Ph\u00e2n t\u00e1ch ng\u01b0\u1eddi n\u00f3i (Speaker Diarization): T\u1ef1 \u0111\u1ed9ng nh\u1eadn di\u1ec7n v\u00e0 g\u00e1n t\u00ean ng\u01b0\u1eddi n\u00f3i trong c\u00e1c cu\u1ed9c h\u1ecdp \u0111a ph\u01b0\u01a1ng, gi\u00fap vi\u1ec7c l\u1eadp bi\u00ean b\u1ea3n tr\u1edf n\u00ean khoa h\u1ecdc.<\/li>\n<\/ol>\n\n\n\n<figure class=\"wp-block-image size-full has-custom-border\"><img fetchpriority=\"high\" decoding=\"async\" width=\"1408\" height=\"768\" src=\"http:\/\/tdstech.com.vn\/tdsvietnam\/wp-content\/uploads\/2026\/04\/3-8.png\" alt=\"\" class=\"wp-image-2408\" style=\"border-top-left-radius:10px;border-top-right-radius:10px;border-bottom-left-radius:10px;border-bottom-right-radius:10px\"\/><\/figure>\n\n\n\n<p class=\"has-text-align-center\"><em>&#8220;T\u1ea1m bi\u1ec7t g\u1ee1 b\u0103ng th\u1ee7 c\u00f4ng \u2013 Ch\u00e0o \u0111\u00f3n k\u1ef7 nguy\u00ean t\u1ef1 \u0111\u1ed9ng h\u00f3a.&#8221;<\/em><\/p>\n\n\n\n<ol start=\"2\" class=\"wp-block-list\">\n<li>Nh\u1eefng gi\u00e1 tr\u1ecb th\u1ef1c t\u1ebf cho c\u01a1 quan v\u00e0 doanh nghi\u1ec7p<br>Vi\u1ec7c \u00e1p d\u1ee5ng gi\u1ea3i ph\u00e1p STT mang l\u1ea1i s\u1ef1 thay \u0111\u1ed5i mang t\u00ednh c\u00e1ch m\u1ea1ng:<br>\u2981 Ti\u1ebft ki\u1ec7m 80% th\u1eddi gian l\u1eadp bi\u00ean b\u1ea3n: Kh\u00f4ng c\u00f2n c\u1ea3nh &#8220;c\u1eb7m c\u1ee5i&#8221; g\u00f5 m\u00e1y, c\u00e1n b\u1ed9 ch\u1ec9 c\u1ea7n r\u00e0 so\u00e1t v\u00e0 ph\u00ea duy\u1ec7t b\u1ea3n th\u1ea3o c\u00f3 s\u1eb5n.<br>\u2981 Tra c\u1ee9u nhanh ch\u00f3ng: M\u1ecdi n\u1ed9i dung cu\u1ed9c h\u1ecdp \u0111\u01b0\u1ee3c s\u1ed1 h\u00f3a d\u01b0\u1edbi d\u1ea1ng v\u0103n b\u1ea3n, cho ph\u00e9p t\u00ecm ki\u1ebfm t\u1eeb kh\u00f3a d\u1ec5 d\u00e0ng thay v\u00ec ph\u1ea3i nghe l\u1ea1i to\u00e0n b\u1ed9 file \u00e2m thanh.<br>\u2981 L\u01b0u tr\u1eef th\u00f4ng minh: K\u1ebft h\u1ee3p v\u1edbi gi\u1ea3i ph\u00e1p l\u01b0u tr\u1eef n\u1ed9i b\u1ed9, d\u1eef li\u1ec7u \u00e2m thanh v\u00e0 v\u0103n b\u1ea3n \u0111\u01b0\u1ee3c \u0111\u1ed3ng b\u1ed9 v\u00e0 b\u1ea3o m\u1eadt tuy\u1ec7t \u0111\u1ed1i trong h\u1ea1 t\u1ea7ng ri\u00eang c\u1ee7a \u0111\u01a1n v\u1ecb.<br>\u2981 H\u1ed7 tr\u1ee3 ng\u01b0\u1eddi khi\u1ebfm th\u00ednh: T\u1ea1o ra m\u00f4i tr\u01b0\u1eddng l\u00e0m vi\u1ec7c h\u00f2a nh\u1eadp th\u00f4ng qua vi\u1ec7c hi\u1ec3n th\u1ecb ph\u1ee5 \u0111\u1ec1 tr\u1ef1c ti\u1ebfp.<\/li>\n<\/ol>\n\n\n\n<figure class=\"wp-block-image size-full has-custom-border is-style-default\"><img decoding=\"async\" width=\"1408\" height=\"768\" src=\"http:\/\/tdstech.com.vn\/tdsvietnam\/wp-content\/uploads\/2026\/04\/1-4.png\" alt=\"\" class=\"wp-image-2410\" style=\"border-top-left-radius:10px;border-top-right-radius:10px;border-bottom-left-radius:10px;border-bottom-right-radius:10px\"\/><\/figure>\n\n\n\n<p class=\"has-text-align-center\"><em>&#8220;L\u1eafng nghe th\u00f4ng minh \u2013 S\u1ed1 h\u00f3a t\u1ee9c th\u00ec.&#8221;<\/em><\/p>\n\n\n\n<ol start=\"3\" class=\"wp-block-list\">\n<li>\u01afu \u0111i\u1ec3m v\u01b0\u1ee3t tr\u1ed9i trong gi\u1ea3i ph\u00e1p c\u1ee7a ch\u00fang t\u00f4i<br>\u2981 Tri\u1ec3n khai Offline\/On-premise: \u0110\u1eb7c bi\u1ec7t quan tr\u1ecdng v\u1edbi c\u00e1c c\u01a1 quan Nh\u00e0 n\u01b0\u1edbc, h\u1ec7 th\u1ed1ng c\u00f3 th\u1ec3 v\u1eadn h\u00e0nh ho\u00e0n to\u00e0n trong m\u1ea1ng n\u1ed9i b\u1ed9, \u0111\u1ea3m b\u1ea3o th\u00f4ng tin cu\u1ed9c h\u1ecdp kh\u00f4ng b\u1ecb l\u1ecdt ra ngo\u00e0i Internet.<br>\u2981 T\u00edch h\u1ee3p \u0111a n\u1ec1n t\u1ea3ng: D\u1ec5 d\u00e0ng t\u00edch h\u1ee3p v\u00e0o c\u00e1c h\u1ec7 th\u1ed1ng qu\u1ea3n l\u00fd v\u0103n b\u1ea3n (e-Office), \u1ee9ng d\u1ee5ng di \u0111\u1ed9ng ho\u1eb7c thi\u1ebft b\u1ecb ghi \u00e2m chuy\u00ean d\u1ee5ng.<br>\u2981 T\u1ef1 \u0111\u1ed9ng \u0111\u1ecbnh d\u1ea1ng: H\u1ec7 th\u1ed1ng t\u1ef1 \u0111\u1ed9ng th\u00eam d\u1ea5u c\u00e2u, vi\u1ebft hoa t\u00ean ri\u00eang v\u00e0 \u0111\u1ecbnh d\u1ea1ng v\u0103n b\u1ea3n chu\u1ea9n x\u00e1c.<\/li>\n\n\n\n<li>\u1ee8ng d\u1ee5ng \u0111i\u1ec3n h\u00ecnh<br>\u2981 Trong c\u00e1c cu\u1ed9c h\u1ecdp, h\u1ed9i ngh\u1ecb: T\u1ef1 \u0111\u1ed9ng l\u1eadp d\u1ef1 th\u1ea3o bi\u00ean b\u1ea3n cu\u1ed9c h\u1ecdp ch\u1ec9 sau khi k\u1ebft th\u00fac bu\u1ed5i l\u00e0m vi\u1ec7c.<br>\u2981 Trong ho\u1ea1t \u0111\u1ed9ng t\u01b0 ph\u00e1p: Ghi \u00e2m v\u00e0 chuy\u1ec3n \u0111\u1ed5i l\u1eddi khai, tranh t\u1ee5ng t\u1ea1i t\u00f2a \u00e1n th\u00e0nh v\u0103n b\u1ea3n ph\u00e1p l\u00fd.<br>\u2981 Trong c\u00f4ng t\u00e1c ph\u1ecfng v\u1ea5n, b\u00e1o ch\u00ed: G\u1ee1 b\u0103ng t\u01b0 li\u1ec7u nhanh ch\u00f3ng, ch\u00ednh x\u00e1c.<\/li>\n<\/ol>\n\n\n\n<figure class=\"wp-block-image size-full has-custom-border\"><img decoding=\"async\" width=\"1408\" height=\"768\" src=\"http:\/\/tdstech.com.vn\/tdsvietnam\/wp-content\/uploads\/2026\/04\/2-8.png\" alt=\"\" class=\"wp-image-2411\" style=\"border-top-left-radius:10px;border-top-right-radius:10px;border-bottom-left-radius:10px;border-bottom-right-radius:10px\"\/><\/figure>\n\n\n\n<p class=\"has-text-align-center\"><em>&#8220;Cu\u1ed9c h\u1ecdp s\u1ed1 th\u00f4ng minh \u2013 N\u1ed9i dung th\u00f4ng su\u1ed1t.&#8221;<\/em><\/p>\n\n\n\n<p>C\u00d4NG NGH\u1ec6 D\u1eaaN D\u1eaeT \u2013 HI\u1ec6U QU\u1ea2 T\u1ee8C TH\u00cc<br>\ud83d\udc49 H\u00e3y tr\u1ea3i nghi\u1ec7m s\u1ee9c m\u1ea1nh c\u1ee7a AI \u0111\u1ec3 gi\u1ea3i ph\u00f3ng ngu\u1ed3n l\u1ef1c cho t\u1ed5 ch\u1ee9c c\u1ee7a b\u1ea1n. Li\u00ean h\u1ec7 ngay \u0111\u1ec3 \u0111\u01b0\u1ee3c t\u01b0 v\u1ea5n v\u00e0 demo tr\u1ef1c ti\u1ebfp gi\u1ea3i ph\u00e1p!<\/p>\n","protected":false},"excerpt":{"rendered":"<p>GI\u1ea2I PH\u00c1P CHUY\u1ec2N \u0110\u1ed4I GI\u1eccNG N\u00d3I TH\u00c0NH V\u0102N B\u1ea2N (SPEECH-TO-TEXT): T\u1ef0 \u0110\u1ed8NG H\u00d3A BI\u00caN B\u1ea2N, T\u1ed0I \u01afU H\u00d3A QU\u1ea2N TR\u1eca B\u1ea1n \u0111\u00e3 bao gi\u1edd t\u1ed1n h\u00e0ng gi\u1edd \u0111\u1ed3ng h\u1ed3 ch\u1ec9 \u0111\u1ec3 nghe l\u1ea1i b\u0103ng ghi \u00e2m v\u00e0 g\u1ee1 b\u0103ng bi\u00ean b\u1ea3n cu\u1ed9c h\u1ecdp? Trong k\u1ef7 nguy\u00ean s\u1ed1, vi\u1ec7c ghi ch\u00e9p [&hellip;]<\/p>\n","protected":false},"author":1,"featured_media":2407,"parent":0,"menu_order":0,"comment_status":"closed","ping_status":"closed","template":"","meta":{"_themeisle_gutenberg_block_has_review":false,"footnotes":""},"class_list":["post-1794","page","type-page","status-publish","has-post-thumbnail","hentry"],"rttpg_featured_image_url":{"full":["https:\/\/tdstech.com.vn\/tdsvietnam\/wp-content\/uploads\/2026\/04\/3-7.png",1408,768,false],"landscape":["https:\/\/tdstech.com.vn\/tdsvietnam\/wp-content\/uploads\/2026\/04\/3-7.png",1408,768,false],"portraits":["https:\/\/tdstech.com.vn\/tdsvietnam\/wp-content\/uploads\/2026\/04\/3-7.png",1408,768,false],"thumbnail":["https:\/\/tdstech.com.vn\/tdsvietnam\/wp-content\/uploads\/2026\/04\/3-7.png",550,300,false],"medium":["https:\/\/tdstech.com.vn\/tdsvietnam\/wp-content\/uploads\/2026\/04\/3-7.png",1408,768,false],"large":["https:\/\/tdstech.com.vn\/tdsvietnam\/wp-content\/uploads\/2026\/04\/3-7.png",750,409,false],"1536x1536":["https:\/\/tdstech.com.vn\/tdsvietnam\/wp-content\/uploads\/2026\/04\/3-7.png",1408,768,false],"2048x2048":["https:\/\/tdstech.com.vn\/tdsvietnam\/wp-content\/uploads\/2026\/04\/3-7.png",1408,768,false],"hestia-blog":["https:\/\/tdstech.com.vn\/tdsvietnam\/wp-content\/uploads\/2026\/04\/3-7.png",360,196,false]},"rttpg_author":{"display_name":"tdsvietnam","author_link":"https:\/\/tdstech.com.vn\/tdsvietnam\/author\/tdsvietnam\/"},"rttpg_comment":0,"rttpg_category":null,"rttpg_excerpt":"GI\u1ea2I PH\u00c1P CHUY\u1ec2N \u0110\u1ed4I GI\u1eccNG N\u00d3I TH\u00c0NH V\u0102N B\u1ea2N (SPEECH-TO-TEXT): T\u1ef0 \u0110\u1ed8NG H\u00d3A BI\u00caN B\u1ea2N, T\u1ed0I \u01afU H\u00d3A QU\u1ea2N TR\u1eca B\u1ea1n \u0111\u00e3 bao gi\u1edd t\u1ed1n h\u00e0ng gi\u1edd \u0111\u1ed3ng h\u1ed3 ch\u1ec9 \u0111\u1ec3 nghe l\u1ea1i b\u0103ng ghi \u00e2m v\u00e0 g\u1ee1 b\u0103ng bi\u00ean b\u1ea3n cu\u1ed9c h\u1ecdp? Trong k\u1ef7 nguy\u00ean s\u1ed1, vi\u1ec7c ghi ch\u00e9p [&hellip;]","_links":{"self":[{"href":"https:\/\/tdstech.com.vn\/tdsvietnam\/wp-json\/wp\/v2\/pages\/1794","targetHints":{"allow":["GET"]}}],"collection":[{"href":"https:\/\/tdstech.com.vn\/tdsvietnam\/wp-json\/wp\/v2\/pages"}],"about":[{"href":"https:\/\/tdstech.com.vn\/tdsvietnam\/wp-json\/wp\/v2\/types\/page"}],"author":[{"embeddable":true,"href":"https:\/\/tdstech.com.vn\/tdsvietnam\/wp-json\/wp\/v2\/users\/1"}],"replies":[{"embeddable":true,"href":"https:\/\/tdstech.com.vn\/tdsvietnam\/wp-json\/wp\/v2\/comments?post=1794"}],"version-history":[{"count":3,"href":"https:\/\/tdstech.com.vn\/tdsvietnam\/wp-json\/wp\/v2\/pages\/1794\/revisions"}],"predecessor-version":[{"id":2706,"href":"https:\/\/tdstech.com.vn\/tdsvietnam\/wp-json\/wp\/v2\/pages\/1794\/revisions\/2706"}],"wp:featuredmedia":[{"embeddable":true,"href":"https:\/\/tdstech.com.vn\/tdsvietnam\/wp-json\/wp\/v2\/media\/2407"}],"wp:attachment":[{"href":"https:\/\/tdstech.com.vn\/tdsvietnam\/wp-json\/wp\/v2\/media?parent=1794"}],"curies":[{"name":"wp","href":"https:\/\/api.w.org\/{rel}","templated":true}]}}