{"id":1785,"date":"2026-04-09T02:23:39","date_gmt":"2026-04-09T02:23:39","guid":{"rendered":"http:\/\/172.20.20.20\/tdsvietnam\/?page_id=1785"},"modified":"2026-04-16T09:47:46","modified_gmt":"2026-04-16T09:47:46","slug":"giai-phap-so-hoa-tai-lieu","status":"publish","type":"page","link":"https:\/\/tdstech.com.vn\/tdsvietnam\/giai-phap-so-hoa-tai-lieu\/","title":{"rendered":"Gi\u1ea3i ph\u00e1p ch\u1ec9nh l\u00fd t\u00e0i li\u1ec7u"},"content":{"rendered":"\n<p class=\"has-text-align-center\"><strong>CH\u1ec8NH L\u00dd T\u00c0I LI\u1ec6U L\u01afU TR\u1eee: BI\u1ebeN &#8220;KHO GI\u1ea4Y&#8221; TH\u00c0NH T\u00c0I S\u1ea2N D\u1eee LI\u1ec6U KHOA H\u1eccC<\/strong><\/p>\n\n\n\n<p>Trong ho\u1ea1t \u0111\u1ed9ng c\u1ee7a c\u00e1c c\u01a1 quan, t\u1ed5 ch\u1ee9c, t\u00e0i li\u1ec7u t\u00edch \u0111\u1ed1n qua m\u1ed7i n\u0103m l\u00e0 m\u1ed9t kho t\u00e0ng th\u00f4ng tin v\u00f4 gi\u00e1. Tuy nhi\u00ean, t\u00ecnh tr\u1ea1ng t\u00e0i li\u1ec7u &#8220;b\u00f3 g\u00f3i&#8221;, n\u1eb1m r\u1ea3i r\u00e1c v\u00e0 ch\u01b0a \u0111\u01b0\u1ee3c ph\u00e2n lo\u1ea1i \u0111ang l\u00e0 r\u00e0o c\u1ea3n l\u1edbn trong vi\u1ec7c tra c\u1ee9u v\u00e0 qu\u1ea3n l\u00fd. D\u1ecbch v\u1ee5 ch\u1ec9nh l\u00fd t\u00e0i li\u1ec7u chuy\u00ean nghi\u1ec7p ch\u00ednh l\u00e0 gi\u1ea3i ph\u00e1p \u0111\u1ec3 thi\u1ebft l\u1eadp l\u1ea1i tr\u1eadt t\u1ef1, b\u1ea3o t\u1ed3n gi\u00e1 tr\u1ecb l\u1ecbch s\u1eed v\u00e0 ph\u00e1p l\u00fd cho h\u1ed3 s\u01a1 c\u1ee7a b\u1ea1n.<\/p>\n\n\n\n<ol class=\"wp-block-list\">\n<li>Ch\u1ec9nh l\u00fd t\u00e0i li\u1ec7u l\u00e0 g\u00ec?<br>Ch\u1ec9nh l\u00fd t\u00e0i li\u1ec7u l\u00e0 qu\u00e1 tr\u00ecnh t\u1ed5 ch\u1ee9c, s\u1eafp x\u1ebfp l\u1ea1i to\u00e0n b\u1ed9 kh\u1ed1i t\u00e0i li\u1ec7u r\u1eddi l\u1ebb ho\u1eb7c ch\u01b0a \u0111\u01b0\u1ee3c ph\u00e2n lo\u1ea1i theo m\u1ed9t ph\u01b0\u01a1ng \u00e1n khoa h\u1ecdc. Qu\u00e1 tr\u00ecnh n\u00e0y gi\u00fap h\u00ecnh th\u00e0nh c\u00e1c h\u1ed3 s\u01a1 ho\u00e0n ch\u1ec9nh, c\u00f3 m\u1ee5c l\u1ee5c tra c\u1ee9u r\u00f5 r\u00e0ng, ph\u1ee5c v\u1ee5 \u0111\u1eafc l\u1ef1c cho c\u00f4ng t\u00e1c qu\u1ea3n l\u00fd v\u00e0 l\u01b0u tr\u1eef l\u00e2u d\u00e0i.<\/li>\n\n\n\n<li>T\u1ea1i sao c\u1ea7n ch\u1ec9nh l\u00fd t\u00e0i li\u1ec7u ngay b\u00e2y gi\u1edd?<br>L\u01b0u tr\u1eef kh\u00f4ng khoa h\u1ecdc kh\u00f4ng ch\u1ec9 g\u00e2y l\u00e3ng ph\u00ed kh\u00f4ng gian m\u00e0 c\u00f2n ti\u1ec1m \u1ea9n nhi\u1ec1u r\u1ee7i ro:<br>\u2981 Tu\u00e2n th\u1ee7 Lu\u1eadt L\u01b0u tr\u1eef: Th\u1ef1c hi\u1ec7n \u0111\u00fang quy \u0111\u1ecbnh c\u1ee7a Nh\u00e0 n\u01b0\u1edbc v\u1ec1 c\u00f4ng t\u00e1c l\u01b0u tr\u1eef t\u1ea1i c\u00e1c c\u01a1 quan, \u0111\u01a1n v\u1ecb.<br>\u2981 Ti\u1ebft ki\u1ec7m 90% th\u1eddi gian tra c\u1ee9u: Thay v\u00ec m\u1ea5t h\u00e0ng gi\u1edd t\u00ecm ki\u1ebfm trong \u0111\u1ed1ng h\u1ed3 s\u01a1 c\u0169, b\u1ea1n ch\u1ec9 m\u1ea5t v\u00e0i gi\u00e2y \u0111\u1ec3 x\u00e1c \u0111\u1ecbnh ch\u00ednh x\u00e1c v\u1ecb tr\u00ed t\u00e0i li\u1ec7u qua m\u1ee5c l\u1ee5c \u0111i\u1ec7n t\u1eed.<br>\u2981 T\u1ed1i \u01b0u h\u00f3a kh\u00f4ng gian: Lo\u1ea1i b\u1ecf c\u00e1c t\u00e0i li\u1ec7u tr\u00f9ng l\u1eb7p, h\u1ebft gi\u00e1 tr\u1ecb gi\u00fap gi\u1ea3i ph\u00f3ng di\u1ec7n t\u00edch kho b\u00e3i.<br>\u2981 Ti\u1ec1n \u0111\u1ec1 cho s\u1ed1 h\u00f3a: B\u1ea1n kh\u00f4ng th\u1ec3 s\u1ed1 h\u00f3a m\u1ed9t kho t\u00e0i li\u1ec7u l\u1ed9n x\u1ed9n. Ch\u1ec9nh l\u00fd l\u00e0 b\u01b0\u1edbc l\u00e0m s\u1ea1ch v\u00e0 h\u1ec7 th\u1ed1ng h\u00f3a d\u1eef li\u1ec7u tr\u01b0\u1edbc khi \u0111\u01b0a v\u00e0o m\u00e1y qu\u00e9t.<\/li>\n<\/ol>\n\n\n<figure class=\"wp-block-post-featured-image\"><img fetchpriority=\"high\" decoding=\"async\" width=\"1408\" height=\"768\" src=\"https:\/\/tdstech.com.vn\/tdsvietnam\/wp-content\/uploads\/2026\/04\/image_622630ae.png\" class=\"attachment-post-thumbnail size-post-thumbnail wp-post-image\" alt=\"\" style=\"border-top-left-radius:10px;border-top-right-radius:10px;border-bottom-left-radius:10px;border-bottom-right-radius:10px;object-fit:cover;\" \/><\/figure>\n\n\n<p class=\"has-text-align-center\">&#8220;T\u1eeb &#8216;kho gi\u1ea5y&#8217; l\u1ed9n x\u1ed9n \u0111\u1ebfn h\u1ec7 th\u1ed1ng l\u01b0u tr\u1eef khoa h\u1ecdc.&#8221;<\/p>\n\n\n\n<ol start=\"3\" class=\"wp-block-list\">\n<li>Quy tr\u00ecnh ch\u1ec9nh l\u00fd ti\u00eau chu\u1ea9n (Theo quy \u0111\u1ecbnh c\u1ee7a C\u1ee5c V\u0103n th\u01b0 v\u00e0 L\u01b0u tr\u1eef Nh\u00e0 n\u01b0\u1edbc)<br>Ch\u00fang t\u00f4i th\u1ef1c hi\u1ec7n quy tr\u00ecnh ch\u1ec9nh l\u00fd nghi\u00eam ng\u1eb7t qua c\u00e1c b\u01b0\u1edbc:<br>\u2981 Kh\u1ea3o s\u00e1t &amp; \u0110\u00e1nh gi\u00e1: Ph\u00e2n t\u00edch t\u00ecnh tr\u1ea1ng th\u1ef1c t\u1ebf v\u00e0 kh\u1ed1i l\u01b0\u1ee3ng t\u00e0i li\u1ec7u c\u1ea7n x\u1eed l\u00fd.<br>\u2981 Ph\u00e2n lo\u1ea1i t\u00e0i li\u1ec7u: Chia t\u00e0i li\u1ec7u theo ph\u00f4ng l\u01b0u tr\u1eef, th\u1eddi gian v\u00e0 ch\u1ee7 \u0111\u1ec1 nghi\u1ec7p v\u1ee5.<br>\u2981 L\u1eadp h\u1ed3 s\u01a1 &amp; Bi\u00ean m\u1ee5c: Nh\u00f3m c\u00e1c v\u0103n b\u1ea3n li\u00ean quan th\u00e0nh h\u1ed3 s\u01a1, vi\u1ebft ti\u00eau \u0111\u1ec1 h\u1ed3 s\u01a1 v\u00e0 \u0111\u00e1nh s\u1ed1 trang.<br>\u2981 H\u1ec7 th\u1ed1ng h\u00f3a &amp; L\u1eadp m\u1ee5c l\u1ee5c: X\u00e2y d\u1ef1ng b\u1ed9 c\u00f4ng c\u1ee5 tra c\u1ee9u (m\u1ee5c l\u1ee5c h\u1ed3 s\u01a1) gi\u00fap qu\u1ea3n l\u00fd d\u1ec5 d\u00e0ng tr\u00ean m\u00e1y t\u00ednh.<br>\u2981 \u0110\u00f3ng g\u00f3i &amp; B\u1ea3o qu\u1ea3n: Cho t\u00e0i li\u1ec7u v\u00e0o b\u00eca h\u1ed3 s\u01a1, h\u1ed9p\/c\u1eb7p l\u01b0u tr\u1eef v\u00e0 \u0111\u01b0a l\u00ean gi\u00e1 k\u1ec7 theo s\u01a1 \u0111\u1ed3 kho.<\/li>\n<\/ol>\n\n\n\n<figure class=\"wp-block-image size-full has-custom-border\"><img decoding=\"async\" width=\"1408\" height=\"768\" src=\"http:\/\/tdstech.com.vn\/tdsvietnam\/wp-content\/uploads\/2026\/04\/image_a457c9c2.png\" alt=\"\" class=\"wp-image-2310\" style=\"border-top-left-radius:10px;border-top-right-radius:10px;border-bottom-left-radius:10px;border-bottom-right-radius:10px\"\/><\/figure>\n\n\n\n<p class=\"has-text-align-center\">&#8220;T\u1ec9 m\u1ec9 trong t\u1eebng nghi\u1ec7p v\u1ee5, g\u00ecn gi\u1eef gi\u00e1 tr\u1ecb v\u0129nh c\u1eedu.&#8221;<\/p>\n\n\n\n<ol start=\"4\" class=\"wp-block-list\">\n<li>Cam k\u1ebft ch\u1ea5t l\u01b0\u1ee3ng t\u1eeb \u0111\u01a1n v\u1ecb chuy\u00ean m\u00f4n<br>V\u1edbi \u0111\u1ed9i ng\u0169 chuy\u00ean gia am hi\u1ec3u nghi\u1ec7p v\u1ee5 v\u0103n th\u01b0 &#8211; l\u01b0u tr\u1eef, ch\u00fang t\u00f4i cam k\u1ebft:<br>\u2981 \u0110\u00fang nghi\u1ec7p v\u1ee5: H\u1ed3 s\u01a1 \u0111\u01b0\u1ee3c ch\u1ec9nh l\u00fd chu\u1ea9n x\u00e1c theo h\u01b0\u1edbng d\u1eabn c\u1ee7a ng\u00e0nh L\u01b0u tr\u1eef.<br>\u2981 B\u1ea3o m\u1eadt th\u00f4ng tin: Tuy\u1ec7t \u0111\u1ed1i gi\u1eef b\u00ed m\u1eadt n\u1ed9i dung t\u00e0i li\u1ec7u c\u1ee7a kh\u00e1ch h\u00e0ng.<br>\u2981 Ti\u1ebfn \u0111\u1ed9 nhanh ch\u00f3ng: S\u1eed d\u1ee5ng c\u00e1c c\u00f4ng c\u1ee5 h\u1ed7 tr\u1ee3 hi\u1ec7n \u0111\u1ea1i \u0111\u1ec3 r\u00fat ng\u1eafn th\u1eddi gian x\u1eed l\u00fd m\u00e0 v\u1eabn \u0111\u1ea3m b\u1ea3o ch\u1ea5t l\u01b0\u1ee3ng.<br>\u2981 T\u01b0 v\u1ea5n tr\u1ecdn g\u00f3i: H\u1ed7 tr\u1ee3 t\u1eeb kh\u00e2u ch\u1ec9nh l\u00fd \u0111\u1ebfn s\u1ed1 h\u00f3a v\u00e0 ti\u00eau h\u1ee7y t\u00e0i li\u1ec7u h\u1ebft gi\u00e1 tr\u1ecb.<\/li>\n<\/ol>\n\n\n\n<figure class=\"wp-block-image size-full has-custom-border\"><img decoding=\"async\" width=\"1408\" height=\"768\" src=\"http:\/\/tdstech.com.vn\/tdsvietnam\/wp-content\/uploads\/2026\/04\/image_a7f2403a.png\" alt=\"\" class=\"wp-image-2313\" style=\"border-top-left-radius:10px;border-top-right-radius:10px;border-bottom-left-radius:10px;border-bottom-right-radius:10px\"\/><\/figure>\n\n\n\n<p class=\"has-text-align-center\">&#8220;Qu\u1ea3n l\u00fd th\u00f4ng minh \u2013 Tra c\u1ee9u t\u1ee9c th\u00ec trong t\u1ea7m tay.&#8221;<\/p>\n\n\n\n<p>\u0110\u1eeaNG \u0110\u1ec2 T\u00c0I LI\u1ec6U QU\u00dd GI\u00c1 B\u1eca L\u00c3NG QU\u00caN TRONG KHO!<br>\ud83d\udc49 H\u00e3y li\u00ean h\u1ec7 v\u1edbi ch\u00fang t\u00f4i \u0111\u1ec3 nh\u1eadn b\u00e1o gi\u00e1 v\u00e0 t\u01b0 v\u1ea5n ph\u01b0\u01a1ng \u00e1n ch\u1ec9nh l\u00fd t\u1ed1i \u01b0u nh\u1ea5t cho kho l\u01b0u tr\u1eef c\u1ee7a b\u1ea1n.<\/p>\n\n\n\n<p><\/p>\n","protected":false},"excerpt":{"rendered":"<p>CH\u1ec8NH L\u00dd T\u00c0I LI\u1ec6U L\u01afU TR\u1eee: BI\u1ebeN &#8220;KHO GI\u1ea4Y&#8221; TH\u00c0NH T\u00c0I S\u1ea2N D\u1eee LI\u1ec6U KHOA H\u1eccC Trong ho\u1ea1t \u0111\u1ed9ng c\u1ee7a c\u00e1c c\u01a1 quan, t\u1ed5 ch\u1ee9c, t\u00e0i li\u1ec7u t\u00edch \u0111\u1ed1n qua m\u1ed7i n\u0103m l\u00e0 m\u1ed9t kho t\u00e0ng th\u00f4ng tin v\u00f4 gi\u00e1. Tuy nhi\u00ean, t\u00ecnh tr\u1ea1ng t\u00e0i li\u1ec7u &#8220;b\u00f3 g\u00f3i&#8221;, n\u1eb1m r\u1ea3i [&hellip;]<\/p>\n","protected":false},"author":1,"featured_media":2307,"parent":0,"menu_order":0,"comment_status":"closed","ping_status":"closed","template":"","meta":{"_themeisle_gutenberg_block_has_review":false,"footnotes":""},"class_list":["post-1785","page","type-page","status-publish","has-post-thumbnail","hentry"],"rttpg_featured_image_url":{"full":["https:\/\/tdstech.com.vn\/tdsvietnam\/wp-content\/uploads\/2026\/04\/image_622630ae.png",1408,768,false],"landscape":["https:\/\/tdstech.com.vn\/tdsvietnam\/wp-content\/uploads\/2026\/04\/image_622630ae.png",1408,768,false],"portraits":["https:\/\/tdstech.com.vn\/tdsvietnam\/wp-content\/uploads\/2026\/04\/image_622630ae.png",1408,768,false],"thumbnail":["https:\/\/tdstech.com.vn\/tdsvietnam\/wp-content\/uploads\/2026\/04\/image_622630ae.png",550,300,false],"medium":["https:\/\/tdstech.com.vn\/tdsvietnam\/wp-content\/uploads\/2026\/04\/image_622630ae.png",1408,768,false],"large":["https:\/\/tdstech.com.vn\/tdsvietnam\/wp-content\/uploads\/2026\/04\/image_622630ae.png",750,409,false],"1536x1536":["https:\/\/tdstech.com.vn\/tdsvietnam\/wp-content\/uploads\/2026\/04\/image_622630ae.png",1408,768,false],"2048x2048":["https:\/\/tdstech.com.vn\/tdsvietnam\/wp-content\/uploads\/2026\/04\/image_622630ae.png",1408,768,false],"hestia-blog":["https:\/\/tdstech.com.vn\/tdsvietnam\/wp-content\/uploads\/2026\/04\/image_622630ae.png",360,196,false]},"rttpg_author":{"display_name":"tdsvietnam","author_link":"https:\/\/tdstech.com.vn\/tdsvietnam\/author\/tdsvietnam\/"},"rttpg_comment":0,"rttpg_category":null,"rttpg_excerpt":"CH\u1ec8NH L\u00dd T\u00c0I LI\u1ec6U L\u01afU TR\u1eee: BI\u1ebeN &#8220;KHO GI\u1ea4Y&#8221; TH\u00c0NH T\u00c0I S\u1ea2N D\u1eee LI\u1ec6U KHOA H\u1eccC Trong ho\u1ea1t \u0111\u1ed9ng c\u1ee7a c\u00e1c c\u01a1 quan, t\u1ed5 ch\u1ee9c, t\u00e0i li\u1ec7u t\u00edch \u0111\u1ed1n qua m\u1ed7i n\u0103m l\u00e0 m\u1ed9t kho t\u00e0ng th\u00f4ng tin v\u00f4 gi\u00e1. Tuy nhi\u00ean, t\u00ecnh tr\u1ea1ng t\u00e0i li\u1ec7u &#8220;b\u00f3 g\u00f3i&#8221;, n\u1eb1m r\u1ea3i [&hellip;]","_links":{"self":[{"href":"https:\/\/tdstech.com.vn\/tdsvietnam\/wp-json\/wp\/v2\/pages\/1785","targetHints":{"allow":["GET"]}}],"collection":[{"href":"https:\/\/tdstech.com.vn\/tdsvietnam\/wp-json\/wp\/v2\/pages"}],"about":[{"href":"https:\/\/tdstech.com.vn\/tdsvietnam\/wp-json\/wp\/v2\/types\/page"}],"author":[{"embeddable":true,"href":"https:\/\/tdstech.com.vn\/tdsvietnam\/wp-json\/wp\/v2\/users\/1"}],"replies":[{"embeddable":true,"href":"https:\/\/tdstech.com.vn\/tdsvietnam\/wp-json\/wp\/v2\/comments?post=1785"}],"version-history":[{"count":12,"href":"https:\/\/tdstech.com.vn\/tdsvietnam\/wp-json\/wp\/v2\/pages\/1785\/revisions"}],"predecessor-version":[{"id":2693,"href":"https:\/\/tdstech.com.vn\/tdsvietnam\/wp-json\/wp\/v2\/pages\/1785\/revisions\/2693"}],"wp:featuredmedia":[{"embeddable":true,"href":"https:\/\/tdstech.com.vn\/tdsvietnam\/wp-json\/wp\/v2\/media\/2307"}],"wp:attachment":[{"href":"https:\/\/tdstech.com.vn\/tdsvietnam\/wp-json\/wp\/v2\/media?parent=1785"}],"curies":[{"name":"wp","href":"https:\/\/api.w.org\/{rel}","templated":true}]}}