{"id":1437,"date":"2026-04-08T07:50:13","date_gmt":"2026-04-08T07:50:13","guid":{"rendered":"http:\/\/172.20.20.20\/tdsvietnam\/?page_id=1437"},"modified":"2026-04-16T09:33:12","modified_gmt":"2026-04-16T09:33:12","slug":"dich-vu-chinh-ly","status":"publish","type":"page","link":"https:\/\/tdstech.com.vn\/tdsvietnam\/dich-vu-chinh-ly\/","title":{"rendered":"D\u1ecbch v\u1ee5 ch\u1ec9nh l\u00fd"},"content":{"rendered":"\t\t<div data-elementor-type=\"wp-page\" data-elementor-id=\"1437\" class=\"elementor elementor-1437\">\n\t\t\t\t<div class=\"elementor-element elementor-element-08d9964 e-con-full e-flex e-con e-parent\" data-id=\"08d9964\" data-element_type=\"container\" data-e-type=\"container\" data-settings=\"{&quot;background_background&quot;:&quot;classic&quot;}\">\n\t\t<div class=\"elementor-element elementor-element-9d7ff7c e-flex e-con-boxed e-con e-child\" data-id=\"9d7ff7c\" data-element_type=\"container\" data-e-type=\"container\">\n\t\t\t\t\t<div class=\"e-con-inner\">\n\t\t\t\t<div class=\"elementor-element elementor-element-8761f9b elementor-widget elementor-widget-heading\" data-id=\"8761f9b\" data-element_type=\"widget\" data-e-type=\"widget\" data-widget_type=\"heading.default\">\n\t\t\t\t\t<h2 class=\"elementor-heading-title elementor-size-default\"><span style=\"color:black\">D\u1ecaCH V\u1ee4<\/span> CH\u1ec8NH L\u00dd<\/h2>\t\t\t\t<\/div>\n\t\t\t\t<div class=\"elementor-element elementor-element-6c649ac elementor-widget elementor-widget-text-editor\" data-id=\"6c649ac\" data-element_type=\"widget\" data-e-type=\"widget\" data-widget_type=\"text-editor.default\">\n\t\t\t\t\t\t\t\t\t<p><em>Trong qu\u00e1 tr\u00ecnh h\u00ecnh th\u00e0nh v\u00e0 s\u1eed d\u1ee5ng, c\u00e1c h\u1ed3 s\u01a1, t\u00e0i li\u1ec7u th\u01b0\u1eddng ch\u01b0a \u0111\u00e1p \u1ee9ng \u0111\u01b0\u1ee3c\u00a0<span style=\"font-size: inherit;\">c\u00e1c y\u00eau c\u1ea7u v\u1ec1 nghi\u1ec7p v\u1ee5: l\u1ed9n x\u1ed9n, ch\u01b0a \u0111\u01b0\u1ee3c ph\u00e2n lo\u1ea1i, th\u1ed1ng k\u00ea\u2026 g\u00e2y kh\u00f3 kh\u0103n\u00a0<\/span><span style=\"font-size: inherit;\">trong qu\u00e1 tr\u00ecnh khai th\u00e1c v\u00e0 s\u1eed d\u1ee5ng. Hi\u1ec3u r\u00f5 nh\u1eefng kh\u00f3 kh\u0103n m\u00e0 c\u00e1c c\u01a1 quan, t\u1ed5\u00a0<\/span><span style=\"font-size: inherit;\">ch\u1ee9c v\u00e0 doanh nghi\u1ec7p g\u1eb7p ph\u1ea3i khi th\u1ef1c hi\u1ec7n qu\u00e1 tr\u00ecnh ch\u1ec9nh l\u00fd TDS mang \u0111\u1ebfn kh\u00e1ch\u00a0<\/span><span style=\"font-size: inherit;\">h\u00e0ng d\u1ecbch v\u1ee5 Ch\u1ec9nh l\u00fd t\u00e0i li\u1ec7u chuy\u00ean nghi\u1ec7p, ch\u1ea5t l\u01b0\u1ee3ng, gi\u00fap kh\u00e1ch h\u00e0ng ti\u1ebft ki\u1ec7m\u00a0<\/span><span style=\"font-size: inherit;\">th\u1eddi gian v\u00e0 n\u00e2ng cao hi\u1ec7u qu\u1ea3 s\u1eed d\u1ee5ng.<\/span><\/em><\/p>\t\t\t\t\t\t\t\t<\/div>\n\t\t\t\t<div class=\"elementor-element elementor-element-9611d68 elementor-widget elementor-widget-image\" data-id=\"9611d68\" data-element_type=\"widget\" data-e-type=\"widget\" data-widget_type=\"image.default\">\n\t\t\t\t\t\t\t\t\t\t\t\t\t\t\t<img fetchpriority=\"high\" decoding=\"async\" width=\"750\" height=\"448\" src=\"https:\/\/tdstech.com.vn\/tdsvietnam\/wp-content\/uploads\/2026\/04\/Profile_TDS-2026.pdf_page_9.png\" class=\"attachment-medium_large size-medium_large wp-image-1602\" alt=\"\" \/>\t\t\t\t\t\t\t\t\t\t\t\t\t\t\t<\/div>\n\t\t\t\t<div class=\"elementor-element elementor-element-9f22037 elementor-widget elementor-widget-heading\" data-id=\"9f22037\" data-element_type=\"widget\" data-e-type=\"widget\" data-widget_type=\"heading.default\">\n\t\t\t\t\t<h2 class=\"elementor-heading-title elementor-size-default\">\u0110i\u1ec3m n\u1ed5i b\u1eadt c\u1ee7a D\u1ecbch v\u1ee5 Ch\u1ec9nh l\u00fd t\u00e0i li\u1ec7u t\u1ea1i TDS<\/h2>\t\t\t\t<\/div>\n\t\t\t\t\t<\/div>\n\t\t\t\t<\/div>\n\t\t<div class=\"elementor-element elementor-element-6203b2c e-grid e-con-boxed e-con e-child\" data-id=\"6203b2c\" data-element_type=\"container\" data-e-type=\"container\">\n\t\t\t\t\t<div class=\"e-con-inner\">\n\t\t<div class=\"elementor-element elementor-element-6dd0dfe e-grid e-con-full e-con e-child\" data-id=\"6dd0dfe\" data-element_type=\"container\" data-e-type=\"container\">\n\t\t\t\t<div class=\"elementor-element elementor-element-03cbd9e elementor-view-default elementor-widget elementor-widget-icon\" data-id=\"03cbd9e\" data-element_type=\"widget\" data-e-type=\"widget\" data-widget_type=\"icon.default\">\n\t\t\t\t\t\t\t<div class=\"elementor-icon-wrapper\">\n\t\t\t<div class=\"elementor-icon\">\n\t\t\t<svg aria-hidden=\"true\" class=\"e-font-icon-svg e-fas-user-graduate\" viewBox=\"0 0 448 512\" xmlns=\"http:\/\/www.w3.org\/2000\/svg\"><path d=\"M319.4 320.6L224 416l-95.4-95.4C57.1 323.7 0 382.2 0 454.4v9.6c0 26.5 21.5 48 48 48h352c26.5 0 48-21.5 48-48v-9.6c0-72.2-57.1-130.7-128.6-133.8zM13.6 79.8l6.4 1.5v58.4c-7 4.2-12 11.5-12 20.3 0 8.4 4.6 15.4 11.1 19.7L3.5 242c-1.7 6.9 2.1 14 7.6 14h41.8c5.5 0 9.3-7.1 7.6-14l-15.6-62.3C51.4 175.4 56 168.4 56 160c0-8.8-5-16.1-12-20.3V87.1l66 15.9c-8.6 17.2-14 36.4-14 57 0 70.7 57.3 128 128 128s128-57.3 128-128c0-20.6-5.3-39.8-14-57l96.3-23.2c18.2-4.4 18.2-27.1 0-31.5l-190.4-46c-13-3.1-26.7-3.1-39.7 0L13.6 48.2c-18.1 4.4-18.1 27.2 0 31.6z\"><\/path><\/svg>\t\t\t<\/div>\n\t\t<\/div>\n\t\t\t\t\t\t<\/div>\n\t\t\t\t<div class=\"elementor-element elementor-element-ca7f158 elementor-widget elementor-widget-heading\" data-id=\"ca7f158\" data-element_type=\"widget\" data-e-type=\"widget\" data-widget_type=\"heading.default\">\n\t\t\t\t\t<h6 class=\"elementor-heading-title elementor-size-default\">Nh\u00e2n s\u1ef1 gi\u00e0u chuy\u00ean m\u00f4n trong l\u0129nh v\u1ef1c Ch\u1ec9nh l\u00fd t\u00e0i li\u1ec7u<\/h6>\t\t\t\t<\/div>\n\t\t\t\t<\/div>\n\t\t<div class=\"elementor-element elementor-element-bf3e3e3 e-grid e-con-full e-con e-child\" data-id=\"bf3e3e3\" data-element_type=\"container\" data-e-type=\"container\">\n\t\t\t\t<div class=\"elementor-element elementor-element-2116ebd elementor-view-default elementor-widget elementor-widget-icon\" data-id=\"2116ebd\" data-element_type=\"widget\" data-e-type=\"widget\" data-widget_type=\"icon.default\">\n\t\t\t\t\t\t\t<div class=\"elementor-icon-wrapper\">\n\t\t\t<div class=\"elementor-icon\">\n\t\t\t<svg aria-hidden=\"true\" class=\"e-font-icon-svg e-fab-dashcube\" viewBox=\"0 0 448 512\" xmlns=\"http:\/\/www.w3.org\/2000\/svg\"><path d=\"M326.6 104H110.4c-51.1 0-91.2 43.3-91.2 93.5V427c0 50.5 40.1 85 91.2 85h227.2c51.1 0 91.2-34.5 91.2-85V0L326.6 104zM153.9 416.5c-17.7 0-32.4-15.1-32.4-32.8V240.8c0-17.7 14.7-32.5 32.4-32.5h140.7c17.7 0 32 14.8 32 32.5v123.5l51.1 52.3H153.9z\"><\/path><\/svg>\t\t\t<\/div>\n\t\t<\/div>\n\t\t\t\t\t\t<\/div>\n\t\t\t\t<div class=\"elementor-element elementor-element-92ca50a elementor-widget elementor-widget-heading\" data-id=\"92ca50a\" data-element_type=\"widget\" data-e-type=\"widget\" data-widget_type=\"heading.default\">\n\t\t\t\t\t<h6 class=\"elementor-heading-title elementor-size-default\">H\u1ec7 th\u1ed1ng qu\u1ea3n l\u00fd ch\u1ea5t l\u01b0\u1ee3ng v\u00e0 an ninh th\u00f4ng tin nghi\u00eam ng\u1eb7t<\/h6>\t\t\t\t<\/div>\n\t\t\t\t<\/div>\n\t\t<div class=\"elementor-element elementor-element-3f2f159 e-grid e-con-full e-con e-child\" data-id=\"3f2f159\" data-element_type=\"container\" data-e-type=\"container\">\n\t\t\t\t<div class=\"elementor-element elementor-element-f767197 elementor-view-default elementor-widget elementor-widget-icon\" data-id=\"f767197\" data-element_type=\"widget\" data-e-type=\"widget\" data-widget_type=\"icon.default\">\n\t\t\t\t\t\t\t<div class=\"elementor-icon-wrapper\">\n\t\t\t<div class=\"elementor-icon\">\n\t\t\t<svg aria-hidden=\"true\" class=\"e-font-icon-svg e-fab-instalod\" viewBox=\"0 0 512 512\" xmlns=\"http:\/\/www.w3.org\/2000\/svg\"><path d=\"M153.384,480H387.113L502.554,275.765,204.229,333.211ZM504.726,240.078,387.113,32H155.669L360.23,267.9ZM124.386,48.809,7.274,256,123.236,461.154,225.627,165.561Z\"><\/path><\/svg>\t\t\t<\/div>\n\t\t<\/div>\n\t\t\t\t\t\t<\/div>\n\t\t\t\t<div class=\"elementor-element elementor-element-c0561c0 elementor-widget elementor-widget-heading\" data-id=\"c0561c0\" data-element_type=\"widget\" data-e-type=\"widget\" data-widget_type=\"heading.default\">\n\t\t\t\t\t<h6 class=\"elementor-heading-title elementor-size-default\">Quy tr\u00ecnh v\u1eadn h\u00e0nh t\u1ed1i \u01b0u, tri\u1ec3n khai nhanh ch\u00f3ng<\/h6>\t\t\t\t<\/div>\n\t\t\t\t<\/div>\n\t\t<div class=\"elementor-element elementor-element-6555a38 e-grid e-con-full e-con e-child\" data-id=\"6555a38\" data-element_type=\"container\" data-e-type=\"container\">\n\t\t\t\t<div class=\"elementor-element elementor-element-f01ba8a elementor-view-default elementor-widget elementor-widget-icon\" data-id=\"f01ba8a\" data-element_type=\"widget\" data-e-type=\"widget\" data-widget_type=\"icon.default\">\n\t\t\t\t\t\t\t<div class=\"elementor-icon-wrapper\">\n\t\t\t<div class=\"elementor-icon\">\n\t\t\t<svg aria-hidden=\"true\" class=\"e-font-icon-svg e-fas-tools\" viewBox=\"0 0 512 512\" xmlns=\"http:\/\/www.w3.org\/2000\/svg\"><path d=\"M501.1 395.7L384 278.6c-23.1-23.1-57.6-27.6-85.4-13.9L192 158.1V96L64 0 0 64l96 128h62.1l106.6 106.6c-13.6 27.8-9.2 62.3 13.9 85.4l117.1 117.1c14.6 14.6 38.2 14.6 52.7 0l52.7-52.7c14.5-14.6 14.5-38.2 0-52.7zM331.7 225c28.3 0 54.9 11 74.9 31l19.4 19.4c15.8-6.9 30.8-16.5 43.8-29.5 37.1-37.1 49.7-89.3 37.9-136.7-2.2-9-13.5-12.1-20.1-5.5l-74.4 74.4-67.9-11.3L334 98.9l74.4-74.4c6.6-6.6 3.4-17.9-5.7-20.2-47.4-11.7-99.6.9-136.6 37.9-28.5 28.5-41.9 66.1-41.2 103.6l82.1 82.1c8.1-1.9 16.5-2.9 24.7-2.9zm-103.9 82l-56.7-56.7L18.7 402.8c-25 25-25 65.5 0 90.5s65.5 25 90.5 0l123.6-123.6c-7.6-19.9-9.9-41.6-5-62.7zM64 472c-13.2 0-24-10.8-24-24 0-13.3 10.7-24 24-24s24 10.7 24 24c0 13.2-10.7 24-24 24z\"><\/path><\/svg>\t\t\t<\/div>\n\t\t<\/div>\n\t\t\t\t\t\t<\/div>\n\t\t\t\t<div class=\"elementor-element elementor-element-54ec77a elementor-widget elementor-widget-heading\" data-id=\"54ec77a\" data-element_type=\"widget\" data-e-type=\"widget\" data-widget_type=\"heading.default\">\n\t\t\t\t\t<h6 class=\"elementor-heading-title elementor-size-default\">Trang thi\u1ebft b\u1ecb hi\u1ec7n \u0111\u1ea1i ph\u1ee5c v\u1ee5 c\u00f4ng t\u00e1c ch\u1ec9nh l\u00fd<\/h6>\t\t\t\t<\/div>\n\t\t\t\t<\/div>\n\t\t<div class=\"elementor-element elementor-element-96d9485 e-grid e-con-full e-con e-child\" data-id=\"96d9485\" data-element_type=\"container\" data-e-type=\"container\">\n\t\t\t\t<div class=\"elementor-element elementor-element-ad08675 elementor-view-default elementor-widget elementor-widget-icon\" data-id=\"ad08675\" data-element_type=\"widget\" data-e-type=\"widget\" data-widget_type=\"icon.default\">\n\t\t\t\t\t\t\t<div class=\"elementor-icon-wrapper\">\n\t\t\t<div class=\"elementor-icon\">\n\t\t\t<svg aria-hidden=\"true\" class=\"e-font-icon-svg e-fas-user-clock\" viewBox=\"0 0 640 512\" xmlns=\"http:\/\/www.w3.org\/2000\/svg\"><path d=\"M496 224c-79.6 0-144 64.4-144 144s64.4 144 144 144 144-64.4 144-144-64.4-144-144-144zm64 150.3c0 5.3-4.4 9.7-9.7 9.7h-60.6c-5.3 0-9.7-4.4-9.7-9.7v-76.6c0-5.3 4.4-9.7 9.7-9.7h12.6c5.3 0 9.7 4.4 9.7 9.7V352h38.3c5.3 0 9.7 4.4 9.7 9.7v12.6zM320 368c0-27.8 6.7-54.1 18.2-77.5-8-1.5-16.2-2.5-24.6-2.5h-16.7c-22.2 10.2-46.9 16-72.9 16s-50.6-5.8-72.9-16h-16.7C60.2 288 0 348.2 0 422.4V464c0 26.5 21.5 48 48 48h347.1c-45.3-31.9-75.1-84.5-75.1-144zm-96-112c70.7 0 128-57.3 128-128S294.7 0 224 0 96 57.3 96 128s57.3 128 128 128z\"><\/path><\/svg>\t\t\t<\/div>\n\t\t<\/div>\n\t\t\t\t\t\t<\/div>\n\t\t\t\t<div class=\"elementor-element elementor-element-ad50fd0 elementor-widget elementor-widget-heading\" data-id=\"ad50fd0\" data-element_type=\"widget\" data-e-type=\"widget\" data-widget_type=\"heading.default\">\n\t\t\t\t\t<h6 class=\"elementor-heading-title elementor-size-default\">\u0110\u1ea3m b\u1ea3o ti\u1ebfn \u0111\u1ed9 tri\u1ec3n khai d\u1ef1 \u00e1n<\/h6>\t\t\t\t<\/div>\n\t\t\t\t<\/div>\n\t\t<div class=\"elementor-element elementor-element-dff7236 e-grid e-con-full e-con e-child\" data-id=\"dff7236\" data-element_type=\"container\" data-e-type=\"container\">\n\t\t\t\t<div class=\"elementor-element elementor-element-4e929f8 elementor-view-default elementor-widget elementor-widget-icon\" data-id=\"4e929f8\" data-element_type=\"widget\" data-e-type=\"widget\" data-widget_type=\"icon.default\">\n\t\t\t\t\t\t\t<div class=\"elementor-icon-wrapper\">\n\t\t\t<div class=\"elementor-icon\">\n\t\t\t<svg aria-hidden=\"true\" class=\"e-font-icon-svg e-far-address-card\" viewBox=\"0 0 576 512\" xmlns=\"http:\/\/www.w3.org\/2000\/svg\"><path d=\"M528 32H48C21.5 32 0 53.5 0 80v352c0 26.5 21.5 48 48 48h480c26.5 0 48-21.5 48-48V80c0-26.5-21.5-48-48-48zm0 400H48V80h480v352zM208 256c35.3 0 64-28.7 64-64s-28.7-64-64-64-64 28.7-64 64 28.7 64 64 64zm-89.6 128h179.2c12.4 0 22.4-8.6 22.4-19.2v-19.2c0-31.8-30.1-57.6-67.2-57.6-10.8 0-18.7 8-44.8 8-26.9 0-33.4-8-44.8-8-37.1 0-67.2 25.8-67.2 57.6v19.2c0 10.6 10 19.2 22.4 19.2zM360 320h112c4.4 0 8-3.6 8-8v-16c0-4.4-3.6-8-8-8H360c-4.4 0-8 3.6-8 8v16c0 4.4 3.6 8 8 8zm0-64h112c4.4 0 8-3.6 8-8v-16c0-4.4-3.6-8-8-8H360c-4.4 0-8 3.6-8 8v16c0 4.4 3.6 8 8 8zm0-64h112c4.4 0 8-3.6 8-8v-16c0-4.4-3.6-8-8-8H360c-4.4 0-8 3.6-8 8v16c0 4.4 3.6 8 8 8z\"><\/path><\/svg>\t\t\t<\/div>\n\t\t<\/div>\n\t\t\t\t\t\t<\/div>\n\t\t\t\t<div class=\"elementor-element elementor-element-dc5cc57 elementor-widget elementor-widget-heading\" data-id=\"dc5cc57\" data-element_type=\"widget\" data-e-type=\"widget\" data-widget_type=\"heading.default\">\n\t\t\t\t\t<h6 class=\"elementor-heading-title elementor-size-default\">Tu\u00e2n th\u1ee7 nghi\u00eam ng\u1eb7t quy tr\u00ecnh ch\u1ec9nh l\u00fd t\u00e0i li\u1ec7u gi\u1ea5y theo quy \u0111\u1ecbnh c\u1ee7a C\u1ee5c V\u0103n\nth\u01b0 v\u00e0 L\u01b0u tr\u1eef Nh\u00e0 n\u01b0\u1edbc.<\/h6>\t\t\t\t<\/div>\n\t\t\t\t<\/div>\n\t\t\t\t\t<\/div>\n\t\t\t\t<\/div>\n\t\t\t\t<div class=\"elementor-element elementor-element-dce4fb1 elementor-widget elementor-widget-image\" data-id=\"dce4fb1\" data-element_type=\"widget\" data-e-type=\"widget\" data-widget_type=\"image.default\">\n\t\t\t\t\t\t\t\t\t\t\t\t\t\t\t<img decoding=\"async\" width=\"1085\" height=\"1536\" src=\"https:\/\/tdstech.com.vn\/tdsvietnam\/wp-content\/uploads\/2026\/04\/1111-2.png\" class=\"attachment-1536x1536 size-1536x1536 wp-image-1589\" alt=\"\" \/>\t\t\t\t\t\t\t\t\t\t\t\t\t\t\t<\/div>\n\t\t\t\t<\/div>\n\t\t\t\t<\/div>\n\t\t","protected":false},"excerpt":{"rendered":"<p>D\u1ecaCH V\u1ee4 CH\u1ec8NH L\u00dd Trong qu\u00e1 tr\u00ecnh h\u00ecnh th\u00e0nh v\u00e0 s\u1eed d\u1ee5ng, c\u00e1c h\u1ed3 s\u01a1, t\u00e0i li\u1ec7u th\u01b0\u1eddng ch\u01b0a \u0111\u00e1p \u1ee9ng \u0111\u01b0\u1ee3c\u00a0c\u00e1c y\u00eau c\u1ea7u v\u1ec1 nghi\u1ec7p v\u1ee5: l\u1ed9n x\u1ed9n, ch\u01b0a \u0111\u01b0\u1ee3c ph\u00e2n lo\u1ea1i, th\u1ed1ng k\u00ea\u2026 g\u00e2y kh\u00f3 kh\u0103n\u00a0trong qu\u00e1 tr\u00ecnh khai th\u00e1c v\u00e0 s\u1eed d\u1ee5ng. Hi\u1ec3u r\u00f5 nh\u1eefng kh\u00f3 kh\u0103n [&hellip;]<\/p>\n","protected":false},"author":1,"featured_media":0,"parent":0,"menu_order":0,"comment_status":"closed","ping_status":"closed","template":"elementor_header_footer","meta":{"_themeisle_gutenberg_block_has_review":false,"footnotes":""},"class_list":["post-1437","page","type-page","status-publish","hentry"],"rttpg_featured_image_url":null,"rttpg_author":{"display_name":"tdsvietnam","author_link":"https:\/\/tdstech.com.vn\/tdsvietnam\/author\/tdsvietnam\/"},"rttpg_comment":0,"rttpg_category":null,"rttpg_excerpt":"D\u1ecaCH V\u1ee4 CH\u1ec8NH L\u00dd Trong qu\u00e1 tr\u00ecnh h\u00ecnh th\u00e0nh v\u00e0 s\u1eed d\u1ee5ng, c\u00e1c h\u1ed3 s\u01a1, t\u00e0i li\u1ec7u th\u01b0\u1eddng ch\u01b0a \u0111\u00e1p \u1ee9ng \u0111\u01b0\u1ee3c\u00a0c\u00e1c y\u00eau c\u1ea7u v\u1ec1 nghi\u1ec7p v\u1ee5: l\u1ed9n x\u1ed9n, ch\u01b0a \u0111\u01b0\u1ee3c ph\u00e2n lo\u1ea1i, th\u1ed1ng k\u00ea\u2026 g\u00e2y kh\u00f3 kh\u0103n\u00a0trong qu\u00e1 tr\u00ecnh khai th\u00e1c v\u00e0 s\u1eed d\u1ee5ng. Hi\u1ec3u r\u00f5 nh\u1eefng kh\u00f3 kh\u0103n [&hellip;]","_links":{"self":[{"href":"https:\/\/tdstech.com.vn\/tdsvietnam\/wp-json\/wp\/v2\/pages\/1437","targetHints":{"allow":["GET"]}}],"collection":[{"href":"https:\/\/tdstech.com.vn\/tdsvietnam\/wp-json\/wp\/v2\/pages"}],"about":[{"href":"https:\/\/tdstech.com.vn\/tdsvietnam\/wp-json\/wp\/v2\/types\/page"}],"author":[{"embeddable":true,"href":"https:\/\/tdstech.com.vn\/tdsvietnam\/wp-json\/wp\/v2\/users\/1"}],"replies":[{"embeddable":true,"href":"https:\/\/tdstech.com.vn\/tdsvietnam\/wp-json\/wp\/v2\/comments?post=1437"}],"version-history":[{"count":52,"href":"https:\/\/tdstech.com.vn\/tdsvietnam\/wp-json\/wp\/v2\/pages\/1437\/revisions"}],"predecessor-version":[{"id":2681,"href":"https:\/\/tdstech.com.vn\/tdsvietnam\/wp-json\/wp\/v2\/pages\/1437\/revisions\/2681"}],"wp:attachment":[{"href":"https:\/\/tdstech.com.vn\/tdsvietnam\/wp-json\/wp\/v2\/media?parent=1437"}],"curies":[{"name":"wp","href":"https:\/\/api.w.org\/{rel}","templated":true}]}}