{"id":1433,"date":"2026-04-08T07:49:00","date_gmt":"2026-04-08T07:49:00","guid":{"rendered":"http:\/\/172.20.20.20\/tdsvietnam\/?page_id=1433"},"modified":"2026-04-16T09:45:24","modified_gmt":"2026-04-16T09:45:24","slug":"dich-vu-phan-mem","status":"publish","type":"page","link":"https:\/\/tdstech.com.vn\/tdsvietnam\/dich-vu-phan-mem\/","title":{"rendered":"D\u1ecbch v\u1ee5 ph\u1ea7n m\u1ec1m"},"content":{"rendered":"\t\t<div data-elementor-type=\"wp-page\" data-elementor-id=\"1433\" class=\"elementor elementor-1433\">\n\t\t\t\t<div class=\"elementor-element elementor-element-06ecf6f e-flex e-con-boxed e-con e-parent\" data-id=\"06ecf6f\" data-element_type=\"container\" data-e-type=\"container\" data-settings=\"{&quot;background_background&quot;:&quot;classic&quot;}\">\n\t\t\t\t\t<div class=\"e-con-inner\">\n\t\t\t\t<div class=\"elementor-element elementor-element-f443533 elementor-widget elementor-widget-spacer\" data-id=\"f443533\" data-element_type=\"widget\" data-e-type=\"widget\" data-widget_type=\"spacer.default\">\n\t\t\t\t\t\t\t<div class=\"elementor-spacer\">\n\t\t\t<div class=\"elementor-spacer-inner\"><\/div>\n\t\t<\/div>\n\t\t\t\t\t\t<\/div>\n\t\t\t\t<div class=\"elementor-element elementor-element-817c1fe elementor-widget elementor-widget-heading\" data-id=\"817c1fe\" data-element_type=\"widget\" data-e-type=\"widget\" data-widget_type=\"heading.default\">\n\t\t\t\t\t<h3 class=\"elementor-heading-title elementor-size-default\"><span style=\"color:black\">D\u1ecaCH V\u1ee4<\/span> PH\u1ea6N M\u1ec0M<\/h3>\t\t\t\t<\/div>\n\t\t\t\t<div class=\"elementor-element elementor-element-82cf140 elementor-widget elementor-widget-spacer\" data-id=\"82cf140\" data-element_type=\"widget\" data-e-type=\"widget\" data-widget_type=\"spacer.default\">\n\t\t\t\t\t\t\t<div class=\"elementor-spacer\">\n\t\t\t<div class=\"elementor-spacer-inner\"><\/div>\n\t\t<\/div>\n\t\t\t\t\t\t<\/div>\n\t\t\t\t<div class=\"elementor-element elementor-element-853fea0 elementor-invisible elementor-widget elementor-widget-heading\" data-id=\"853fea0\" data-element_type=\"widget\" data-e-type=\"widget\" data-settings=\"{&quot;_animation&quot;:&quot;fadeInLeft&quot;}\" data-widget_type=\"heading.default\">\n\t\t\t\t\t<h5 class=\"elementor-heading-title elementor-size-default\">Ph\u1ea7n m\u1ec1m thi c\u00f4ng s\u1ed1 ho\u00e1<\/h5>\t\t\t\t<\/div>\n\t\t<div class=\"elementor-element elementor-element-5035617 e-grid e-con-full elementor-invisible e-con e-child\" data-id=\"5035617\" data-element_type=\"container\" data-e-type=\"container\" data-settings=\"{&quot;animation&quot;:&quot;fadeInDown&quot;}\">\n\t\t<div class=\"elementor-element elementor-element-ba52d07 e-grid e-con-full e-con e-child\" data-id=\"ba52d07\" data-element_type=\"container\" data-e-type=\"container\" data-settings=\"{&quot;animation&quot;:&quot;none&quot;}\">\n\t\t\t\t<div class=\"elementor-element elementor-element-b1413d1 elementor-view-default elementor-widget elementor-widget-icon\" data-id=\"b1413d1\" data-element_type=\"widget\" data-e-type=\"widget\" data-widget_type=\"icon.default\">\n\t\t\t\t\t\t\t<div class=\"elementor-icon-wrapper\">\n\t\t\t<div class=\"elementor-icon\">\n\t\t\t<svg aria-hidden=\"true\" class=\"e-font-icon-svg e-fas-book-open\" viewBox=\"0 0 576 512\" xmlns=\"http:\/\/www.w3.org\/2000\/svg\"><path d=\"M542.22 32.05c-54.8 3.11-163.72 14.43-230.96 55.59-4.64 2.84-7.27 7.89-7.27 13.17v363.87c0 11.55 12.63 18.85 23.28 13.49 69.18-34.82 169.23-44.32 218.7-46.92 16.89-.89 30.02-14.43 30.02-30.66V62.75c.01-17.71-15.35-31.74-33.77-30.7zM264.73 87.64C197.5 46.48 88.58 35.17 33.78 32.05 15.36 31.01 0 45.04 0 62.75V400.6c0 16.24 13.13 29.78 30.02 30.66 49.49 2.6 149.59 12.11 218.77 46.95 10.62 5.35 23.21-1.94 23.21-13.46V100.63c0-5.29-2.62-10.14-7.27-12.99z\"><\/path><\/svg>\t\t\t<\/div>\n\t\t<\/div>\n\t\t\t\t\t\t<\/div>\n\t\t\t\t<div class=\"elementor-element elementor-element-124ca72 elementor-widget elementor-widget-text-editor\" data-id=\"124ca72\" data-element_type=\"widget\" data-e-type=\"widget\" data-widget_type=\"text-editor.default\">\n\t\t\t\t\t\t\t\t\t<p>Ph\u1ea7n m\u1ec1m tri\u1ec3n khai s\u1ed1 ho\u00e1 c\u00e1c lo\u1ea1i h\u1ed3 s\u01a1 T\u01b0 ph\u00e1p, h\u1ed9 t\u1ecbch<\/p>\t\t\t\t\t\t\t\t<\/div>\n\t\t\t\t<\/div>\n\t\t<div class=\"elementor-element elementor-element-2479420 e-grid e-con-full e-con e-child\" data-id=\"2479420\" data-element_type=\"container\" data-e-type=\"container\">\n\t\t\t\t<div class=\"elementor-element elementor-element-9cdb43e elementor-view-default elementor-widget elementor-widget-icon\" data-id=\"9cdb43e\" data-element_type=\"widget\" data-e-type=\"widget\" data-widget_type=\"icon.default\">\n\t\t\t\t\t\t\t<div class=\"elementor-icon-wrapper\">\n\t\t\t<div class=\"elementor-icon\">\n\t\t\t<svg aria-hidden=\"true\" class=\"e-font-icon-svg e-far-file\" viewBox=\"0 0 384 512\" xmlns=\"http:\/\/www.w3.org\/2000\/svg\"><path d=\"M369.9 97.9L286 14C277 5 264.8-.1 252.1-.1H48C21.5 0 0 21.5 0 48v416c0 26.5 21.5 48 48 48h288c26.5 0 48-21.5 48-48V131.9c0-12.7-5.1-25-14.1-34zM332.1 128H256V51.9l76.1 76.1zM48 464V48h160v104c0 13.3 10.7 24 24 24h104v288H48z\"><\/path><\/svg>\t\t\t<\/div>\n\t\t<\/div>\n\t\t\t\t\t\t<\/div>\n\t\t\t\t<div class=\"elementor-element elementor-element-7913aee elementor-widget elementor-widget-text-editor\" data-id=\"7913aee\" data-element_type=\"widget\" data-e-type=\"widget\" data-widget_type=\"text-editor.default\">\n\t\t\t\t\t\t\t\t\t<p>Ph\u1ea7n m\u1ec1m tri\u1ec3n khai s\u1ed1 ho\u00e1 c\u00e1c lo\u1ea1i h\u1ed3 s\u01a1 d\u1ef1 \u00e1n<\/p>\t\t\t\t\t\t\t\t<\/div>\n\t\t\t\t<\/div>\n\t\t<div class=\"elementor-element elementor-element-71f3858 e-grid e-con-full e-con e-child\" data-id=\"71f3858\" data-element_type=\"container\" data-e-type=\"container\">\n\t\t\t\t<div class=\"elementor-element elementor-element-c7d76d6 elementor-view-default elementor-widget elementor-widget-icon\" data-id=\"c7d76d6\" data-element_type=\"widget\" data-e-type=\"widget\" data-widget_type=\"icon.default\">\n\t\t\t\t\t\t\t<div class=\"elementor-icon-wrapper\">\n\t\t\t<div class=\"elementor-icon\">\n\t\t\t<svg aria-hidden=\"true\" class=\"e-font-icon-svg e-fas-file-alt\" viewBox=\"0 0 384 512\" xmlns=\"http:\/\/www.w3.org\/2000\/svg\"><path d=\"M224 136V0H24C10.7 0 0 10.7 0 24v464c0 13.3 10.7 24 24 24h336c13.3 0 24-10.7 24-24V160H248c-13.2 0-24-10.8-24-24zm64 236c0 6.6-5.4 12-12 12H108c-6.6 0-12-5.4-12-12v-8c0-6.6 5.4-12 12-12h168c6.6 0 12 5.4 12 12v8zm0-64c0 6.6-5.4 12-12 12H108c-6.6 0-12-5.4-12-12v-8c0-6.6 5.4-12 12-12h168c6.6 0 12 5.4 12 12v8zm0-72v8c0 6.6-5.4 12-12 12H108c-6.6 0-12-5.4-12-12v-8c0-6.6 5.4-12 12-12h168c6.6 0 12 5.4 12 12zm96-114.1v6.1H256V0h6.1c6.4 0 12.5 2.5 17 7l97.9 98c4.5 4.5 7 10.6 7 16.9z\"><\/path><\/svg>\t\t\t<\/div>\n\t\t<\/div>\n\t\t\t\t\t\t<\/div>\n\t\t\t\t<div class=\"elementor-element elementor-element-3f577af elementor-widget elementor-widget-text-editor\" data-id=\"3f577af\" data-element_type=\"widget\" data-e-type=\"widget\" data-widget_type=\"text-editor.default\">\n\t\t\t\t\t\t\t\t\t<p>Ph\u1ea7n m\u1ec1m tri\u1ec3n khai s\u1ed1 ho\u00e1 c\u00e1c lo\u1ea1i h\u1ed3 s\u01a1 v\u0103n b\u1ea3n, th\u1ee7 t\u1ee5c h\u00e0nh ch\u00ednh<\/p>\t\t\t\t\t\t\t\t<\/div>\n\t\t\t\t<\/div>\n\t\t\t\t<\/div>\n\t\t\t\t<div class=\"elementor-element elementor-element-673a2fa elementor-invisible elementor-widget elementor-widget-heading\" data-id=\"673a2fa\" data-element_type=\"widget\" data-e-type=\"widget\" data-settings=\"{&quot;_animation&quot;:&quot;fadeInRight&quot;}\" data-widget_type=\"heading.default\">\n\t\t\t\t\t<h5 class=\"elementor-heading-title elementor-size-default\">Ph\u1ea7n m\u1ec1m l\u01b0u tr\u1eef<\/h5>\t\t\t\t<\/div>\n\t\t<div class=\"elementor-element elementor-element-a0c9d71 e-grid e-con-full elementor-invisible e-con e-child\" data-id=\"a0c9d71\" data-element_type=\"container\" data-e-type=\"container\" data-settings=\"{&quot;animation&quot;:&quot;fadeInUp&quot;}\">\n\t\t<div class=\"elementor-element elementor-element-0992141 e-grid e-con-full e-con e-child\" data-id=\"0992141\" data-element_type=\"container\" data-e-type=\"container\">\n\t\t\t\t<div class=\"elementor-element elementor-element-3f4c65f elementor-view-default elementor-widget elementor-widget-icon\" data-id=\"3f4c65f\" data-element_type=\"widget\" data-e-type=\"widget\" data-widget_type=\"icon.default\">\n\t\t\t\t\t\t\t<div class=\"elementor-icon-wrapper\">\n\t\t\t<div class=\"elementor-icon\">\n\t\t\t<svg aria-hidden=\"true\" class=\"e-font-icon-svg e-fas-city\" viewBox=\"0 0 640 512\" xmlns=\"http:\/\/www.w3.org\/2000\/svg\"><path d=\"M616 192H480V24c0-13.26-10.74-24-24-24H312c-13.26 0-24 10.74-24 24v72h-64V16c0-8.84-7.16-16-16-16h-16c-8.84 0-16 7.16-16 16v80h-64V16c0-8.84-7.16-16-16-16H80c-8.84 0-16 7.16-16 16v80H24c-13.26 0-24 10.74-24 24v360c0 17.67 14.33 32 32 32h576c17.67 0 32-14.33 32-32V216c0-13.26-10.75-24-24-24zM128 404c0 6.63-5.37 12-12 12H76c-6.63 0-12-5.37-12-12v-40c0-6.63 5.37-12 12-12h40c6.63 0 12 5.37 12 12v40zm0-96c0 6.63-5.37 12-12 12H76c-6.63 0-12-5.37-12-12v-40c0-6.63 5.37-12 12-12h40c6.63 0 12 5.37 12 12v40zm0-96c0 6.63-5.37 12-12 12H76c-6.63 0-12-5.37-12-12v-40c0-6.63 5.37-12 12-12h40c6.63 0 12 5.37 12 12v40zm128 192c0 6.63-5.37 12-12 12h-40c-6.63 0-12-5.37-12-12v-40c0-6.63 5.37-12 12-12h40c6.63 0 12 5.37 12 12v40zm0-96c0 6.63-5.37 12-12 12h-40c-6.63 0-12-5.37-12-12v-40c0-6.63 5.37-12 12-12h40c6.63 0 12 5.37 12 12v40zm0-96c0 6.63-5.37 12-12 12h-40c-6.63 0-12-5.37-12-12v-40c0-6.63 5.37-12 12-12h40c6.63 0 12 5.37 12 12v40zm160 96c0 6.63-5.37 12-12 12h-40c-6.63 0-12-5.37-12-12v-40c0-6.63 5.37-12 12-12h40c6.63 0 12 5.37 12 12v40zm0-96c0 6.63-5.37 12-12 12h-40c-6.63 0-12-5.37-12-12v-40c0-6.63 5.37-12 12-12h40c6.63 0 12 5.37 12 12v40zm0-96c0 6.63-5.37 12-12 12h-40c-6.63 0-12-5.37-12-12V76c0-6.63 5.37-12 12-12h40c6.63 0 12 5.37 12 12v40zm160 288c0 6.63-5.37 12-12 12h-40c-6.63 0-12-5.37-12-12v-40c0-6.63 5.37-12 12-12h40c6.63 0 12 5.37 12 12v40zm0-96c0 6.63-5.37 12-12 12h-40c-6.63 0-12-5.37-12-12v-40c0-6.63 5.37-12 12-12h40c6.63 0 12 5.37 12 12v40z\"><\/path><\/svg>\t\t\t<\/div>\n\t\t<\/div>\n\t\t\t\t\t\t<\/div>\n\t\t\t\t<div class=\"elementor-element elementor-element-5aaf1e5 elementor-widget elementor-widget-text-editor\" data-id=\"5aaf1e5\" data-element_type=\"widget\" data-e-type=\"widget\" data-widget_type=\"text-editor.default\">\n\t\t\t\t\t\t\t\t\t<p>Ph\u1ea7n m\u1ec1m qu\u1ea3n l\u00fd h\u1ed9 t\u1ecbch<\/p>\t\t\t\t\t\t\t\t<\/div>\n\t\t\t\t<\/div>\n\t\t<div class=\"elementor-element elementor-element-9b1e39a e-grid e-con-full e-con e-child\" data-id=\"9b1e39a\" data-element_type=\"container\" data-e-type=\"container\">\n\t\t\t\t<div class=\"elementor-element elementor-element-329c86f elementor-view-default elementor-widget elementor-widget-icon\" data-id=\"329c86f\" data-element_type=\"widget\" data-e-type=\"widget\" data-widget_type=\"icon.default\">\n\t\t\t\t\t\t\t<div class=\"elementor-icon-wrapper\">\n\t\t\t<div class=\"elementor-icon\">\n\t\t\t<svg aria-hidden=\"true\" class=\"e-font-icon-svg e-fas-compass\" viewBox=\"0 0 496 512\" xmlns=\"http:\/\/www.w3.org\/2000\/svg\"><path d=\"M225.38 233.37c-12.5 12.5-12.5 32.76 0 45.25 12.49 12.5 32.76 12.5 45.25 0 12.5-12.5 12.5-32.76 0-45.25-12.5-12.49-32.76-12.49-45.25 0zM248 8C111.03 8 0 119.03 0 256s111.03 248 248 248 248-111.03 248-248S384.97 8 248 8zm126.14 148.05L308.17 300.4a31.938 31.938 0 0 1-15.77 15.77l-144.34 65.97c-16.65 7.61-33.81-9.55-26.2-26.2l65.98-144.35a31.938 31.938 0 0 1 15.77-15.77l144.34-65.97c16.65-7.6 33.8 9.55 26.19 26.2z\"><\/path><\/svg>\t\t\t<\/div>\n\t\t<\/div>\n\t\t\t\t\t\t<\/div>\n\t\t\t\t<div class=\"elementor-element elementor-element-b08681c elementor-widget elementor-widget-text-editor\" data-id=\"b08681c\" data-element_type=\"widget\" data-e-type=\"widget\" data-widget_type=\"text-editor.default\">\n\t\t\t\t\t\t\t\t\t<p>Ph\u1ea7n m\u1ec1m qu\u1ea3n tr\u1ecb t\u00e0i li\u1ec7u v\u00e0 \u0111i\u1ec1u h\u00e0nh t\u00e1c nghi\u1ec7p d\u00e0nh cho doanh nghi\u1ec7p c\u00e1c c\u01a1 quan, t\u1ed5 ch\u1ee9c v\u00e0 c\u00e1 nh\u00e2n<\/p>\t\t\t\t\t\t\t\t<\/div>\n\t\t\t\t<\/div>\n\t\t<div class=\"elementor-element elementor-element-4cf6d7e e-grid e-con-full e-con e-child\" data-id=\"4cf6d7e\" data-element_type=\"container\" data-e-type=\"container\">\n\t\t\t\t<div class=\"elementor-element elementor-element-ebdd3ea elementor-view-default elementor-widget elementor-widget-icon\" data-id=\"ebdd3ea\" data-element_type=\"widget\" data-e-type=\"widget\" data-widget_type=\"icon.default\">\n\t\t\t\t\t\t\t<div class=\"elementor-icon-wrapper\">\n\t\t\t<div class=\"elementor-icon\">\n\t\t\t<svg aria-hidden=\"true\" class=\"e-font-icon-svg e-fas-info-circle\" viewBox=\"0 0 512 512\" xmlns=\"http:\/\/www.w3.org\/2000\/svg\"><path d=\"M256 8C119.043 8 8 119.083 8 256c0 136.997 111.043 248 248 248s248-111.003 248-248C504 119.083 392.957 8 256 8zm0 110c23.196 0 42 18.804 42 42s-18.804 42-42 42-42-18.804-42-42 18.804-42 42-42zm56 254c0 6.627-5.373 12-12 12h-88c-6.627 0-12-5.373-12-12v-24c0-6.627 5.373-12 12-12h12v-64h-12c-6.627 0-12-5.373-12-12v-24c0-6.627 5.373-12 12-12h64c6.627 0 12 5.373 12 12v100h12c6.627 0 12 5.373 12 12v24z\"><\/path><\/svg>\t\t\t<\/div>\n\t\t<\/div>\n\t\t\t\t\t\t<\/div>\n\t\t\t\t<div class=\"elementor-element elementor-element-8ce05ad elementor-widget elementor-widget-text-editor\" data-id=\"8ce05ad\" data-element_type=\"widget\" data-e-type=\"widget\" data-widget_type=\"text-editor.default\">\n\t\t\t\t\t\t\t\t\t<p>Ph\u1ea7n m\u1ec1m h\u1ec7 th\u1ed1ng qu\u1ea3n l\u00fd th\u00f4ng tin v\u00e0 c\u01a1 s\u1edf d\u1eef li\u1ec7u<\/p>\t\t\t\t\t\t\t\t<\/div>\n\t\t\t\t<\/div>\n\t\t\t\t<\/div>\n\t\t<div class=\"elementor-element elementor-element-3c3e2cf e-con-full e-flex e-con e-child\" data-id=\"3c3e2cf\" data-element_type=\"container\" data-e-type=\"container\">\n\t\t\t\t<div class=\"elementor-element elementor-element-efe4dc4 elementor-widget elementor-widget-image\" data-id=\"efe4dc4\" data-element_type=\"widget\" data-e-type=\"widget\" data-widget_type=\"image.default\">\n\t\t\t\t\t\t\t\t\t\t\t\t\t\t\t<img fetchpriority=\"high\" decoding=\"async\" width=\"750\" height=\"465\" src=\"https:\/\/tdstech.com.vn\/tdsvietnam\/wp-content\/uploads\/2026\/04\/Profile_TDS-2026.pdf_page_16.png\" class=\"attachment-large size-large wp-image-1841\" alt=\"\" \/>\t\t\t\t\t\t\t\t\t\t\t\t\t\t\t<\/div>\n\t\t\t\t<\/div>\n\t\t\t\t\t<\/div>\n\t\t\t\t<\/div>\n\t\t\t\t<\/div>\n\t\t","protected":false},"excerpt":{"rendered":"<p>D\u1ecaCH V\u1ee4 PH\u1ea6N M\u1ec0M Ph\u1ea7n m\u1ec1m thi c\u00f4ng s\u1ed1 ho\u00e1 Ph\u1ea7n m\u1ec1m tri\u1ec3n khai s\u1ed1 ho\u00e1 c\u00e1c lo\u1ea1i h\u1ed3 s\u01a1 T\u01b0 ph\u00e1p, h\u1ed9 t\u1ecbch Ph\u1ea7n m\u1ec1m tri\u1ec3n khai s\u1ed1 ho\u00e1 c\u00e1c lo\u1ea1i h\u1ed3 s\u01a1 d\u1ef1 \u00e1n Ph\u1ea7n m\u1ec1m tri\u1ec3n khai s\u1ed1 ho\u00e1 c\u00e1c lo\u1ea1i h\u1ed3 s\u01a1 v\u0103n b\u1ea3n, th\u1ee7 t\u1ee5c [&hellip;]<\/p>\n","protected":false},"author":1,"featured_media":0,"parent":0,"menu_order":0,"comment_status":"closed","ping_status":"closed","template":"elementor_header_footer","meta":{"_themeisle_gutenberg_block_has_review":false,"footnotes":""},"class_list":["post-1433","page","type-page","status-publish","hentry"],"rttpg_featured_image_url":null,"rttpg_author":{"display_name":"tdsvietnam","author_link":"https:\/\/tdstech.com.vn\/tdsvietnam\/author\/tdsvietnam\/"},"rttpg_comment":0,"rttpg_category":null,"rttpg_excerpt":"D\u1ecaCH V\u1ee4 PH\u1ea6N M\u1ec0M Ph\u1ea7n m\u1ec1m thi c\u00f4ng s\u1ed1 ho\u00e1 Ph\u1ea7n m\u1ec1m tri\u1ec3n khai s\u1ed1 ho\u00e1 c\u00e1c lo\u1ea1i h\u1ed3 s\u01a1 T\u01b0 ph\u00e1p, h\u1ed9 t\u1ecbch Ph\u1ea7n m\u1ec1m tri\u1ec3n khai s\u1ed1 ho\u00e1 c\u00e1c lo\u1ea1i h\u1ed3 s\u01a1 d\u1ef1 \u00e1n Ph\u1ea7n m\u1ec1m tri\u1ec3n khai s\u1ed1 ho\u00e1 c\u00e1c lo\u1ea1i h\u1ed3 s\u01a1 v\u0103n b\u1ea3n, th\u1ee7 t\u1ee5c [&hellip;]","_links":{"self":[{"href":"https:\/\/tdstech.com.vn\/tdsvietnam\/wp-json\/wp\/v2\/pages\/1433","targetHints":{"allow":["GET"]}}],"collection":[{"href":"https:\/\/tdstech.com.vn\/tdsvietnam\/wp-json\/wp\/v2\/pages"}],"about":[{"href":"https:\/\/tdstech.com.vn\/tdsvietnam\/wp-json\/wp\/v2\/types\/page"}],"author":[{"embeddable":true,"href":"https:\/\/tdstech.com.vn\/tdsvietnam\/wp-json\/wp\/v2\/users\/1"}],"replies":[{"embeddable":true,"href":"https:\/\/tdstech.com.vn\/tdsvietnam\/wp-json\/wp\/v2\/comments?post=1433"}],"version-history":[{"count":46,"href":"https:\/\/tdstech.com.vn\/tdsvietnam\/wp-json\/wp\/v2\/pages\/1433\/revisions"}],"predecessor-version":[{"id":2691,"href":"https:\/\/tdstech.com.vn\/tdsvietnam\/wp-json\/wp\/v2\/pages\/1433\/revisions\/2691"}],"wp:attachment":[{"href":"https:\/\/tdstech.com.vn\/tdsvietnam\/wp-json\/wp\/v2\/media?parent=1433"}],"curies":[{"name":"wp","href":"https:\/\/api.w.org\/{rel}","templated":true}]}}