{"id":1429,"date":"2026-04-08T07:48:10","date_gmt":"2026-04-08T07:48:10","guid":{"rendered":"http:\/\/172.20.20.20\/tdsvietnam\/?page_id=1429"},"modified":"2026-04-16T10:24:24","modified_gmt":"2026-04-16T10:24:24","slug":"dich-vu-so-hoa","status":"publish","type":"page","link":"https:\/\/tdstech.com.vn\/tdsvietnam\/dich-vu-so-hoa\/","title":{"rendered":"D\u1ecbch v\u1ee5 s\u1ed1 h\u00f3a"},"content":{"rendered":"\t\t<div data-elementor-type=\"wp-page\" data-elementor-id=\"1429\" class=\"elementor elementor-1429\">\n\t\t\t\t<div class=\"elementor-element elementor-element-022fcff e-flex e-con-boxed e-con e-parent\" data-id=\"022fcff\" data-element_type=\"container\" data-e-type=\"container\" data-settings=\"{&quot;background_background&quot;:&quot;classic&quot;}\">\n\t\t\t\t\t<div class=\"e-con-inner\">\n\t\t<div class=\"elementor-element elementor-element-a672bf2 e-grid e-con-boxed e-con e-child\" data-id=\"a672bf2\" data-element_type=\"container\" data-e-type=\"container\" data-settings=\"{&quot;background_background&quot;:&quot;slideshow&quot;,&quot;background_slideshow_gallery&quot;:[{&quot;id&quot;:122,&quot;url&quot;:&quot;http:\\\/\\\/tdstech.com.vn\\\/tdsvietnam\\\/wp-content\\\/uploads\\\/2026\\\/04\\\/bg-hst-1.png&quot;}],&quot;background_slideshow_loop&quot;:&quot;yes&quot;,&quot;background_slideshow_slide_duration&quot;:5000,&quot;background_slideshow_slide_transition&quot;:&quot;fade&quot;,&quot;background_slideshow_transition_duration&quot;:500}\">\n\t\t\t\t\t<div class=\"e-con-inner\">\n\t\t\t\t<div class=\"elementor-element elementor-element-777fe6b elementor-widget elementor-widget-text-editor\" data-id=\"777fe6b\" data-element_type=\"widget\" data-e-type=\"widget\" data-widget_type=\"text-editor.default\">\n\t\t\t\t\t\t\t\t\t<p><strong>1.<\/strong> H\u1ed7 tr\u1ee3 truy c\u1eadp, t\u00ecm ki\u1ebfm v\u00e0 chia s\u1ebb d\u1eef li\u1ec7u \u0111i\u1ec7n t\u1eed nhanh ch\u00f3ng, m\u1ecdi l\u00fac m\u1ecdi n\u01a1i t\u0103ng kh\u1ea3 n\u0103ng l\u00e0m vi\u1ec7c ph\u1ed1i h\u1ee3p v\u00e0 gi\u00fap h\u1ed7 tr\u1ee3 hi\u1ec7u qu\u1ea3 qu\u00e1 tr\u00ecnh ra quy\u1ebft \u0111\u1ecbnh c\u1ee7a c\u00e1c c\u1ea5p qu\u1ea3n l\u00fd.<\/p>\t\t\t\t\t\t\t\t<\/div>\n\t\t\t\t<div class=\"elementor-element elementor-element-d6c1adb elementor-widget elementor-widget-text-editor\" data-id=\"d6c1adb\" data-element_type=\"widget\" data-e-type=\"widget\" data-widget_type=\"text-editor.default\">\n\t\t\t\t\t\t\t\t\t<p><strong>2<\/strong>. Lo\u1ea1i b\u1ecf l\u00e3ng ph\u00ed v\u1ec1 kh\u00f4ng gian, th\u1eddi gian, ng\u00e2n s\u00e1ch v\u00e0 nh\u00e2n s\u1ef1 trong c\u00f4ng t\u00e1c l\u01b0u tr\u1eef, qu\u1ea3n l\u00fd t\u00e0i li\u1ec7u. \u0110\u1ed3ng b\u1ed9 d\u1eef li\u1ec7u c\u0169 v\u00e0 m\u1edbi c\u1ee7a t\u1ed5 ch\u1ee9c d\u01b0\u1edbi d\u1ea1ng \u0111i\u1ec7n t\u1eed, tr\u00ean c\u00f9ng m\u1ed9t h\u1ec7 th\u1ed1ng, ti\u1ec7n l\u1ee3i cho l\u01b0u tr\u1eef, qu\u1ea3n l\u00fd, s\u1eed d\u1ee5ng.<\/p>\t\t\t\t\t\t\t\t<\/div>\n\t\t\t\t<div class=\"elementor-element elementor-element-66860e6 elementor-widget elementor-widget-text-editor\" data-id=\"66860e6\" data-element_type=\"widget\" data-e-type=\"widget\" data-widget_type=\"text-editor.default\">\n\t\t\t\t\t\t\t\t\t<p><strong>3.<\/strong> Ph\u00e2n quy\u1ec1n, ki\u1ec3m so\u00e1t v\u00e0 b\u1ea3o v\u1ec7 d\u1eef li\u1ec7u \u0111i\u1ec7n t\u1eed ch\u1eb7t ch\u1ebd, \u0111\u1ed3ng th\u1eddi, ph\u1ee5c h\u1ed3i d\u1eef li\u1ec7u d\u1ec5 d\u00e0ng khi c\u00f3 s\u1ef1 c\u1ed1.<\/p>\t\t\t\t\t\t\t\t<\/div>\n\t\t\t\t<div class=\"elementor-element elementor-element-872153d elementor-widget elementor-widget-text-editor\" data-id=\"872153d\" data-element_type=\"widget\" data-e-type=\"widget\" data-widget_type=\"text-editor.default\">\n\t\t\t\t\t\t\t\t\t<p><strong>4.<\/strong> T\u1ea1o l\u1eadp c\u01a1 s\u1edf d\u1eef li\u1ec7u \u0111i\u1ec7n t\u1eed d\u00f9ng chung, s\u1eb5n s\u00e0ng cho c\u00e1c giai \u0111o\u1ea1n tri\u1ec3n khai ti\u1ebfp theo c\u1ee7a l\u1ed9 tr\u00ecnh chuy\u1ec3n \u0111\u1ed5i s\u1ed1 l\u1ea5y d\u1eef li\u1ec7u l\u00e0m trung t\u00e2m.<\/p>\t\t\t\t\t\t\t\t<\/div>\n\t\t\t\t\t<\/div>\n\t\t\t\t<\/div>\n\t\t<div class=\"elementor-element elementor-element-3bc9367 e-flex e-con-boxed e-con e-child\" data-id=\"3bc9367\" data-element_type=\"container\" data-e-type=\"container\">\n\t\t\t\t\t<div class=\"e-con-inner\">\n\t\t\t\t<div class=\"elementor-element elementor-element-051b924 elementor-widget elementor-widget-heading\" data-id=\"051b924\" data-element_type=\"widget\" data-e-type=\"widget\" data-widget_type=\"heading.default\">\n\t\t\t\t\t<h2 class=\"elementor-heading-title elementor-size-default\"><span style=\"color:black\">D\u1ecaCH V\u1ee4<\/span> S\u1ed0 HO\u00c1<\/h2>\t\t\t\t<\/div>\n\t\t\t\t<div class=\"elementor-element elementor-element-e4ea1ea elementor-widget elementor-widget-spacer\" data-id=\"e4ea1ea\" data-element_type=\"widget\" data-e-type=\"widget\" data-widget_type=\"spacer.default\">\n\t\t\t\t\t\t\t<div class=\"elementor-spacer\">\n\t\t\t<div class=\"elementor-spacer-inner\"><\/div>\n\t\t<\/div>\n\t\t\t\t\t\t<\/div>\n\t\t\t\t<div class=\"elementor-element elementor-element-0c4c25b elementor-widget elementor-widget-text-editor\" data-id=\"0c4c25b\" data-element_type=\"widget\" data-e-type=\"widget\" data-widget_type=\"text-editor.default\">\n\t\t\t\t\t\t\t\t\t<p>D\u1ecbch v\u1ee5 s\u1ed1 h\u00f3a t\u00e0i li\u1ec7u l\u00e0 m\u1ed9t trong nh\u1eefng gi\u1ea3i ph\u00e1p gi\u00fap t\u1ed5 ch\u1ee9c, doanh nghi\u1ec7p chuy\u1ec3n \u0111\u1ed5i c\u00e1c d\u1ea1ng t\u00e0i li\u1ec7u truy\u1ec1n th\u1ed1ng nh\u01b0 v\u0103n b\u1ea3n vi\u1ebft tay, b\u1ea3n in tr\u00ean gi\u1ea5y, v\u1edbi nhi\u1ec1u \u0111\u1ecbnh d\u1ea1ng v\u00e0 k\u00edch th\u01b0\u1edbc kh\u00e1c nhau th\u00e0nh d\u1ea1ng d\u1eef li\u1ec7u \u0111i\u1ec7n t\u1eed, t\u1ea1o l\u1eadp n\u00ean nh\u1eefng c\u01a1 s\u1edf d\u1eef li\u1ec7u t\u1eadp trung v\u00e0 \u0111\u1ed3ng b\u1ed9.<\/p>\t\t\t\t\t\t\t\t<\/div>\n\t\t\t\t<div class=\"elementor-element elementor-element-c32dcef elementor-widget elementor-widget-spacer\" data-id=\"c32dcef\" data-element_type=\"widget\" data-e-type=\"widget\" data-widget_type=\"spacer.default\">\n\t\t\t\t\t\t\t<div class=\"elementor-spacer\">\n\t\t\t<div class=\"elementor-spacer-inner\"><\/div>\n\t\t<\/div>\n\t\t\t\t\t\t<\/div>\n\t\t\t\t<div class=\"elementor-element elementor-element-ed3f9e7 elementor-widget elementor-widget-image\" data-id=\"ed3f9e7\" data-element_type=\"widget\" data-e-type=\"widget\" data-widget_type=\"image.default\">\n\t\t\t\t\t\t\t\t\t\t\t\t\t\t\t<img fetchpriority=\"high\" decoding=\"async\" width=\"750\" height=\"232\" src=\"http:\/\/tdstech.com.vn\/tdsvietnam\/wp-content\/uploads\/2026\/04\/z7732216584619_5954b402370e092aca956f69c3a88d4b.jpg\" class=\"attachment-large size-large wp-image-2725\" alt=\"\" \/>\t\t\t\t\t\t\t\t\t\t\t\t\t\t\t<\/div>\n\t\t<div class=\"elementor-element elementor-element-3195e81 e-flex e-con-boxed e-con e-child\" data-id=\"3195e81\" data-element_type=\"container\" data-e-type=\"container\">\n\t\t\t\t\t<div class=\"e-con-inner\">\n\t\t\t\t<div class=\"elementor-element elementor-element-15e994d elementor-widget elementor-widget-heading\" data-id=\"15e994d\" data-element_type=\"widget\" data-e-type=\"widget\" data-widget_type=\"heading.default\">\n\t\t\t\t\t<h5 class=\"elementor-heading-title elementor-size-default\">D\u1ecbch v\u1ee5 scan<\/h5>\t\t\t\t<\/div>\n\t\t\t\t\t<\/div>\n\t\t\t\t<\/div>\n\t\t\t\t<div class=\"elementor-element elementor-element-c5ab41c elementor-widget elementor-widget-text-editor\" data-id=\"c5ab41c\" data-element_type=\"widget\" data-e-type=\"widget\" data-widget_type=\"text-editor.default\">\n\t\t\t\t\t\t\t\t\t<p>Scan t\u00e0i li\u1ec7u l\u00e0 b\u01b0\u1edbc quan tr\u1ecdng trong quy tr\u00ecnh s\u1ed1 h\u00f3a. TDS \u0111\u00e1p \u1ee9ng t\u1ea5t c\u1ea3 c\u00e1c nhu c\u1ea7u scan c\u1ee7a kh\u00e1ch h\u00e0ng v\u1edbi gi\u00e1 c\u1ea3 c\u1ea1nh tranh nh\u1ea5t. Cho ph\u00e9p scan c\u00e1c t\u00e0i li\u1ec7u c\u1ee9ng th\u00e0nh c\u00e1c \u0111\u1ecbnh d\u1ea1ng s\u1ed1 kh\u00e1c nhau theo y\u00eau c\u1ea7u c\u1ee7a kh\u00e1ch h\u00e0ng: PDF, TIFF, JPG, PNG\u2026 Hi\u1ec7n t\u1ea1i scan t\u00e0i li\u1ec7u c\u1ee7a TDS g\u1ed3m 2 g\u00f3i d\u1ecbch v\u1ee5 ch\u00ednh: D\u1ecbch v\u1ee5 scan Onsite (Scan t\u1ea1i \u0111\u1ecba \u0111i\u1ec3m thi c\u00f4ng c\u1ee7a kh\u00e1ch h\u00e0ng) v\u00e0 Offsite (Scan t\u1ea1i \u0111\u1ecba \u0111i\u1ec3m c\u1ee7a TDS).<\/p>\t\t\t\t\t\t\t\t<\/div>\n\t\t\t\t<div class=\"elementor-element elementor-element-f25ec10 elementor-widget elementor-widget-image\" data-id=\"f25ec10\" data-element_type=\"widget\" data-e-type=\"widget\" data-widget_type=\"image.default\">\n\t\t\t\t\t\t\t\t\t\t\t\t\t\t\t<img decoding=\"async\" width=\"750\" height=\"502\" src=\"http:\/\/tdstech.com.vn\/tdsvietnam\/wp-content\/uploads\/2026\/04\/Profile_TDS-2026.pdf_page_12-1.png\" class=\"attachment-large size-large wp-image-1656\" alt=\"\" \/>\t\t\t\t\t\t\t\t\t\t\t\t\t\t\t<\/div>\n\t\t<div class=\"elementor-element elementor-element-7bfc386 e-con-full e-flex e-con e-child\" data-id=\"7bfc386\" data-element_type=\"container\" data-e-type=\"container\">\n\t\t\t\t<div class=\"elementor-element elementor-element-8a28017 elementor-widget elementor-widget-heading\" data-id=\"8a28017\" data-element_type=\"widget\" data-e-type=\"widget\" data-widget_type=\"heading.default\">\n\t\t\t\t\t<h5 class=\"elementor-heading-title elementor-size-default\">L\u00fd do n\u00ean ch\u1ecdn TDS<\/h5>\t\t\t\t<\/div>\n\t\t<div class=\"elementor-element elementor-element-ec5eee5 e-grid e-con-full e-con e-child\" data-id=\"ec5eee5\" data-element_type=\"container\" data-e-type=\"container\">\n\t\t<div class=\"elementor-element elementor-element-dbb4c0d e-grid e-con-full elementor-invisible e-con e-child\" data-id=\"dbb4c0d\" data-element_type=\"container\" data-e-type=\"container\" data-settings=\"{&quot;animation&quot;:&quot;fadeInUp&quot;}\">\n\t\t\t\t<div class=\"elementor-element elementor-element-e20f605 elementor-view-default elementor-widget elementor-widget-icon\" data-id=\"e20f605\" data-element_type=\"widget\" data-e-type=\"widget\" data-widget_type=\"icon.default\">\n\t\t\t\t\t\t\t<div class=\"elementor-icon-wrapper\">\n\t\t\t<div class=\"elementor-icon\">\n\t\t\t<svg aria-hidden=\"true\" class=\"e-font-icon-svg e-fas-file-pdf\" viewBox=\"0 0 384 512\" xmlns=\"http:\/\/www.w3.org\/2000\/svg\"><path d=\"M181.9 256.1c-5-16-4.9-46.9-2-46.9 8.4 0 7.6 36.9 2 46.9zm-1.7 47.2c-7.7 20.2-17.3 43.3-28.4 62.7 18.3-7 39-17.2 62.9-21.9-12.7-9.6-24.9-23.4-34.5-40.8zM86.1 428.1c0 .8 13.2-5.4 34.9-40.2-6.7 6.3-29.1 24.5-34.9 40.2zM248 160h136v328c0 13.3-10.7 24-24 24H24c-13.3 0-24-10.7-24-24V24C0 10.7 10.7 0 24 0h200v136c0 13.2 10.8 24 24 24zm-8 171.8c-20-12.2-33.3-29-42.7-53.8 4.5-18.5 11.6-46.6 6.2-64.2-4.7-29.4-42.4-26.5-47.8-6.8-5 18.3-.4 44.1 8.1 77-11.6 27.6-28.7 64.6-40.8 85.8-.1 0-.1.1-.2.1-27.1 13.9-73.6 44.5-54.5 68 5.6 6.9 16 10 21.5 10 17.9 0 35.7-18 61.1-61.8 25.8-8.5 54.1-19.1 79-23.2 21.7 11.8 47.1 19.5 64 19.5 29.2 0 31.2-32 19.7-43.4-13.9-13.6-54.3-9.7-73.6-7.2zM377 105L279 7c-4.5-4.5-10.6-7-17-7h-6v128h128v-6.1c0-6.3-2.5-12.4-7-16.9zm-74.1 255.3c4.1-2.7-2.5-11.9-42.8-9 37.1 15.8 42.8 9 42.8 9z\"><\/path><\/svg>\t\t\t<\/div>\n\t\t<\/div>\n\t\t\t\t\t\t<\/div>\n\t\t\t\t<div class=\"elementor-element elementor-element-f9c659a elementor-widget elementor-widget-text-editor\" data-id=\"f9c659a\" data-element_type=\"widget\" data-e-type=\"widget\" data-widget_type=\"text-editor.default\">\n\t\t\t\t\t\t\t\t\t<p>S\u1ed1 h\u00f3a \u0111a d\u1ea1ng v\u1ec1 ch\u1ee7ng lo\u1ea1i v\u00e0 k\u00edch th\u01b0\u1edbc t\u00e0i li\u1ec7u<\/p>\t\t\t\t\t\t\t\t<\/div>\n\t\t\t\t<\/div>\n\t\t<div class=\"elementor-element elementor-element-b095773 e-grid e-con-full elementor-invisible e-con e-child\" data-id=\"b095773\" data-element_type=\"container\" data-e-type=\"container\" data-settings=\"{&quot;animation&quot;:&quot;fadeInUp&quot;,&quot;animation_delay&quot;:200}\">\n\t\t\t\t<div class=\"elementor-element elementor-element-5300194 elementor-view-default elementor-widget elementor-widget-icon\" data-id=\"5300194\" data-element_type=\"widget\" data-e-type=\"widget\" data-widget_type=\"icon.default\">\n\t\t\t\t\t\t\t<div class=\"elementor-icon-wrapper\">\n\t\t\t<div class=\"elementor-icon\">\n\t\t\t<svg aria-hidden=\"true\" class=\"e-font-icon-svg e-fas-wind\" viewBox=\"0 0 512 512\" xmlns=\"http:\/\/www.w3.org\/2000\/svg\"><path d=\"M156.7 256H16c-8.8 0-16 7.2-16 16v32c0 8.8 7.2 16 16 16h142.2c15.9 0 30.8 10.9 33.4 26.6 3.3 20-12.1 37.4-31.6 37.4-14.1 0-26.1-9.2-30.4-21.9-2.1-6.3-8.6-10.1-15.2-10.1H81.6c-9.8 0-17.7 8.8-15.9 18.4 8.6 44.1 47.6 77.6 94.2 77.6 57.1 0 102.7-50.1 95.2-108.6C249 291 205.4 256 156.7 256zM16 224h336c59.7 0 106.8-54.8 93.8-116.7-7.6-36.2-36.9-65.5-73.1-73.1-55.4-11.6-105.1 24.9-114.9 75.5-1.9 9.6 6.1 18.3 15.8 18.3h32.8c6.7 0 13.1-3.8 15.2-10.1C325.9 105.2 337.9 96 352 96c19.4 0 34.9 17.4 31.6 37.4-2.6 15.7-17.4 26.6-33.4 26.6H16c-8.8 0-16 7.2-16 16v32c0 8.8 7.2 16 16 16zm384 32H243.7c19.3 16.6 33.2 38.8 39.8 64H400c26.5 0 48 21.5 48 48s-21.5 48-48 48c-17.9 0-33.3-9.9-41.6-24.4-2.9-5-8.7-7.6-14.5-7.6h-33.8c-10.9 0-19 10.8-15.3 21.1 17.8 50.6 70.5 84.8 129.4 72.3 41.2-8.7 75.1-41.6 84.7-82.7C526 321.5 470.5 256 400 256z\"><\/path><\/svg>\t\t\t<\/div>\n\t\t<\/div>\n\t\t\t\t\t\t<\/div>\n\t\t\t\t<div class=\"elementor-element elementor-element-0df92da elementor-widget elementor-widget-text-editor\" data-id=\"0df92da\" data-element_type=\"widget\" data-e-type=\"widget\" data-widget_type=\"text-editor.default\">\n\t\t\t\t\t\t\t\t\t<p>Kh\u1ea3 n\u0103ng x\u1eed l\u00fd kh\u00f4ng gi\u1edbi h\u1ea1n<\/p>\t\t\t\t\t\t\t\t<\/div>\n\t\t\t\t<\/div>\n\t\t<div class=\"elementor-element elementor-element-632febc e-grid e-con-full elementor-invisible e-con e-child\" data-id=\"632febc\" data-element_type=\"container\" data-e-type=\"container\" data-settings=\"{&quot;animation&quot;:&quot;fadeInUp&quot;,&quot;animation_delay&quot;:400}\">\n\t\t\t\t<div class=\"elementor-element elementor-element-58dd86d elementor-view-default elementor-widget elementor-widget-icon\" data-id=\"58dd86d\" data-element_type=\"widget\" data-e-type=\"widget\" data-settings=\"{&quot;_animation&quot;:&quot;none&quot;,&quot;_animation_delay&quot;:1100}\" data-widget_type=\"icon.default\">\n\t\t\t\t\t\t\t<div class=\"elementor-icon-wrapper\">\n\t\t\t<div class=\"elementor-icon\">\n\t\t\t<svg aria-hidden=\"true\" class=\"e-font-icon-svg e-far-check-circle\" viewBox=\"0 0 512 512\" xmlns=\"http:\/\/www.w3.org\/2000\/svg\"><path d=\"M256 8C119.033 8 8 119.033 8 256s111.033 248 248 248 248-111.033 248-248S392.967 8 256 8zm0 48c110.532 0 200 89.451 200 200 0 110.532-89.451 200-200 200-110.532 0-200-89.451-200-200 0-110.532 89.451-200 200-200m140.204 130.267l-22.536-22.718c-4.667-4.705-12.265-4.736-16.97-.068L215.346 303.697l-59.792-60.277c-4.667-4.705-12.265-4.736-16.97-.069l-22.719 22.536c-4.705 4.667-4.736 12.265-.068 16.971l90.781 91.516c4.667 4.705 12.265 4.736 16.97.068l172.589-171.204c4.704-4.668 4.734-12.266.067-16.971z\"><\/path><\/svg>\t\t\t<\/div>\n\t\t<\/div>\n\t\t\t\t\t\t<\/div>\n\t\t\t\t<div class=\"elementor-element elementor-element-769c750 elementor-widget elementor-widget-text-editor\" data-id=\"769c750\" data-element_type=\"widget\" data-e-type=\"widget\" data-widget_type=\"text-editor.default\">\n\t\t\t\t\t\t\t\t\t<p>\u0110\u1ed9 ch\u00ednh x\u00e1c cao, b\u1ea3o to\u00e0n nguy\u00ean v\u1eb9n t\u00e0i li\u1ec7u g\u1ed1c<\/p>\t\t\t\t\t\t\t\t<\/div>\n\t\t\t\t<\/div>\n\t\t<div class=\"elementor-element elementor-element-8964f77 e-grid e-con-full elementor-invisible e-con e-child\" data-id=\"8964f77\" data-element_type=\"container\" data-e-type=\"container\" data-settings=\"{&quot;animation&quot;:&quot;fadeInUp&quot;,&quot;animation_delay&quot;:600}\">\n\t\t\t\t<div class=\"elementor-element elementor-element-2f92604 elementor-view-default elementor-widget elementor-widget-icon\" data-id=\"2f92604\" data-element_type=\"widget\" data-e-type=\"widget\" data-widget_type=\"icon.default\">\n\t\t\t\t\t\t\t<div class=\"elementor-icon-wrapper\">\n\t\t\t<div class=\"elementor-icon\">\n\t\t\t<svg aria-hidden=\"true\" class=\"e-font-icon-svg e-fas-user-lock\" viewBox=\"0 0 640 512\" xmlns=\"http:\/\/www.w3.org\/2000\/svg\"><path d=\"M224 256A128 128 0 1 0 96 128a128 128 0 0 0 128 128zm96 64a63.08 63.08 0 0 1 8.1-30.5c-4.8-.5-9.5-1.5-14.5-1.5h-16.7a174.08 174.08 0 0 1-145.8 0h-16.7A134.43 134.43 0 0 0 0 422.4V464a48 48 0 0 0 48 48h280.9a63.54 63.54 0 0 1-8.9-32zm288-32h-32v-80a80 80 0 0 0-160 0v80h-32a32 32 0 0 0-32 32v160a32 32 0 0 0 32 32h224a32 32 0 0 0 32-32V320a32 32 0 0 0-32-32zM496 432a32 32 0 1 1 32-32 32 32 0 0 1-32 32zm32-144h-64v-80a32 32 0 0 1 64 0z\"><\/path><\/svg>\t\t\t<\/div>\n\t\t<\/div>\n\t\t\t\t\t\t<\/div>\n\t\t\t\t<div class=\"elementor-element elementor-element-986b45d elementor-widget elementor-widget-text-editor\" data-id=\"986b45d\" data-element_type=\"widget\" data-e-type=\"widget\" data-widget_type=\"text-editor.default\">\n\t\t\t\t\t\t\t\t\t<p>B\u1ea3o m\u1eadt d\u1eef li\u1ec7u<\/p>\t\t\t\t\t\t\t\t<\/div>\n\t\t\t\t<\/div>\n\t\t<div class=\"elementor-element elementor-element-2b672f5 e-grid e-con-full elementor-invisible e-con e-child\" data-id=\"2b672f5\" data-element_type=\"container\" data-e-type=\"container\" data-settings=\"{&quot;animation&quot;:&quot;fadeInUp&quot;,&quot;animation_delay&quot;:800}\">\n\t\t\t\t<div class=\"elementor-element elementor-element-6cb9715 elementor-view-default elementor-widget elementor-widget-icon\" data-id=\"6cb9715\" data-element_type=\"widget\" data-e-type=\"widget\" data-widget_type=\"icon.default\">\n\t\t\t\t\t\t\t<div class=\"elementor-icon-wrapper\">\n\t\t\t<div class=\"elementor-icon\">\n\t\t\t<svg aria-hidden=\"true\" class=\"e-font-icon-svg e-fas-store\" viewBox=\"0 0 616 512\" xmlns=\"http:\/\/www.w3.org\/2000\/svg\"><path d=\"M602 118.6L537.1 15C531.3 5.7 521 0 510 0H106C95 0 84.7 5.7 78.9 15L14 118.6c-33.5 53.5-3.8 127.9 58.8 136.4 4.5.6 9.1.9 13.7.9 29.6 0 55.8-13 73.8-33.1 18 20.1 44.3 33.1 73.8 33.1 29.6 0 55.8-13 73.8-33.1 18 20.1 44.3 33.1 73.8 33.1 29.6 0 55.8-13 73.8-33.1 18.1 20.1 44.3 33.1 73.8 33.1 4.7 0 9.2-.3 13.7-.9 62.8-8.4 92.6-82.8 59-136.4zM529.5 288c-10 0-19.9-1.5-29.5-3.8V384H116v-99.8c-9.6 2.2-19.5 3.8-29.5 3.8-6 0-12.1-.4-18-1.2-5.6-.8-11.1-2.1-16.4-3.6V480c0 17.7 14.3 32 32 32h448c17.7 0 32-14.3 32-32V283.2c-5.4 1.6-10.8 2.9-16.4 3.6-6.1.8-12.1 1.2-18.2 1.2z\"><\/path><\/svg>\t\t\t<\/div>\n\t\t<\/div>\n\t\t\t\t\t\t<\/div>\n\t\t\t\t<div class=\"elementor-element elementor-element-b80b62f elementor-widget elementor-widget-text-editor\" data-id=\"b80b62f\" data-element_type=\"widget\" data-e-type=\"widget\" data-widget_type=\"text-editor.default\">\n\t\t\t\t\t\t\t\t\t<p>D\u1ecbch v\u1ee5 sau b\u00e1n h\u00e0ng ch\u1ea5t l\u01b0\u1ee3ng<\/p>\t\t\t\t\t\t\t\t<\/div>\n\t\t\t\t<\/div>\n\t\t<div class=\"elementor-element elementor-element-90a70f8 e-grid e-con-full elementor-invisible e-con e-child\" data-id=\"90a70f8\" data-element_type=\"container\" data-e-type=\"container\" data-settings=\"{&quot;animation&quot;:&quot;fadeInUp&quot;,&quot;animation_delay&quot;:1000}\">\n\t\t\t\t<div class=\"elementor-element elementor-element-d336b77 elementor-view-default elementor-widget elementor-widget-icon\" data-id=\"d336b77\" data-element_type=\"widget\" data-e-type=\"widget\" data-widget_type=\"icon.default\">\n\t\t\t\t\t\t\t<div class=\"elementor-icon-wrapper\">\n\t\t\t<div class=\"elementor-icon\">\n\t\t\t<svg aria-hidden=\"true\" class=\"e-font-icon-svg e-fas-chart-bar\" viewBox=\"0 0 512 512\" xmlns=\"http:\/\/www.w3.org\/2000\/svg\"><path d=\"M332.8 320h38.4c6.4 0 12.8-6.4 12.8-12.8V172.8c0-6.4-6.4-12.8-12.8-12.8h-38.4c-6.4 0-12.8 6.4-12.8 12.8v134.4c0 6.4 6.4 12.8 12.8 12.8zm96 0h38.4c6.4 0 12.8-6.4 12.8-12.8V76.8c0-6.4-6.4-12.8-12.8-12.8h-38.4c-6.4 0-12.8 6.4-12.8 12.8v230.4c0 6.4 6.4 12.8 12.8 12.8zm-288 0h38.4c6.4 0 12.8-6.4 12.8-12.8v-70.4c0-6.4-6.4-12.8-12.8-12.8h-38.4c-6.4 0-12.8 6.4-12.8 12.8v70.4c0 6.4 6.4 12.8 12.8 12.8zm96 0h38.4c6.4 0 12.8-6.4 12.8-12.8V108.8c0-6.4-6.4-12.8-12.8-12.8h-38.4c-6.4 0-12.8 6.4-12.8 12.8v198.4c0 6.4 6.4 12.8 12.8 12.8zM496 384H64V80c0-8.84-7.16-16-16-16H16C7.16 64 0 71.16 0 80v336c0 17.67 14.33 32 32 32h464c8.84 0 16-7.16 16-16v-32c0-8.84-7.16-16-16-16z\"><\/path><\/svg>\t\t\t<\/div>\n\t\t<\/div>\n\t\t\t\t\t\t<\/div>\n\t\t\t\t<div class=\"elementor-element elementor-element-5ad6221 elementor-widget elementor-widget-text-editor\" data-id=\"5ad6221\" data-element_type=\"widget\" data-e-type=\"widget\" data-widget_type=\"text-editor.default\">\n\t\t\t\t\t\t\t\t\t<p>Quy tr\u00ecnh chuy\u00ean nghi\u1ec7p<\/p>\t\t\t\t\t\t\t\t<\/div>\n\t\t\t\t<\/div>\n\t\t<div class=\"elementor-element elementor-element-a7bfdd7 e-grid e-con-full elementor-invisible e-con e-child\" data-id=\"a7bfdd7\" data-element_type=\"container\" data-e-type=\"container\" data-settings=\"{&quot;animation&quot;:&quot;fadeInUp&quot;,&quot;animation_delay&quot;:1200}\">\n\t\t\t\t<div class=\"elementor-element elementor-element-e053d56 elementor-view-default elementor-widget elementor-widget-icon\" data-id=\"e053d56\" data-element_type=\"widget\" data-e-type=\"widget\" data-widget_type=\"icon.default\">\n\t\t\t\t\t\t\t<div class=\"elementor-icon-wrapper\">\n\t\t\t<div class=\"elementor-icon\">\n\t\t\t<svg aria-hidden=\"true\" class=\"e-font-icon-svg e-fas-users-cog\" viewBox=\"0 0 640 512\" xmlns=\"http:\/\/www.w3.org\/2000\/svg\"><path d=\"M610.5 341.3c2.6-14.1 2.6-28.5 0-42.6l25.8-14.9c3-1.7 4.3-5.2 3.3-8.5-6.7-21.6-18.2-41.2-33.2-57.4-2.3-2.5-6-3.1-9-1.4l-25.8 14.9c-10.9-9.3-23.4-16.5-36.9-21.3v-29.8c0-3.4-2.4-6.4-5.7-7.1-22.3-5-45-4.8-66.2 0-3.3.7-5.7 3.7-5.7 7.1v29.8c-13.5 4.8-26 12-36.9 21.3l-25.8-14.9c-2.9-1.7-6.7-1.1-9 1.4-15 16.2-26.5 35.8-33.2 57.4-1 3.3.4 6.8 3.3 8.5l25.8 14.9c-2.6 14.1-2.6 28.5 0 42.6l-25.8 14.9c-3 1.7-4.3 5.2-3.3 8.5 6.7 21.6 18.2 41.1 33.2 57.4 2.3 2.5 6 3.1 9 1.4l25.8-14.9c10.9 9.3 23.4 16.5 36.9 21.3v29.8c0 3.4 2.4 6.4 5.7 7.1 22.3 5 45 4.8 66.2 0 3.3-.7 5.7-3.7 5.7-7.1v-29.8c13.5-4.8 26-12 36.9-21.3l25.8 14.9c2.9 1.7 6.7 1.1 9-1.4 15-16.2 26.5-35.8 33.2-57.4 1-3.3-.4-6.8-3.3-8.5l-25.8-14.9zM496 368.5c-26.8 0-48.5-21.8-48.5-48.5s21.8-48.5 48.5-48.5 48.5 21.8 48.5 48.5-21.7 48.5-48.5 48.5zM96 224c35.3 0 64-28.7 64-64s-28.7-64-64-64-64 28.7-64 64 28.7 64 64 64zm224 32c1.9 0 3.7-.5 5.6-.6 8.3-21.7 20.5-42.1 36.3-59.2 7.4-8 17.9-12.6 28.9-12.6 6.9 0 13.7 1.8 19.6 5.3l7.9 4.6c.8-.5 1.6-.9 2.4-1.4 7-14.6 11.2-30.8 11.2-48 0-61.9-50.1-112-112-112S208 82.1 208 144c0 61.9 50.1 112 112 112zm105.2 194.5c-2.3-1.2-4.6-2.6-6.8-3.9-8.2 4.8-15.3 9.8-27.5 9.8-10.9 0-21.4-4.6-28.9-12.6-18.3-19.8-32.3-43.9-40.2-69.6-10.7-34.5 24.9-49.7 25.8-50.3-.1-2.6-.1-5.2 0-7.8l-7.9-4.6c-3.8-2.2-7-5-9.8-8.1-3.3.2-6.5.6-9.8.6-24.6 0-47.6-6-68.5-16h-8.3C179.6 288 128 339.6 128 403.2V432c0 26.5 21.5 48 48 48h255.4c-3.7-6-6.2-12.8-6.2-20.3v-9.2zM173.1 274.6C161.5 263.1 145.6 256 128 256H64c-35.3 0-64 28.7-64 64v32c0 17.7 14.3 32 32 32h65.9c6.3-47.4 34.9-87.3 75.2-109.4z\"><\/path><\/svg>\t\t\t<\/div>\n\t\t<\/div>\n\t\t\t\t\t\t<\/div>\n\t\t\t\t<div class=\"elementor-element elementor-element-43ab386 elementor-widget elementor-widget-text-editor\" data-id=\"43ab386\" data-element_type=\"widget\" data-e-type=\"widget\" data-widget_type=\"text-editor.default\">\n\t\t\t\t\t\t\t\t\t<p>Cam k\u1ebft \u0111\u1ed3ng h\u00e0nh v\u00e0 h\u1ed7 tr\u1ee3 kh\u00e1ch h\u00e0ng nhanh ch\u00f3ng trong th\u1eddi gian b\u1ea3o h\u00e0nh.<\/p>\t\t\t\t\t\t\t\t<\/div>\n\t\t\t\t<\/div>\n\t\t\t\t<\/div>\n\t\t\t\t<\/div>\n\t\t\t\t\t<\/div>\n\t\t\t\t<\/div>\n\t\t\t\t\t<\/div>\n\t\t\t\t<\/div>\n\t\t\t\t<\/div>\n\t\t","protected":false},"excerpt":{"rendered":"<p>1. H\u1ed7 tr\u1ee3 truy c\u1eadp, t\u00ecm ki\u1ebfm v\u00e0 chia s\u1ebb d\u1eef li\u1ec7u \u0111i\u1ec7n t\u1eed nhanh ch\u00f3ng, m\u1ecdi l\u00fac m\u1ecdi n\u01a1i t\u0103ng kh\u1ea3 n\u0103ng l\u00e0m vi\u1ec7c ph\u1ed1i h\u1ee3p v\u00e0 gi\u00fap h\u1ed7 tr\u1ee3 hi\u1ec7u qu\u1ea3 qu\u00e1 tr\u00ecnh ra quy\u1ebft \u0111\u1ecbnh c\u1ee7a c\u00e1c c\u1ea5p qu\u1ea3n l\u00fd. 2. Lo\u1ea1i b\u1ecf l\u00e3ng ph\u00ed v\u1ec1 kh\u00f4ng [&hellip;]<\/p>\n","protected":false},"author":1,"featured_media":0,"parent":0,"menu_order":0,"comment_status":"closed","ping_status":"closed","template":"elementor_header_footer","meta":{"_themeisle_gutenberg_block_has_review":false,"footnotes":""},"class_list":["post-1429","page","type-page","status-publish","hentry"],"rttpg_featured_image_url":null,"rttpg_author":{"display_name":"tdsvietnam","author_link":"https:\/\/tdstech.com.vn\/tdsvietnam\/author\/tdsvietnam\/"},"rttpg_comment":0,"rttpg_category":null,"rttpg_excerpt":"1. H\u1ed7 tr\u1ee3 truy c\u1eadp, t\u00ecm ki\u1ebfm v\u00e0 chia s\u1ebb d\u1eef li\u1ec7u \u0111i\u1ec7n t\u1eed nhanh ch\u00f3ng, m\u1ecdi l\u00fac m\u1ecdi n\u01a1i t\u0103ng kh\u1ea3 n\u0103ng l\u00e0m vi\u1ec7c ph\u1ed1i h\u1ee3p v\u00e0 gi\u00fap h\u1ed7 tr\u1ee3 hi\u1ec7u qu\u1ea3 qu\u00e1 tr\u00ecnh ra quy\u1ebft \u0111\u1ecbnh c\u1ee7a c\u00e1c c\u1ea5p qu\u1ea3n l\u00fd. 2. Lo\u1ea1i b\u1ecf l\u00e3ng ph\u00ed v\u1ec1 kh\u00f4ng [&hellip;]","_links":{"self":[{"href":"https:\/\/tdstech.com.vn\/tdsvietnam\/wp-json\/wp\/v2\/pages\/1429","targetHints":{"allow":["GET"]}}],"collection":[{"href":"https:\/\/tdstech.com.vn\/tdsvietnam\/wp-json\/wp\/v2\/pages"}],"about":[{"href":"https:\/\/tdstech.com.vn\/tdsvietnam\/wp-json\/wp\/v2\/types\/page"}],"author":[{"embeddable":true,"href":"https:\/\/tdstech.com.vn\/tdsvietnam\/wp-json\/wp\/v2\/users\/1"}],"replies":[{"embeddable":true,"href":"https:\/\/tdstech.com.vn\/tdsvietnam\/wp-json\/wp\/v2\/comments?post=1429"}],"version-history":[{"count":181,"href":"https:\/\/tdstech.com.vn\/tdsvietnam\/wp-json\/wp\/v2\/pages\/1429\/revisions"}],"predecessor-version":[{"id":2731,"href":"https:\/\/tdstech.com.vn\/tdsvietnam\/wp-json\/wp\/v2\/pages\/1429\/revisions\/2731"}],"wp:attachment":[{"href":"https:\/\/tdstech.com.vn\/tdsvietnam\/wp-json\/wp\/v2\/media?parent=1429"}],"curies":[{"name":"wp","href":"https:\/\/api.w.org\/{rel}","templated":true}]}}