{"id":14,"date":"2026-04-02T15:42:52","date_gmt":"2026-04-02T15:42:52","guid":{"rendered":"http:\/\/localhost\/tdsvietnam\/?page_id=14"},"modified":"2026-04-24T09:45:05","modified_gmt":"2026-04-24T09:45:05","slug":"home","status":"publish","type":"page","link":"https:\/\/tdstech.com.vn\/tdsvietnam\/","title":{"rendered":"Trang ch\u1ee7"},"content":{"rendered":"\n<div class=\"wp-block-cover alignfull is-light hestia-clear-top-padding\" style=\"min-height:755px;aspect-ratio:unset;\"><span aria-hidden=\"true\" class=\"wp-block-cover__background has-white-background-color has-background-dim-100 has-background-dim\"><\/span><div class=\"wp-block-cover__inner-container is-layout-flow wp-block-cover-is-layout-flow\">\n<div style=\"height:5px\" aria-hidden=\"true\" class=\"wp-block-spacer\"><\/div>\n\n\n\n<h2 class=\"wp-block-heading has-text-align-center o-typing-delay-100ms o-typing-fast animated backInDown has-text-color\" style=\"color:#646464;font-size:28px;font-style:normal;font-weight:800\">GI\u1edaI THI\u1ec6U V\u1ec0&nbsp;TDS<\/h2>\n\n\n\n<div style=\"height:15px\" aria-hidden=\"true\" class=\"wp-block-spacer\"><\/div>\n\n\n\n<p class=\"has-text-align-center ticss-9680dd91 has-text-color has-link-color has-small-font-size wp-elements-d4c4b5849d88ed1318078b08bd8ea209\" style=\"color:#969696\"><strong>C\u00f4ng ty c\u1ed5 ph\u1ea7n C\u00f4ng ngh\u1ec7 v\u00e0 D\u1ecbch v\u1ee5 d\u1eef li\u1ec7u s\u1ed1 TDS<\/strong> l\u00e0 doanh nghi\u1ec7p ho\u1ea1t \u0111\u1ed9ng trong l\u0129nh v\u1ef1c c\u00f4ng ngh\u1ec7 th\u00f4ng tin, \u0111\u1ecbnh v\u1ecb l\u00e0 \u0111\u01a1n v\u1ecb ti\u00ean phong trong x\u00e2y d\u1ef1ng, ph\u00e1t tri\u1ec3n v\u00e0 khai th\u00e1c c\u01a1 s\u1edf d\u1eef li\u1ec7u qu\u1ed1c gia v\u00e0 c\u01a1 s\u1edf d\u1eef li\u1ec7u chuy\u00ean ng\u00e0nh. S\u1edf h\u1eefu n\u0103ng l\u1ef1c l\u00e0m ch\u1ee7 c\u00e1c c\u00f4ng ngh\u1ec7 l\u00f5i c\u00f9ng \u0111\u1ed9i ng\u0169 chuy\u00ean gia gi\u00e0u kinh nghi\u1ec7m, TDS cung c\u1ea5p gi\u1ea3i ph\u00e1p d\u1eef li\u1ec7u to\u00e0n di\u1ec7n t\u1eeb t\u01b0 v\u1ea5n chi\u1ebfn l\u01b0\u1ee3c, thi\u1ebft k\u1ebf ki\u1ebfn tr\u00fac d\u1eef li\u1ec7u, chu\u1ea9n h\u00f3a \u2013 s\u1ed1 h\u00f3a \u2013 t\u00edch h\u1ee3p d\u1eef li\u1ec7u \u0111\u1ebfn x\u00e2y d\u1ef1ng n\u1ec1n t\u1ea3ng qu\u1ea3n l\u00fd, khai th\u00e1c v\u00e0 chia s\u1ebb d\u1eef li\u1ec7u quy m\u00f4 l\u1edbn. V\u1edbi \u0111\u1ecbnh h\u01b0\u1edbng l\u1ea5y d\u1eef li\u1ec7u l\u00e0m trung t\u00e2m, TDS g\u00f3p ph\u1ea7n ki\u1ebfn t\u1ea1o c\u00e1c h\u1ec7 th\u1ed1ng d\u1eef li\u1ec7u \u0111\u1ed3ng b\u1ed9 \u2013 ch\u00ednh x\u00e1c \u2013 s\u1eb5n s\u00e0ng k\u1ebft n\u1ed1i, \u0111\u00e1p \u1ee9ng hi\u1ec7u qu\u1ea3 nhu c\u1ea7u qu\u1ea3n l\u00fd nh\u00e0 n\u01b0\u1edbc, th\u00fac \u0111\u1ea9y ph\u00e1t tri\u1ec3n kinh t\u1ebf \u2013 x\u00e3 h\u1ed9i v\u00e0 gia t\u0103ng n\u0103ng l\u1ef1c chuy\u1ec3n \u0111\u1ed5i s\u1ed1 qu\u1ed1c gia trong k\u1ef7 nguy\u00ean d\u1eef li\u1ec7u<\/p>\n\n\n\n<hr class=\"wp-block-separator has-text-color has-alpha-channel-opacity has-background\" style=\"background-color:#d6d6d6;color:#d6d6d6\"\/>\n\n\n\n<div style=\"height:1px\" aria-hidden=\"true\" class=\"wp-block-spacer\"><\/div>\n\n\n\n<div class=\"wp-block-columns container ticss-e7ffa11e is-layout-flex wp-container-core-columns-is-layout-28f84493 wp-block-columns-is-layout-flex\">\n<div class=\"wp-block-column is-layout-flow wp-block-column-is-layout-flow\">\n<h5 class=\"wp-block-heading has-text-align-center has-text-color\" style=\"color:#3c4858;font-size:18px\">N\u1ec0N T\u1ea2NG<\/h5>\n\n\n\n<figure class=\"wp-block-image size-full is-resized\" data-aos=\"zoom-in-down\" data-aos-duration=\"650\" data-aos-easing=\"ease-in-out-back\"><img fetchpriority=\"high\" decoding=\"async\" width=\"822\" height=\"1218\" src=\"https:\/\/tdstech.com.vn\/tdsvietnam\/wp-content\/uploads\/2026\/04\/1.jpg\" alt=\"\" class=\"wp-image-2642\" style=\"width:300px\"\/><\/figure>\n\n\n<\/div>\n\n\n\n<div class=\"wp-block-column is-layout-flow wp-block-column-is-layout-flow\">\n<h5 class=\"wp-block-heading has-text-align-center has-text-color\" style=\"color:#3c4858;font-size:18px\">H\u1ed6 TR\u1ee2<\/h5>\n\n\n\n<figure class=\"wp-block-image size-full is-resized\" data-aos=\"zoom-in-down\" data-aos-delay=\"100\" data-aos-duration=\"650\" data-aos-easing=\"ease-in-out-back\"><img decoding=\"async\" width=\"834\" height=\"1242\" src=\"https:\/\/tdstech.com.vn\/tdsvietnam\/wp-content\/uploads\/2026\/04\/2.jpg\" alt=\"\" class=\"wp-image-2640\" style=\"width:300px\"\/><\/figure>\n\n\n<\/div>\n\n\n\n<div class=\"wp-block-column is-layout-flow wp-block-column-is-layout-flow\">\n<h5 class=\"wp-block-heading has-text-align-center has-text-color\" style=\"color:#3c4858;font-size:18px\">CH\u1ea4T L\u01af\u1ee2NG<\/h5>\n\n\n\n<figure class=\"wp-block-image size-full is-resized\" data-aos=\"zoom-in-down\" data-aos-delay=\"200\" data-aos-duration=\"650\" data-aos-easing=\"ease-in-out-back\"><img decoding=\"async\" width=\"839\" height=\"1253\" src=\"https:\/\/tdstech.com.vn\/tdsvietnam\/wp-content\/uploads\/2026\/04\/3.jpg\" alt=\"\" class=\"wp-image-2641\" style=\"width:300px\"\/><\/figure>\n\n\n<\/div>\n<\/div>\n\n\n\n<div style=\"height:10px\" aria-hidden=\"true\" class=\"wp-block-spacer\"><\/div>\n\n\n\n<div class=\"wp-block-columns is-layout-flex wp-container-core-columns-is-layout-28f84493 wp-block-columns-is-layout-flex\">\n<div class=\"wp-block-column is-layout-flow wp-block-column-is-layout-flow\" style=\"flex-basis:22%\"><\/div>\n\n\n\n<div class=\"wp-block-column is-layout-flow wp-block-column-is-layout-flow\" style=\"flex-basis:50%\">\n<div style=\"height:10px\" aria-hidden=\"true\" class=\"wp-block-spacer\"><\/div>\n<\/div>\n\n\n\n<div class=\"wp-block-column is-layout-flow wp-block-column-is-layout-flow\" style=\"flex-basis:22%\"><\/div>\n<\/div>\n\n\n\n<div class=\"wp-block-columns is-layout-flex wp-container-core-columns-is-layout-28f84493 wp-block-columns-is-layout-flex\">\n<div class=\"wp-block-column is-layout-flow wp-block-column-is-layout-flow\">\n<div class=\"iframe-block-container\"><iframe id=\"iframetds\"  src=\"https:\/\/tdstech.com.vn\/hstdsvietnam\/\" style=\"border:none;max-width:100%;width:100%;height:600px\" frameborder=\"0\" scrolling=\"yes\" allowfullscreen><\/iframe><\/div>\n\n<script>\nconst iframe = document.querySelector('#iframetds');\n\n\/\/ T\u1ea1o observer\nconst observer = new IntersectionObserver((entries, observer) => {\n  entries.forEach(entry => {\n    if (entry.isIntersecting) {\n      \/\/ Khi iframe v\u00e0o t\u1ea7m nh\u00ecn -> \u0111\u1ed5i src\n      iframe.src = \"https:\/\/tdstech.com.vn\/hstdsvietnam\/#page\/2\";\n\n      \/\/ Ng\u1eebng theo d\u00f5i sau khi \u0111\u00e3 load\n      observer.unobserve(entry.target);\n    }\n  });\n}, {\n  threshold: 0.5 \/\/ 50% iframe xu\u1ea5t hi\u1ec7n m\u1edbi trigger\n});\n\n\/\/ B\u1eaft \u0111\u1ea7u theo d\u00f5i\nobserver.observe(iframe);\n<\/script>\n<\/div>\n<\/div>\n\n\n\n<div style=\"height:10px\" aria-hidden=\"true\" class=\"wp-block-spacer\"><\/div>\n\n\n\n<div class=\"wp-block-columns is-layout-flex wp-container-core-columns-is-layout-28f84493 wp-block-columns-is-layout-flex\">\n<div class=\"wp-block-column is-layout-flow wp-block-column-is-layout-flow\">\n<figure class=\"wp-block-video\" id=\"videohesinhthai\">\n<img decoding=\"async\" src=\"https:\/\/tdstech.com.vn\/tdsvietnam\/wp-content\/uploads\/2026\/04\/88.gif\"\/>\n        <span id=\"hesinhthai\">H\u1ec6 SINH TH\u00c1I <span>TDS<\/span>        <p id=\"mot\">V\u1edbi \u0111a d\u1ea1ng s\u1ea3n ph\u1ea9m, kh\u1ea3 n\u0103ng t\u00f9y ch\u1ec9nh linh ho\u1ea1t v\u00e0 t\u00edch h\u1ee3p d\u1ec5 d\u00e0ng v\u00e0o c\u00e1c h\u1ec7 th\u1ed1ng, TDS \u0111em\n            t\u1edbi gi\u1ea3i ph\u00e1p chuy\u1ec3n \u0111\u1ed5i s\u1ed1 l\u1ea5y d\u1eef li\u1ec7u l\u00e0m trung t\u00e2m ph\u00f9 h\u1ee3p cho t\u1ed5 ch\u1ee9c, doanh nghi\u1ec7p \u0111a ng\u00e0nh<\/p><\/span>\n\n    <\/figure>\n<\/div>\n<\/div>\n\n\n\n<div style=\"height:24px\" aria-hidden=\"true\" class=\"wp-block-spacer\"><\/div>\n\n\n\n<div class=\"wp-block-columns container animated jackInTheBox ticss-09579ade has-white-color has-text-color has-background has-link-color wp-elements-08664cc710c315a79a853c8465ffa807 is-layout-flex wp-container-core-columns-is-layout-28232c24 wp-block-columns-is-layout-flex\" style=\"border-top-left-radius:12px;border-top-right-radius:12px;border-bottom-left-radius:12px;border-bottom-right-radius:12px;background:linear-gradient(320deg,rgb(254,205,165) 0%,rgb(254,45,45) 50%,rgb(107,0,62) 100%)\">\n<div class=\"wp-block-column ticss-8221028c has-white-color has-text-color has-link-color wp-elements-0f652167cd436ca9d1d7088b29af650e is-layout-flow wp-block-column-is-layout-flow\">\n<div class=\"wp-block-boldblocks-counting-number has-text-align-center has-x-large-font-size\" style=\"font-style:normal;font-weight:700\"><span class=\"value\" data-value=\"5\" data-start-val=\"0\" data-duration=\"2\" data-separator=\",\" data-decimal=\".\" data-enable-scroll-spy=\"true\" data-scroll-spy-once=\"false\" data-scroll-spy-delay=\"0\" data-prefix=\"\" data-suffix=\"+\" aria-hidden=\"true\">0<\/span><span class=\"sr-value\">5<\/span><span class=\"suffix\">+<\/span><\/div>\n\n\n\n<p class=\"has-text-align-center\">N\u0103m kinh nghi\u1ec7m<\/p>\n<\/div>\n\n\n\n<div class=\"wp-block-column ticss-6b9710a1 is-layout-flow wp-block-column-is-layout-flow\">\n<div class=\"wp-block-boldblocks-counting-number has-text-align-center has-x-large-font-size\" style=\"font-style:normal;font-weight:700\"><span class=\"value\" data-value=\"30\" data-start-val=\"0\" data-duration=\"2\" data-separator=\",\" data-decimal=\".\" data-enable-scroll-spy=\"true\" data-scroll-spy-once=\"false\" data-scroll-spy-delay=\"0\" data-prefix=\"\" data-suffix=\"+\" aria-hidden=\"true\">0<\/span><span class=\"sr-value\">30<\/span><span class=\"suffix\">+<\/span><\/div>\n\n\n\n<p class=\"has-text-align-center\">\u0110\u1ed1i t\u00e1c c\u00f4ng ngh\u1ec7<\/p>\n<\/div>\n\n\n\n<div class=\"wp-block-column ticss-d0795788 is-layout-flow wp-block-column-is-layout-flow\">\n<div class=\"wp-block-boldblocks-counting-number has-text-align-center has-x-large-font-size\" style=\"font-style:normal;font-weight:700\"><span class=\"value\" data-value=\"50\" data-start-val=\"0\" data-duration=\"2\" data-separator=\",\" data-decimal=\".\" data-enable-scroll-spy=\"true\" data-scroll-spy-once=\"false\" data-scroll-spy-delay=\"0\" data-prefix=\"\" data-suffix=\"+\" aria-hidden=\"true\">0<\/span><span class=\"sr-value\">50<\/span><span class=\"suffix\">+<\/span><\/div>\n\n\n\n<p class=\"has-text-align-center\">Gi\u1ea3i th\u01b0\u1edfng uy t\u00edn<\/p>\n<\/div>\n\n\n\n<div class=\"wp-block-column ticss-6d2d735c is-layout-flow wp-block-column-is-layout-flow\">\n<div class=\"wp-block-boldblocks-counting-number has-text-align-center has-x-large-font-size\" style=\"font-style:normal;font-weight:700\"><span class=\"value\" data-value=\"100\" data-start-val=\"0\" data-duration=\"2\" data-separator=\",\" data-decimal=\".\" data-enable-scroll-spy=\"true\" data-scroll-spy-once=\"false\" data-scroll-spy-delay=\"0\" data-prefix=\"\" data-suffix=\"+\" aria-hidden=\"true\">0<\/span><span class=\"sr-value\">100<\/span><span class=\"suffix\">+<\/span><\/div>\n\n\n\n<p class=\"has-text-align-center has-white-color has-text-color has-link-color wp-elements-244a8badcec182d6da71874dab2d7775\">\u0110\u1ed9i ng\u0169 nh\u00e2n s\u1ef1<\/p>\n<\/div>\n\n\n\n<div class=\"wp-block-column ticss-5a3b779a is-layout-flow wp-block-column-is-layout-flow\">\n<div class=\"wp-block-boldblocks-counting-number has-text-align-center has-x-large-font-size\" style=\"font-style:normal;font-weight:700\"><span class=\"value\" data-value=\"500\" data-start-val=\"0\" data-duration=\"2\" data-separator=\",\" data-decimal=\".\" data-enable-scroll-spy=\"true\" data-scroll-spy-once=\"false\" data-scroll-spy-delay=\"0\" data-prefix=\"\" data-suffix=\"+\" aria-hidden=\"true\">0<\/span><span class=\"sr-value\">500<\/span><span class=\"suffix\">+<\/span><\/div>\n\n\n\n<p class=\"has-text-align-center has-white-color has-text-color has-link-color wp-elements-873cd849a0f5d8d9e652b0e3c207049c\">Kh\u00e1ch h\u00e0ng tin t\u01b0\u1edfng<\/p>\n<\/div>\n<\/div>\n\n\n\n<div style=\"height:22px\" aria-hidden=\"true\" class=\"wp-block-spacer\"><\/div>\n\n\n\n<div class=\"wp-block-columns is-layout-flex wp-container-core-columns-is-layout-28f84493 wp-block-columns-is-layout-flex\">\n<div class=\"wp-block-column is-layout-flow wp-block-column-is-layout-flow\" style=\"flex-basis:25%\"><\/div>\n\n\n\n<div class=\"wp-block-column is-layout-flow wp-block-column-is-layout-flow\" style=\"flex-basis:50%\">\n<h4 class=\"wp-block-heading has-text-align-center has-text-color has-link-color wp-elements-097e9569886303f363dfed39ae03bef8\" style=\"color:#4d4d4d\"><strong>M\u1ea0NG L\u01af\u1edaI \u0110\u1ed0I T\u00c1C<\/strong><\/h4>\n\n\n\n<p class=\"has-text-align-center has-text-color has-link-color has-small-font-size wp-elements-771104bbcedd6ef4b05c5e608489b22b\" style=\"color:#636363\">S\u1ef1 ph\u00e1t tri\u1ec3n c\u1ee7a TDS song h\u00e0nh v\u1edbi m\u1edf r\u1ed9ng h\u1ec7 th\u1ed1ng \u0111\u1ed1i t\u00e1c chi\u1ebfn l\u01b0\u1ee3c &#8211; c\u00e1c t\u1eadp \u0111o\u00e0n c\u00f4ng ngh\u1ec7 h\u00e0ng \u0111\u1ea7u th\u1ebf gi\u1edbi<\/p>\n<\/div>\n\n\n\n<div class=\"wp-block-column is-layout-flow wp-block-column-is-layout-flow\" style=\"flex-basis:25%\"><\/div>\n<\/div>\n\n\n\n<div style=\"height:18px\" aria-hidden=\"true\" class=\"wp-block-spacer\"><\/div>\n\n\n\n<div class=\"wp-block-columns is-layout-flex wp-container-core-columns-is-layout-28f84493 wp-block-columns-is-layout-flex\">\n<div class=\"wp-block-column is-layout-flow wp-block-column-is-layout-flow\" style=\"flex-basis:25%\"><\/div>\n\n\n\n<div class=\"wp-block-column is-layout-flow wp-block-column-is-layout-flow\" style=\"flex-basis:50%\">\n<div class=\"wp-block-cb-carousel-v2 alignwide cb-carousel-block cb-logos-carousel\" data-cb-slides-per-view=\"3\" data-cb-slides-per-group=\"1\" data-cb-space-between=\"28\" data-cb-speed=\"500\" data-cb-loop=\"true\" data-cb-autoplay=\"true\" data-cb-autoplay-speed=\"2000\" data-cb-breakpoints=\"{&quot;1024&quot;:{&quot;slidesPerView&quot;:7,&quot;slidesPerGroup&quot;:1}}\"><div class=\"swiper\"><div class=\"cb-wrapper swiper-wrapper\">\n<div class=\"wp-block-cb-slide-v2 cb-slide swiper-slide\">\n<figure class=\"wp-block-image size-full is-resized\"><img loading=\"lazy\" decoding=\"async\" width=\"501\" height=\"501\" src=\"https:\/\/tdstech.com.vn\/tdsvietnam\/wp-content\/uploads\/2026\/04\/fsi-logo-1.png\" alt=\"\" class=\"wp-image-1998\" style=\"width:119px\"\/><\/figure>\n<\/div>\n\n\n\n<div class=\"wp-block-cb-slide-v2 cb-slide swiper-slide\">\n<figure class=\"wp-block-image is-resized\"><img decoding=\"async\" src=\"https:\/\/fsivietnam.com.vn\/wp-content\/uploads\/2023\/03\/logo-doi-tac-15.png\" alt=\"logo-doi-tac-15\" style=\"width:119px\"\/><\/figure>\n<\/div>\n\n\n\n<div class=\"wp-block-cb-slide-v2 cb-slide swiper-slide\">\n<figure class=\"wp-block-image size-full is-resized\"><img loading=\"lazy\" decoding=\"async\" width=\"501\" height=\"501\" src=\"https:\/\/tdstech.com.vn\/tdsvietnam\/wp-content\/uploads\/2026\/04\/dongnama.png\" alt=\"\" class=\"wp-image-2002\" style=\"width:119px\"\/><\/figure>\n<\/div>\n\n\n\n<div class=\"wp-block-cb-slide-v2 cb-slide swiper-slide\">\n<figure class=\"wp-block-image size-full is-resized\"><img loading=\"lazy\" decoding=\"async\" width=\"501\" height=\"501\" src=\"https:\/\/tdstech.com.vn\/tdsvietnam\/wp-content\/uploads\/2026\/04\/logo-xoa-p-e1675159152630.png\" alt=\"\" class=\"wp-image-2004\" style=\"width:119px;height:auto\"\/><\/figure>\n<\/div>\n\n\n\n<div class=\"wp-block-cb-slide-v2 cb-slide swiper-slide\">\n<figure class=\"wp-block-image is-resized\"><img decoding=\"async\" src=\"https:\/\/fsivietnam.com.vn\/wp-content\/uploads\/2023\/03\/logo-doi-tac-3.png\" alt=\"logo-doi-tac-3\" style=\"width:119px\"\/><\/figure>\n<\/div>\n\n\n\n<div class=\"wp-block-cb-slide-v2 cb-slide swiper-slide\">\n<figure class=\"wp-block-image is-resized\"><img decoding=\"async\" src=\"https:\/\/fsivietnam.com.vn\/wp-content\/uploads\/2023\/03\/logo-doi-tac-5.png\" alt=\"logo-doi-tac-5\" style=\"width:119px\"\/><\/figure>\n<\/div>\n\n\n\n<div class=\"wp-block-cb-slide-v2 cb-slide swiper-slide\">\n<figure class=\"wp-block-image is-resized\"><img decoding=\"async\" src=\"https:\/\/fsivietnam.com.vn\/wp-content\/uploads\/2023\/03\/logo-doi-tac-2.png\" alt=\"logo-doi-tac-2\" style=\"width:119px\"\/><\/figure>\n<\/div>\n\n\n\n<div class=\"wp-block-cb-slide-v2 cb-slide swiper-slide\">\n<figure class=\"wp-block-image is-resized\"><img decoding=\"async\" src=\"https:\/\/fsivietnam.com.vn\/wp-content\/uploads\/2023\/03\/logo-doi-tac-19.png\" alt=\"logo-doi-tac-19\" style=\"width:119px\"\/><\/figure>\n<\/div>\n<\/div><\/div><\/div>\n<\/div>\n\n\n\n<div class=\"wp-block-column is-layout-flow wp-block-column-is-layout-flow\" style=\"flex-basis:25%\"><\/div>\n<\/div>\n<\/div><\/div>\n\n\n\n<div class=\"wp-block-columns container is-layout-flex wp-container-core-columns-is-layout-28f84493 wp-block-columns-is-layout-flex\">\n<div class=\"wp-block-column col-md-5 is-layout-flow wp-block-column-is-layout-flow\">\n<div style=\"height:55px\" aria-hidden=\"true\" class=\"wp-block-spacer\"><\/div>\n\n\n\n<h4 class=\"wp-block-heading animated fadeInLeft\"><strong>GI\u1ea2I PH\u00c1P THEO NG\u00c0NH<\/strong><\/h4>\n\n\n\n<p class=\"animated fadeInLeft\">V\u1edbi chuy\u00ean m\u00f4n c\u00f4ng ngh\u1ec7 h\u00e0ng \u0111\u1ea7u c\u00f9ng s\u1ef1 am hi\u1ec3u nghi\u1ec7p v\u1ee5 s\u00e2u s\u1eafc trong nhi\u1ec1u l\u0129nh v\u1ef1c, TDS cung c\u1ea5p t\u1edbi kh\u00e1ch h\u00e0ng nh\u1eefng gi\u1ea3i ph\u00e1p x\u1eed l\u00fd d\u1eef li\u1ec7u s\u1ed1 \u0111\u00e1p \u1ee9ng \u0111\u00fang \u0111\u1eb7c th\u00f9 c\u1ee7a ng\u00e0nh<\/p>\n<\/div>\n\n\n\n<div class=\"wp-block-column col-md-6 col-md-offset1 is-layout-flow wp-block-column-is-layout-flow\">\n<div style=\"height:55px\" aria-hidden=\"true\" class=\"wp-block-spacer\"><\/div>\n\n\n\n<figure class=\"wp-block-image size-full animated backInRight\"><img loading=\"lazy\" decoding=\"async\" width=\"991\" height=\"353\" src=\"https:\/\/tdstech.com.vn\/tdsvietnam\/wp-content\/uploads\/2026\/04\/about-content.png\" alt=\"\" class=\"wp-image-1405\"\/><\/figure>\n\n\n\n<p><\/p>\n<\/div>\n<\/div>\n\n\n\n<p><\/p>\n","protected":false},"excerpt":{"rendered":"<p>GI\u1ea2I PH\u00c1P THEO NG\u00c0NH V\u1edbi chuy\u00ean m\u00f4n c\u00f4ng ngh\u1ec7 h\u00e0ng \u0111\u1ea7u c\u00f9ng s\u1ef1 am hi\u1ec3u nghi\u1ec7p v\u1ee5 s\u00e2u s\u1eafc trong nhi\u1ec1u l\u0129nh v\u1ef1c, TDS cung c\u1ea5p t\u1edbi kh\u00e1ch h\u00e0ng nh\u1eefng gi\u1ea3i ph\u00e1p x\u1eed l\u00fd d\u1eef li\u1ec7u s\u1ed1 \u0111\u00e1p \u1ee9ng \u0111\u00fang \u0111\u1eb7c th\u00f9 c\u1ee7a ng\u00e0nh<\/p>\n","protected":false},"author":1,"featured_media":39,"parent":0,"menu_order":0,"comment_status":"closed","ping_status":"closed","template":"","meta":{"_themeisle_gutenberg_block_has_review":false,"footnotes":""},"class_list":["post-14","page","type-page","status-publish","has-post-thumbnail","hentry"],"rttpg_featured_image_url":{"full":["https:\/\/tdstech.com.vn\/tdsvietnam\/wp-content\/uploads\/2026\/04\/BG.jpg",2752,1536,false],"landscape":["https:\/\/tdstech.com.vn\/tdsvietnam\/wp-content\/uploads\/2026\/04\/BG.jpg",2752,1536,false],"portraits":["https:\/\/tdstech.com.vn\/tdsvietnam\/wp-content\/uploads\/2026\/04\/BG.jpg",2752,1536,false],"thumbnail":["https:\/\/tdstech.com.vn\/tdsvietnam\/wp-content\/uploads\/2026\/04\/BG.jpg",550,307,false],"medium":["https:\/\/tdstech.com.vn\/tdsvietnam\/wp-content\/uploads\/2026\/04\/BG.jpg",2752,1536,false],"large":["https:\/\/tdstech.com.vn\/tdsvietnam\/wp-content\/uploads\/2026\/04\/BG.jpg",750,419,false],"1536x1536":["https:\/\/tdstech.com.vn\/tdsvietnam\/wp-content\/uploads\/2026\/04\/BG.jpg",1536,857,false],"2048x2048":["https:\/\/tdstech.com.vn\/tdsvietnam\/wp-content\/uploads\/2026\/04\/BG.jpg",2048,1143,false],"hestia-blog":["https:\/\/tdstech.com.vn\/tdsvietnam\/wp-content\/uploads\/2026\/04\/BG.jpg",360,201,false]},"rttpg_author":{"display_name":"tdsvietnam","author_link":"https:\/\/tdstech.com.vn\/tdsvietnam\/author\/tdsvietnam\/"},"rttpg_comment":0,"rttpg_category":null,"rttpg_excerpt":"GI\u1ea2I PH\u00c1P THEO NG\u00c0NH V\u1edbi chuy\u00ean m\u00f4n c\u00f4ng ngh\u1ec7 h\u00e0ng \u0111\u1ea7u c\u00f9ng s\u1ef1 am hi\u1ec3u nghi\u1ec7p v\u1ee5 s\u00e2u s\u1eafc trong nhi\u1ec1u l\u0129nh v\u1ef1c, TDS cung c\u1ea5p t\u1edbi kh\u00e1ch h\u00e0ng nh\u1eefng gi\u1ea3i ph\u00e1p x\u1eed l\u00fd d\u1eef li\u1ec7u s\u1ed1 \u0111\u00e1p \u1ee9ng \u0111\u00fang \u0111\u1eb7c th\u00f9 c\u1ee7a ng\u00e0nh","_links":{"self":[{"href":"https:\/\/tdstech.com.vn\/tdsvietnam\/wp-json\/wp\/v2\/pages\/14","targetHints":{"allow":["GET"]}}],"collection":[{"href":"https:\/\/tdstech.com.vn\/tdsvietnam\/wp-json\/wp\/v2\/pages"}],"about":[{"href":"https:\/\/tdstech.com.vn\/tdsvietnam\/wp-json\/wp\/v2\/types\/page"}],"author":[{"embeddable":true,"href":"https:\/\/tdstech.com.vn\/tdsvietnam\/wp-json\/wp\/v2\/users\/1"}],"replies":[{"embeddable":true,"href":"https:\/\/tdstech.com.vn\/tdsvietnam\/wp-json\/wp\/v2\/comments?post=14"}],"version-history":[{"count":260,"href":"https:\/\/tdstech.com.vn\/tdsvietnam\/wp-json\/wp\/v2\/pages\/14\/revisions"}],"predecessor-version":[{"id":3053,"href":"https:\/\/tdstech.com.vn\/tdsvietnam\/wp-json\/wp\/v2\/pages\/14\/revisions\/3053"}],"wp:featuredmedia":[{"embeddable":true,"href":"https:\/\/tdstech.com.vn\/tdsvietnam\/wp-json\/wp\/v2\/media\/39"}],"wp:attachment":[{"href":"https:\/\/tdstech.com.vn\/tdsvietnam\/wp-json\/wp\/v2\/media?parent=14"}],"curies":[{"name":"wp","href":"https:\/\/api.w.org\/{rel}","templated":true}]}}